{"id":11237,"date":"2024-02-22T17:35:23","date_gmt":"2024-02-22T15:35:23","guid":{"rendered":"https:\/\/englishcoachonline.com\/?page_id=11237"},"modified":"2025-02-17T14:45:55","modified_gmt":"2025-02-17T12:45:55","slug":"kurs-wymowy-brytyjskiej-online","status":"publish","type":"page","link":"https:\/\/englishcoachonline.com\/pl\/zajecia\/kurs-wymowy-brytyjskiej-online\/","title":{"rendered":"Kurs wymowy j\u0119zyka angielskiego (brytyjskiego)"},"content":{"rendered":"<div class=\"wpb-content-wrapper\">[vc_row css=&#8221;.vc_custom_1708615481400{margin-bottom: 48px !important;}&#8221;][vc_column][vc_custom_heading text=&#8221;Kurs wymowy j\u0119zyka angielskiego (brytyjskiego)&#8221; font_container=&#8221;tag:h1|text_align:center&#8221; use_theme_fonts=&#8221;yes&#8221;][\/vc_column][\/vc_row][vc_row css=&#8221;.vc_custom_1708615506132{margin-bottom: 32px !important;}&#8221;][vc_column width=&#8221;1\/6&#8243;][\/vc_column][vc_column width=&#8221;2\/3&#8243;][vc_column_text css=&#8221;.vc_custom_1739796350505{margin-bottom: 0px !important;}&#8221;]Ten kurs wymowy j\u0119zyka brytyjskiego prowadzony jest przez samego Steve&#8217;a. Pochodz\u0105cy z Northamptonshire w \u015brodkowej Anglii, Steve m\u00f3wi z bardzo prostym i \u0142atwym do zrozumienia akcentem.<\/p>\n<p>Ka\u017cdy wyk\u0142ad koncentruje si\u0119 na dw\u00f3ch lub trzech d\u017awi\u0119kach, pojedynczym aspekcie fonologii, takim jak mowa \u0142\u0105czona, lub na bardziej og\u00f3lnym zagadnieniu, takim jak zmiany w wymowie, kt\u00f3re zachodz\u0105 w szybkiej mowie w por\u00f3wnaniu z wolniejsz\u0105, bardziej przemy\u015blan\u0105 mow\u0105.[\/vc_column_text][\/vc_column][vc_column width=&#8221;1\/6&#8243;][\/vc_column][\/vc_row][vc_row css=&#8221;.vc_custom_1708615506132{margin-bottom: 32px !important;}&#8221;][vc_column width=&#8221;1\/6&#8243;][\/vc_column][vc_column width=&#8221;2\/3&#8243;][vc_custom_heading text=&#8221;<strong>Jakie s\u0105 cechy charakterystyczne mojego kursu wymowy j\u0119zyka angielskiego brytyjskiego?<\/strong>&#8221; use_theme_fonts=&#8221;yes&#8221;][vc_column_text css=&#8221;.vc_custom_1708616033843{margin-bottom: 0px !important;}&#8221;]\n<ul>\n<li>Mniej teorii, wi\u0119cej praktyki<\/li>\n<li>Udost\u0119pnione pliki audio &#8211; mo\u017cesz \u0107wiczy\u0107 w domu<\/li>\n<li>Komentarz zwrotny od Steve\u2019a do TWOICH nagra\u0144 g\u0142osowych<\/li>\n<li>Wskaz\u00f3wki, m\u00f3wi\u0107 i brzmie\u0107 jak \u201cnative speaker\u201d<\/li>\n<li>Pliki PDF do ka\u017cdego wyk\u0142adu<\/li>\n<\/ul>\n[\/vc_column_text][\/vc_column][vc_column width=&#8221;1\/6&#8243;][\/vc_column][\/vc_row][vc_row css=&#8221;.vc_custom_1708615506132{margin-bottom: 32px !important;}&#8221;][vc_column width=&#8221;1\/6&#8243;][\/vc_column][vc_column width=&#8221;2\/3&#8243;][vc_custom_heading text=&#8221;<strong>Jaki jest zakres materia\u0142u kursu wymowy j\u0119zyka angielskiego brytyjskiego?<\/strong>&#8221; use_theme_fonts=&#8221;yes&#8221;][vc_column_text css=&#8221;.vc_custom_1708616102454{margin-bottom: 0px !important;}&#8221;]\n<ul>\n<li>Homografy<\/li>\n<li>Heteronomy<\/li>\n<li>Homofony<\/li>\n<li>Wymowa w wolnej i szybkiej mowie<\/li>\n<li>Typowe b\u0142\u0119dy w wymowie<\/li>\n<li>Artykulacja samog\u0142osek<\/li>\n<li>Dyftongi (ang. \u201cDiphthongs\u201d)<\/li>\n<li>D\u017awi\u0119k Schwa<\/li>\n<li>S\u0142abe i mocne formy s\u0142\u00f3w gramatycznych<\/li>\n<li>Formy wyraz\u00f3w \u0142\u0105czonych w wymowie (ang. \u201cContracted forms\u201d)<\/li>\n<li>Artykulacja sp\u00f3\u0142g\u0142osek i zbitek sp\u00f3\u0142g\u0142osek<\/li>\n<li>Wymowa i pisownia<\/li>\n<li>Intonacja<\/li>\n<li>Akcent s\u0142owny (ang. \u201cWord stress\u201d)<\/li>\n<li>Akcent w zdaniu (ang. \u201cSentence stress\u201d)<\/li>\n<li>Aspekty mowy \u0142\u0105czonej (ang. \u201cConnected speech\u201d)<\/li>\n<li>S\u0142owa trudne do wym\u00f3wienia w j\u0119zyku angielskim<\/li>\n<\/ul>\n[\/vc_column_text][mk_button dimension=&#8221;two&#8221; corner_style=&#8221;full_rounded&#8221; size=&#8221;medium&#8221; url=&#8221;https:\/\/englishcoachonline.com\/pl\/zapisz-sie\/&#8221; margin_top=&#8221;20&#8243; margin_bottom=&#8221;0&#8243; el_class=&#8221;button&#8211;grey-gradient&#8221; bg_color=&#8221;#555555&#8243;]BEZP\u0141ATNA KONSULTACJA[\/mk_button][\/vc_column][vc_column width=&#8221;1\/6&#8243;][\/vc_column][\/vc_row]\n<\/div>","protected":false},"excerpt":{"rendered":"<p>[vc_row css=&#8221;.vc_custom_1708615481400{margin-bottom: 48px !important;}&#8221;][vc_column][vc_custom_heading text=&#8221;Kurs wymowy j\u0119zyka angielskiego (brytyjskiego)&#8221; font_container=&#8221;tag:h1|text_align:center&#8221; use_theme_fonts=&#8221;yes&#8221;][\/vc_column][\/vc_row][vc_row css=&#8221;.vc_custom_1708615506132{margin-bottom: 32px !important;}&#8221;][vc_column width=&#8221;1\/6&#8243;][\/vc_column][vc_column width=&#8221;2\/3&#8243;][vc_column_text css=&#8221;.vc_custom_1739796350505{margin-bottom: 0px !important;}&#8221;]Ten kurs wymowy j\u0119zyka brytyjskiego prowadzony jest przez samego Steve&#8217;a. Pochodz\u0105cy z Northamptonshire w \u015brodkowej Anglii, Steve m\u00f3wi z bardzo prostym i \u0142atwym do zrozumienia akcentem. Ka\u017cdy wyk\u0142ad koncentruje si\u0119 na dw\u00f3ch lub trzech d\u017awi\u0119kach, pojedynczym aspekcie [&hellip;]<\/p>\n","protected":false},"author":1,"featured_media":11235,"parent":896,"menu_order":0,"comment_status":"closed","ping_status":"closed","template":"","meta":{"footnotes":""},"class_list":["post-11237","page","type-page","status-publish","has-post-thumbnail","hentry"],"yoast_head":"<!-- This site is optimized with the Yoast SEO plugin v27.4 - https:\/\/yoast.com\/product\/yoast-seo-wordpress\/ -->\n<title>Kurs wymowy j\u0119zyka angielskiego | Wymowa Brytyjska<\/title>\n<meta name=\"description\" content=\"Kurs wymowy j\u0119zyka angielskiego (brytyjskiego) online. Jak nauczy\u0107 si\u0119 brytyjskiego akcentu? Trener wymowy z Anglii.\" \/>\n<meta name=\"robots\" content=\"index, follow, max-snippet:-1, max-image-preview:large, max-video-preview:-1\" \/>\n<link rel=\"canonical\" href=\"https:\/\/englishcoachonline.com\/pl\/zajecia\/kurs-wymowy-brytyjskiej-online\/\" \/>\n<meta property=\"og:locale\" content=\"pl_PL\" \/>\n<meta property=\"og:type\" content=\"article\" \/>\n<meta property=\"og:title\" content=\"Kurs wymowy j\u0119zyka angielskiego | Wymowa Brytyjska\" \/>\n<meta property=\"og:description\" content=\"Kurs wymowy j\u0119zyka angielskiego (brytyjskiego) online. Jak nauczy\u0107 si\u0119 brytyjskiego akcentu? Trener wymowy z Anglii.\" \/>\n<meta property=\"og:url\" content=\"https:\/\/englishcoachonline.com\/pl\/zajecia\/kurs-wymowy-brytyjskiej-online\/\" \/>\n<meta property=\"og:site_name\" content=\"English Coach Online\" \/>\n<meta property=\"article:publisher\" content=\"https:\/\/www.facebook.com\/pelcenglishcoach\/\" \/>\n<meta property=\"article:modified_time\" content=\"2025-02-17T12:45:55+00:00\" \/>\n<meta property=\"og:image\" content=\"https:\/\/englishcoachonline.com\/wp-content\/uploads\/2024\/02\/british-english-pronunciation-course.jpg\" \/>\n\t<meta property=\"og:image:width\" content=\"1280\" \/>\n\t<meta property=\"og:image:height\" content=\"853\" \/>\n\t<meta property=\"og:image:type\" content=\"image\/jpeg\" \/>\n<meta name=\"twitter:card\" content=\"summary_large_image\" \/>\n<meta name=\"twitter:site\" content=\"@ELTblogger\" \/>\n<meta name=\"twitter:label1\" content=\"Szacowany czas czytania\" \/>\n\t<meta name=\"twitter:data1\" content=\"2 minuty\" \/>\n<script type=\"application\/ld+json\" class=\"yoast-schema-graph\">{\"@context\":\"https:\\\/\\\/schema.org\",\"@graph\":[{\"@type\":\"WebPage\",\"@id\":\"https:\\\/\\\/englishcoachonline.com\\\/pl\\\/zajecia\\\/kurs-wymowy-brytyjskiej-online\\\/\",\"url\":\"https:\\\/\\\/englishcoachonline.com\\\/pl\\\/zajecia\\\/kurs-wymowy-brytyjskiej-online\\\/\",\"name\":\"Kurs wymowy j\u0119zyka angielskiego | Wymowa Brytyjska\",\"isPartOf\":{\"@id\":\"https:\\\/\\\/englishcoachonline.com\\\/#website\"},\"primaryImageOfPage\":{\"@id\":\"https:\\\/\\\/englishcoachonline.com\\\/pl\\\/zajecia\\\/kurs-wymowy-brytyjskiej-online\\\/#primaryimage\"},\"image\":{\"@id\":\"https:\\\/\\\/englishcoachonline.com\\\/pl\\\/zajecia\\\/kurs-wymowy-brytyjskiej-online\\\/#primaryimage\"},\"thumbnailUrl\":\"https:\\\/\\\/englishcoachonline.com\\\/wp-content\\\/uploads\\\/2024\\\/02\\\/british-english-pronunciation-course.jpg\",\"datePublished\":\"2024-02-22T15:35:23+00:00\",\"dateModified\":\"2025-02-17T12:45:55+00:00\",\"description\":\"Kurs wymowy j\u0119zyka angielskiego (brytyjskiego) online. Jak nauczy\u0107 si\u0119 brytyjskiego akcentu? Trener wymowy z Anglii.\",\"breadcrumb\":{\"@id\":\"https:\\\/\\\/englishcoachonline.com\\\/pl\\\/zajecia\\\/kurs-wymowy-brytyjskiej-online\\\/#breadcrumb\"},\"inLanguage\":\"pl-PL\",\"potentialAction\":[{\"@type\":\"ReadAction\",\"target\":[\"https:\\\/\\\/englishcoachonline.com\\\/pl\\\/zajecia\\\/kurs-wymowy-brytyjskiej-online\\\/\"]}]},{\"@type\":\"ImageObject\",\"inLanguage\":\"pl-PL\",\"@id\":\"https:\\\/\\\/englishcoachonline.com\\\/pl\\\/zajecia\\\/kurs-wymowy-brytyjskiej-online\\\/#primaryimage\",\"url\":\"https:\\\/\\\/englishcoachonline.com\\\/wp-content\\\/uploads\\\/2024\\\/02\\\/british-english-pronunciation-course.jpg\",\"contentUrl\":\"https:\\\/\\\/englishcoachonline.com\\\/wp-content\\\/uploads\\\/2024\\\/02\\\/british-english-pronunciation-course.jpg\",\"width\":1280,\"height\":853,\"caption\":\"British English Pronunciation Course\"},{\"@type\":\"BreadcrumbList\",\"@id\":\"https:\\\/\\\/englishcoachonline.com\\\/pl\\\/zajecia\\\/kurs-wymowy-brytyjskiej-online\\\/#breadcrumb\",\"itemListElement\":[{\"@type\":\"ListItem\",\"position\":1,\"name\":\"Home\",\"item\":\"https:\\\/\\\/englishcoachonline.com\\\/pl\\\/\"},{\"@type\":\"ListItem\",\"position\":2,\"name\":\"Zaj\u0119cia\",\"item\":\"https:\\\/\\\/englishcoachonline.com\\\/pl\\\/zajecia\\\/\"},{\"@type\":\"ListItem\",\"position\":3,\"name\":\"Kurs wymowy j\u0119zyka angielskiego (brytyjskiego)\"}]},{\"@type\":\"WebSite\",\"@id\":\"https:\\\/\\\/englishcoachonline.com\\\/#website\",\"url\":\"https:\\\/\\\/englishcoachonline.com\\\/\",\"name\":\"English Coach Online\",\"description\":\"Personalised online English lessons\",\"publisher\":{\"@id\":\"https:\\\/\\\/englishcoachonline.com\\\/#organization\"},\"potentialAction\":[{\"@type\":\"SearchAction\",\"target\":{\"@type\":\"EntryPoint\",\"urlTemplate\":\"https:\\\/\\\/englishcoachonline.com\\\/?s={search_term_string}\"},\"query-input\":{\"@type\":\"PropertyValueSpecification\",\"valueRequired\":true,\"valueName\":\"search_term_string\"}}],\"inLanguage\":\"pl-PL\"},{\"@type\":\"Organization\",\"@id\":\"https:\\\/\\\/englishcoachonline.com\\\/#organization\",\"name\":\"Personalised English Language Courses (PELC)\",\"url\":\"https:\\\/\\\/englishcoachonline.com\\\/\",\"logo\":{\"@type\":\"ImageObject\",\"inLanguage\":\"pl-PL\",\"@id\":\"https:\\\/\\\/englishcoachonline.com\\\/#\\\/schema\\\/logo\\\/image\\\/\",\"url\":\"https:\\\/\\\/englishcoachonline.com\\\/wp-content\\\/uploads\\\/2020\\\/01\\\/pelc-scaled-e1579541418776.jpg\",\"contentUrl\":\"https:\\\/\\\/englishcoachonline.com\\\/wp-content\\\/uploads\\\/2020\\\/01\\\/pelc-scaled-e1579541418776.jpg\",\"width\":1811,\"height\":672,\"caption\":\"Personalised English Language Courses (PELC)\"},\"image\":{\"@id\":\"https:\\\/\\\/englishcoachonline.com\\\/#\\\/schema\\\/logo\\\/image\\\/\"},\"sameAs\":[\"https:\\\/\\\/www.facebook.com\\\/pelcenglishcoach\\\/\",\"https:\\\/\\\/x.com\\\/ELTblogger\",\"https:\\\/\\\/www.linkedin.com\\\/in\\\/steve-komi\\\/\",\"https:\\\/\\\/www.youtube.com\\\/channel\\\/UCFst92augT1KENATnLznlQQ\\\/videos?view_as=subscriber\"]}]}<\/script>\n<!-- \/ Yoast SEO plugin. -->","yoast_head_json":{"title":"Kurs wymowy j\u0119zyka angielskiego | Wymowa Brytyjska","description":"Kurs wymowy j\u0119zyka angielskiego (brytyjskiego) online. Jak nauczy\u0107 si\u0119 brytyjskiego akcentu? Trener wymowy z Anglii.","robots":{"index":"index","follow":"follow","max-snippet":"max-snippet:-1","max-image-preview":"max-image-preview:large","max-video-preview":"max-video-preview:-1"},"canonical":"https:\/\/englishcoachonline.com\/pl\/zajecia\/kurs-wymowy-brytyjskiej-online\/","og_locale":"pl_PL","og_type":"article","og_title":"Kurs wymowy j\u0119zyka angielskiego | Wymowa Brytyjska","og_description":"Kurs wymowy j\u0119zyka angielskiego (brytyjskiego) online. Jak nauczy\u0107 si\u0119 brytyjskiego akcentu? Trener wymowy z Anglii.","og_url":"https:\/\/englishcoachonline.com\/pl\/zajecia\/kurs-wymowy-brytyjskiej-online\/","og_site_name":"English Coach Online","article_publisher":"https:\/\/www.facebook.com\/pelcenglishcoach\/","article_modified_time":"2025-02-17T12:45:55+00:00","og_image":[{"width":1280,"height":853,"url":"https:\/\/englishcoachonline.com\/wp-content\/uploads\/2024\/02\/british-english-pronunciation-course.jpg","type":"image\/jpeg"}],"twitter_card":"summary_large_image","twitter_site":"@ELTblogger","twitter_misc":{"Szacowany czas czytania":"2 minuty"},"schema":{"@context":"https:\/\/schema.org","@graph":[{"@type":"WebPage","@id":"https:\/\/englishcoachonline.com\/pl\/zajecia\/kurs-wymowy-brytyjskiej-online\/","url":"https:\/\/englishcoachonline.com\/pl\/zajecia\/kurs-wymowy-brytyjskiej-online\/","name":"Kurs wymowy j\u0119zyka angielskiego | Wymowa Brytyjska","isPartOf":{"@id":"https:\/\/englishcoachonline.com\/#website"},"primaryImageOfPage":{"@id":"https:\/\/englishcoachonline.com\/pl\/zajecia\/kurs-wymowy-brytyjskiej-online\/#primaryimage"},"image":{"@id":"https:\/\/englishcoachonline.com\/pl\/zajecia\/kurs-wymowy-brytyjskiej-online\/#primaryimage"},"thumbnailUrl":"https:\/\/englishcoachonline.com\/wp-content\/uploads\/2024\/02\/british-english-pronunciation-course.jpg","datePublished":"2024-02-22T15:35:23+00:00","dateModified":"2025-02-17T12:45:55+00:00","description":"Kurs wymowy j\u0119zyka angielskiego (brytyjskiego) online. Jak nauczy\u0107 si\u0119 brytyjskiego akcentu? Trener wymowy z Anglii.","breadcrumb":{"@id":"https:\/\/englishcoachonline.com\/pl\/zajecia\/kurs-wymowy-brytyjskiej-online\/#breadcrumb"},"inLanguage":"pl-PL","potentialAction":[{"@type":"ReadAction","target":["https:\/\/englishcoachonline.com\/pl\/zajecia\/kurs-wymowy-brytyjskiej-online\/"]}]},{"@type":"ImageObject","inLanguage":"pl-PL","@id":"https:\/\/englishcoachonline.com\/pl\/zajecia\/kurs-wymowy-brytyjskiej-online\/#primaryimage","url":"https:\/\/englishcoachonline.com\/wp-content\/uploads\/2024\/02\/british-english-pronunciation-course.jpg","contentUrl":"https:\/\/englishcoachonline.com\/wp-content\/uploads\/2024\/02\/british-english-pronunciation-course.jpg","width":1280,"height":853,"caption":"British English Pronunciation Course"},{"@type":"BreadcrumbList","@id":"https:\/\/englishcoachonline.com\/pl\/zajecia\/kurs-wymowy-brytyjskiej-online\/#breadcrumb","itemListElement":[{"@type":"ListItem","position":1,"name":"Home","item":"https:\/\/englishcoachonline.com\/pl\/"},{"@type":"ListItem","position":2,"name":"Zaj\u0119cia","item":"https:\/\/englishcoachonline.com\/pl\/zajecia\/"},{"@type":"ListItem","position":3,"name":"Kurs wymowy j\u0119zyka angielskiego (brytyjskiego)"}]},{"@type":"WebSite","@id":"https:\/\/englishcoachonline.com\/#website","url":"https:\/\/englishcoachonline.com\/","name":"English Coach Online","description":"Personalised online English lessons","publisher":{"@id":"https:\/\/englishcoachonline.com\/#organization"},"potentialAction":[{"@type":"SearchAction","target":{"@type":"EntryPoint","urlTemplate":"https:\/\/englishcoachonline.com\/?s={search_term_string}"},"query-input":{"@type":"PropertyValueSpecification","valueRequired":true,"valueName":"search_term_string"}}],"inLanguage":"pl-PL"},{"@type":"Organization","@id":"https:\/\/englishcoachonline.com\/#organization","name":"Personalised English Language Courses (PELC)","url":"https:\/\/englishcoachonline.com\/","logo":{"@type":"ImageObject","inLanguage":"pl-PL","@id":"https:\/\/englishcoachonline.com\/#\/schema\/logo\/image\/","url":"https:\/\/englishcoachonline.com\/wp-content\/uploads\/2020\/01\/pelc-scaled-e1579541418776.jpg","contentUrl":"https:\/\/englishcoachonline.com\/wp-content\/uploads\/2020\/01\/pelc-scaled-e1579541418776.jpg","width":1811,"height":672,"caption":"Personalised English Language Courses (PELC)"},"image":{"@id":"https:\/\/englishcoachonline.com\/#\/schema\/logo\/image\/"},"sameAs":["https:\/\/www.facebook.com\/pelcenglishcoach\/","https:\/\/x.com\/ELTblogger","https:\/\/www.linkedin.com\/in\/steve-komi\/","https:\/\/www.youtube.com\/channel\/UCFst92augT1KENATnLznlQQ\/videos?view_as=subscriber"]}]}},"_links":{"self":[{"href":"https:\/\/englishcoachonline.com\/pl\/wp-json\/wp\/v2\/pages\/11237","targetHints":{"allow":["GET"]}}],"collection":[{"href":"https:\/\/englishcoachonline.com\/pl\/wp-json\/wp\/v2\/pages"}],"about":[{"href":"https:\/\/englishcoachonline.com\/pl\/wp-json\/wp\/v2\/types\/page"}],"author":[{"embeddable":true,"href":"https:\/\/englishcoachonline.com\/pl\/wp-json\/wp\/v2\/users\/1"}],"replies":[{"embeddable":true,"href":"https:\/\/englishcoachonline.com\/pl\/wp-json\/wp\/v2\/comments?post=11237"}],"version-history":[{"count":7,"href":"https:\/\/englishcoachonline.com\/pl\/wp-json\/wp\/v2\/pages\/11237\/revisions"}],"predecessor-version":[{"id":11814,"href":"https:\/\/englishcoachonline.com\/pl\/wp-json\/wp\/v2\/pages\/11237\/revisions\/11814"}],"up":[{"embeddable":true,"href":"https:\/\/englishcoachonline.com\/pl\/wp-json\/wp\/v2\/pages\/896"}],"wp:featuredmedia":[{"embeddable":true,"href":"https:\/\/englishcoachonline.com\/pl\/wp-json\/wp\/v2\/media\/11235"}],"wp:attachment":[{"href":"https:\/\/englishcoachonline.com\/pl\/wp-json\/wp\/v2\/media?parent=11237"}],"curies":[{"name":"wp","href":"https:\/\/api.w.org\/{rel}","templated":true}]}}