{"id":11594,"date":"2024-12-18T17:10:31","date_gmt":"2024-12-18T15:10:31","guid":{"rendered":"https:\/\/englishcoachonline.com\/?page_id=11594"},"modified":"2025-04-25T17:34:44","modified_gmt":"2025-04-25T15:34:44","slug":"kursy-jezyka-angielskiego-w-firmach","status":"publish","type":"page","link":"https:\/\/englishcoachonline.com\/pl\/kursy-jezyka-angielskiego-w-firmach\/","title":{"rendered":"Kursy j\u0119zyka angielskiego w firmach dla mened\u017cer\u00f3w i pracownik\u00f3w"},"content":{"rendered":"[mk_page_section bg_color=&#8221;#ffffff&#8221; padding_top=&#8221;80&#8243; padding_bottom=&#8221;80&#8243; top_shape_color=&#8221;#ffffff&#8221; bottom_shape_color=&#8221;#ffffff&#8221; sidebar=&#8221;sidebar-1&#8243;][vc_column width=&#8221;1\/6&#8243;][\/vc_column][vc_column width=&#8221;2\/3&#8243;][vc_column_text margin_bottom=&#8221;50&#8243; css=&#8221;.vc_custom_1734370938481{margin-bottom: 50px !important;}&#8221;]\n<h1><strong>W Warszawie i \u0141odzi kursy j\u0119zyka angielskiego w firmach<br \/>\ndla mened\u017cer\u00f3w i pracownik\u00f3w<\/strong><\/h1>\n[\/vc_column_text][vc_column_text css=&#8221;.vc_custom_1734370972565{margin-bottom: 0px !important;}&#8221;]Polscy mened\u017cerowie, a tak\u017ce pracownicy du\u017cych firm oraz ma\u0142ych i \u015brednich przedsi\u0119biorstw w Warszawie i \u0141odzi mog\u0105 skorzysta\u0107 z prowadzonych przeze mnie kurs\u00f3w z nast\u0119puj\u0105cych powod\u00f3w:[\/vc_column_text][vc_column_text margin_bottom=&#8221;20&#8243; css=&#8221;.vc_custom_1734535759048{margin-bottom: 0px !important;}&#8221;]\n<ol>\n<li><strong>Native speaker z Wielkiej Brytanii z magisterium w dziedzinie nauczania j\u0119zyka angielskiego<\/strong> \u2013 Posiadam tytu\u0142 magistra w zakresie nauczania j\u0119zyka angielskiego. Zdoby\u0142em tak\u017ce specjalistyczn\u0105 wiedz\u0119 dotycz\u0105c\u0105 technik rozwijania p\u0142ynno\u015bci oraz nauki kolokacji i zwrot\u00f3w;<\/li>\n<li><strong>Znajomo\u015b\u0107 Business English<\/strong> \u2013 Biznesowego j\u0119zyka angielskiego ucz\u0119 od 2006 roku;<\/li>\n<li><strong>Bogactwo materia\u0142\u00f3w<\/strong> \u2013 Dysponuj\u0119 1000 artyku\u0142\u00f3w i materia\u0142\u00f3w wideo, z kt\u00f3rych wiele jest odpowiednich dla os\u00f3b pracuj\u0105cych w \u015brodowisku biznesowym. Znaczna cz\u0119\u015b\u0107 materia\u0142\u00f3w pisemnych, z kt\u00f3rych korzystam,jest dost\u0119pna tak\u017ce w wersji audio i zosta\u0142a przeanalizowana pod k\u0105tem ich warto\u015bci leksykalnej. W zale\u017cno\u015bci od potrzeb klienta mog\u0119 zaprojektowa\u0107 kurs oparty na podr\u0119czniku, a dla urozmaicenia wzbogaci\u0107 go w\u0142asnymi materia\u0142ami;<\/li>\n<li><strong>Strategie nauki j\u0119zyka<\/strong> \u2013 Pomagam moim uczniom rozwija\u0107 techniki<br \/>\nzwi\u0119kszaj\u0105ce skuteczno\u015b\u0107 nauki, dzi\u0119ki czemu pos\u0142uguj\u0105 si\u0119 j\u0119zykiem angielskim z wi\u0119ksz\u0105 pewno\u015bci\u0105 siebie i swobod\u0105;<\/li>\n<li><strong>Budowanie pewno\u015bci siebie u uczni\u00f3w<\/strong> \u2013 Jednym z moich najwi\u0119kszych atut\u00f3w jest umiej\u0119tno\u015b\u0107 dodawania innym pewno\u015bci siebie. Osi\u0105gam to, poniewa\u017c koncentruj\u0119 si\u0119 na zainteresowaniach i rolach zawodowych uczni\u00f3w, co pozwala im si\u0119 otworzy\u0107 i m\u00f3wi\u0107 bez zahamowa\u0144.<\/li>\n<\/ol>\n[\/vc_column_text][mk_button dimension=&#8221;two&#8221; corner_style=&#8221;full_rounded&#8221; size=&#8221;medium&#8221; url=&#8221;https:\/\/englishcoachonline.com\/pl\/zapisz-sie\/&#8221; margin_top=&#8221;20&#8243; margin_bottom=&#8221;0&#8243; el_class=&#8221;button&#8211;grey-gradient&#8221; bg_color=&#8221;#555555&#8243;]BEZP\u0141ATNA KONSULTACJA[\/mk_button][\/vc_column][vc_column width=&#8221;1\/6&#8243;][\/vc_column][\/mk_page_section]\n","protected":false},"excerpt":{"rendered":"<p>[mk_page_section bg_color=&#8221;#ffffff&#8221; padding_top=&#8221;80&#8243; padding_bottom=&#8221;80&#8243; top_shape_color=&#8221;#ffffff&#8221; bottom_shape_color=&#8221;#ffffff&#8221; sidebar=&#8221;sidebar-1&#8243;][vc_column width=&#8221;1\/6&#8243;][\/vc_column][vc_column width=&#8221;2\/3&#8243;][vc_column_text margin_bottom=&#8221;50&#8243; css=&#8221;.vc_custom_1734370938481{margin-bottom: 50px !important;}&#8221;] W Warszawie i \u0141odzi kursy j\u0119zyka angielskiego w firmach dla mened\u017cer\u00f3w i pracownik\u00f3w [\/vc_column_text][vc_column_text css=&#8221;.vc_custom_1734370972565{margin-bottom: 0px !important;}&#8221;]Polscy mened\u017cerowie, a tak\u017ce pracownicy du\u017cych firm oraz ma\u0142ych i \u015brednich przedsi\u0119biorstw w Warszawie i \u0141odzi mog\u0105 skorzysta\u0107 z prowadzonych przeze mnie kurs\u00f3w z nast\u0119puj\u0105cych powod\u00f3w:[\/vc_column_text][vc_column_text [&hellip;]<\/p>\n","protected":false},"author":1,"featured_media":0,"parent":0,"menu_order":0,"comment_status":"closed","ping_status":"closed","template":"","meta":{"footnotes":""},"class_list":["post-11594","page","type-page","status-publish","hentry"],"yoast_head":"<!-- This site is optimized with the Yoast SEO plugin v27.4 - https:\/\/yoast.com\/product\/yoast-seo-wordpress\/ -->\n<title>Kursy j\u0119zyka angielskiego w firmach z Nativem z Anglii<\/title>\n<meta name=\"description\" content=\"Kursy j\u0119zyka angielskiego w firmach z do\u015bwiadczonym Nativem z Anglii. Kursy w Warszawie i w \u0141odzi.\" \/>\n<meta name=\"robots\" content=\"index, follow, max-snippet:-1, max-image-preview:large, max-video-preview:-1\" \/>\n<link rel=\"canonical\" href=\"https:\/\/englishcoachonline.com\/pl\/kursy-jezyka-angielskiego-w-firmach\/\" \/>\n<meta property=\"og:locale\" content=\"pl_PL\" \/>\n<meta property=\"og:type\" content=\"article\" \/>\n<meta property=\"og:title\" content=\"Kursy j\u0119zyka angielskiego w firmach z Nativem z Anglii\" \/>\n<meta property=\"og:description\" content=\"Kursy j\u0119zyka angielskiego w firmach z do\u015bwiadczonym Nativem z Anglii. Kursy w Warszawie i w \u0141odzi.\" \/>\n<meta property=\"og:url\" content=\"https:\/\/englishcoachonline.com\/pl\/kursy-jezyka-angielskiego-w-firmach\/\" \/>\n<meta property=\"og:site_name\" content=\"English Coach Online\" \/>\n<meta property=\"article:publisher\" content=\"https:\/\/www.facebook.com\/pelcenglishcoach\/\" \/>\n<meta property=\"article:modified_time\" content=\"2025-04-25T15:34:44+00:00\" \/>\n<meta property=\"og:image\" content=\"https:\/\/englishcoachonline.com\/wp-content\/uploads\/2017\/12\/steve-kraj-english-skype-lessons-teacher-online-4.jpg\" \/>\n\t<meta property=\"og:image:width\" content=\"1200\" \/>\n\t<meta property=\"og:image:height\" content=\"628\" \/>\n\t<meta property=\"og:image:type\" content=\"image\/jpeg\" \/>\n<meta name=\"twitter:card\" content=\"summary_large_image\" \/>\n<meta name=\"twitter:site\" content=\"@ELTblogger\" \/>\n<meta name=\"twitter:label1\" content=\"Szacowany czas czytania\" \/>\n\t<meta name=\"twitter:data1\" content=\"2 minuty\" \/>\n<script type=\"application\/ld+json\" class=\"yoast-schema-graph\">{\"@context\":\"https:\\\/\\\/schema.org\",\"@graph\":[{\"@type\":\"WebPage\",\"@id\":\"https:\\\/\\\/englishcoachonline.com\\\/pl\\\/kursy-jezyka-angielskiego-w-firmach\\\/\",\"url\":\"https:\\\/\\\/englishcoachonline.com\\\/pl\\\/kursy-jezyka-angielskiego-w-firmach\\\/\",\"name\":\"Kursy j\u0119zyka angielskiego w firmach z Nativem z Anglii\",\"isPartOf\":{\"@id\":\"https:\\\/\\\/englishcoachonline.com\\\/#website\"},\"datePublished\":\"2024-12-18T15:10:31+00:00\",\"dateModified\":\"2025-04-25T15:34:44+00:00\",\"description\":\"Kursy j\u0119zyka angielskiego w firmach z do\u015bwiadczonym Nativem z Anglii. Kursy w Warszawie i w \u0141odzi.\",\"breadcrumb\":{\"@id\":\"https:\\\/\\\/englishcoachonline.com\\\/pl\\\/kursy-jezyka-angielskiego-w-firmach\\\/#breadcrumb\"},\"inLanguage\":\"pl-PL\",\"potentialAction\":[{\"@type\":\"ReadAction\",\"target\":[\"https:\\\/\\\/englishcoachonline.com\\\/pl\\\/kursy-jezyka-angielskiego-w-firmach\\\/\"]}]},{\"@type\":\"BreadcrumbList\",\"@id\":\"https:\\\/\\\/englishcoachonline.com\\\/pl\\\/kursy-jezyka-angielskiego-w-firmach\\\/#breadcrumb\",\"itemListElement\":[{\"@type\":\"ListItem\",\"position\":1,\"name\":\"Home\",\"item\":\"https:\\\/\\\/englishcoachonline.com\\\/pl\\\/\"},{\"@type\":\"ListItem\",\"position\":2,\"name\":\"Kursy j\u0119zyka angielskiego w firmach dla mened\u017cer\u00f3w i pracownik\u00f3w\"}]},{\"@type\":\"WebSite\",\"@id\":\"https:\\\/\\\/englishcoachonline.com\\\/#website\",\"url\":\"https:\\\/\\\/englishcoachonline.com\\\/\",\"name\":\"English Coach Online\",\"description\":\"Personalised online English lessons\",\"publisher\":{\"@id\":\"https:\\\/\\\/englishcoachonline.com\\\/#organization\"},\"potentialAction\":[{\"@type\":\"SearchAction\",\"target\":{\"@type\":\"EntryPoint\",\"urlTemplate\":\"https:\\\/\\\/englishcoachonline.com\\\/?s={search_term_string}\"},\"query-input\":{\"@type\":\"PropertyValueSpecification\",\"valueRequired\":true,\"valueName\":\"search_term_string\"}}],\"inLanguage\":\"pl-PL\"},{\"@type\":\"Organization\",\"@id\":\"https:\\\/\\\/englishcoachonline.com\\\/#organization\",\"name\":\"Personalised English Language Courses (PELC)\",\"url\":\"https:\\\/\\\/englishcoachonline.com\\\/\",\"logo\":{\"@type\":\"ImageObject\",\"inLanguage\":\"pl-PL\",\"@id\":\"https:\\\/\\\/englishcoachonline.com\\\/#\\\/schema\\\/logo\\\/image\\\/\",\"url\":\"https:\\\/\\\/englishcoachonline.com\\\/wp-content\\\/uploads\\\/2020\\\/01\\\/pelc-scaled-e1579541418776.jpg\",\"contentUrl\":\"https:\\\/\\\/englishcoachonline.com\\\/wp-content\\\/uploads\\\/2020\\\/01\\\/pelc-scaled-e1579541418776.jpg\",\"width\":1811,\"height\":672,\"caption\":\"Personalised English Language Courses (PELC)\"},\"image\":{\"@id\":\"https:\\\/\\\/englishcoachonline.com\\\/#\\\/schema\\\/logo\\\/image\\\/\"},\"sameAs\":[\"https:\\\/\\\/www.facebook.com\\\/pelcenglishcoach\\\/\",\"https:\\\/\\\/x.com\\\/ELTblogger\",\"https:\\\/\\\/www.linkedin.com\\\/in\\\/steve-komi\\\/\",\"https:\\\/\\\/www.youtube.com\\\/channel\\\/UCFst92augT1KENATnLznlQQ\\\/videos?view_as=subscriber\"]}]}<\/script>\n<!-- \/ Yoast SEO plugin. -->","yoast_head_json":{"title":"Kursy j\u0119zyka angielskiego w firmach z Nativem z Anglii","description":"Kursy j\u0119zyka angielskiego w firmach z do\u015bwiadczonym Nativem z Anglii. Kursy w Warszawie i w \u0141odzi.","robots":{"index":"index","follow":"follow","max-snippet":"max-snippet:-1","max-image-preview":"max-image-preview:large","max-video-preview":"max-video-preview:-1"},"canonical":"https:\/\/englishcoachonline.com\/pl\/kursy-jezyka-angielskiego-w-firmach\/","og_locale":"pl_PL","og_type":"article","og_title":"Kursy j\u0119zyka angielskiego w firmach z Nativem z Anglii","og_description":"Kursy j\u0119zyka angielskiego w firmach z do\u015bwiadczonym Nativem z Anglii. Kursy w Warszawie i w \u0141odzi.","og_url":"https:\/\/englishcoachonline.com\/pl\/kursy-jezyka-angielskiego-w-firmach\/","og_site_name":"English Coach Online","article_publisher":"https:\/\/www.facebook.com\/pelcenglishcoach\/","article_modified_time":"2025-04-25T15:34:44+00:00","og_image":[{"width":1200,"height":628,"url":"https:\/\/englishcoachonline.com\/wp-content\/uploads\/2017\/12\/steve-kraj-english-skype-lessons-teacher-online-4.jpg","type":"image\/jpeg"}],"twitter_card":"summary_large_image","twitter_site":"@ELTblogger","twitter_misc":{"Szacowany czas czytania":"2 minuty"},"schema":{"@context":"https:\/\/schema.org","@graph":[{"@type":"WebPage","@id":"https:\/\/englishcoachonline.com\/pl\/kursy-jezyka-angielskiego-w-firmach\/","url":"https:\/\/englishcoachonline.com\/pl\/kursy-jezyka-angielskiego-w-firmach\/","name":"Kursy j\u0119zyka angielskiego w firmach z Nativem z Anglii","isPartOf":{"@id":"https:\/\/englishcoachonline.com\/#website"},"datePublished":"2024-12-18T15:10:31+00:00","dateModified":"2025-04-25T15:34:44+00:00","description":"Kursy j\u0119zyka angielskiego w firmach z do\u015bwiadczonym Nativem z Anglii. Kursy w Warszawie i w \u0141odzi.","breadcrumb":{"@id":"https:\/\/englishcoachonline.com\/pl\/kursy-jezyka-angielskiego-w-firmach\/#breadcrumb"},"inLanguage":"pl-PL","potentialAction":[{"@type":"ReadAction","target":["https:\/\/englishcoachonline.com\/pl\/kursy-jezyka-angielskiego-w-firmach\/"]}]},{"@type":"BreadcrumbList","@id":"https:\/\/englishcoachonline.com\/pl\/kursy-jezyka-angielskiego-w-firmach\/#breadcrumb","itemListElement":[{"@type":"ListItem","position":1,"name":"Home","item":"https:\/\/englishcoachonline.com\/pl\/"},{"@type":"ListItem","position":2,"name":"Kursy j\u0119zyka angielskiego w firmach dla mened\u017cer\u00f3w i pracownik\u00f3w"}]},{"@type":"WebSite","@id":"https:\/\/englishcoachonline.com\/#website","url":"https:\/\/englishcoachonline.com\/","name":"English Coach Online","description":"Personalised online English lessons","publisher":{"@id":"https:\/\/englishcoachonline.com\/#organization"},"potentialAction":[{"@type":"SearchAction","target":{"@type":"EntryPoint","urlTemplate":"https:\/\/englishcoachonline.com\/?s={search_term_string}"},"query-input":{"@type":"PropertyValueSpecification","valueRequired":true,"valueName":"search_term_string"}}],"inLanguage":"pl-PL"},{"@type":"Organization","@id":"https:\/\/englishcoachonline.com\/#organization","name":"Personalised English Language Courses (PELC)","url":"https:\/\/englishcoachonline.com\/","logo":{"@type":"ImageObject","inLanguage":"pl-PL","@id":"https:\/\/englishcoachonline.com\/#\/schema\/logo\/image\/","url":"https:\/\/englishcoachonline.com\/wp-content\/uploads\/2020\/01\/pelc-scaled-e1579541418776.jpg","contentUrl":"https:\/\/englishcoachonline.com\/wp-content\/uploads\/2020\/01\/pelc-scaled-e1579541418776.jpg","width":1811,"height":672,"caption":"Personalised English Language Courses (PELC)"},"image":{"@id":"https:\/\/englishcoachonline.com\/#\/schema\/logo\/image\/"},"sameAs":["https:\/\/www.facebook.com\/pelcenglishcoach\/","https:\/\/x.com\/ELTblogger","https:\/\/www.linkedin.com\/in\/steve-komi\/","https:\/\/www.youtube.com\/channel\/UCFst92augT1KENATnLznlQQ\/videos?view_as=subscriber"]}]}},"_links":{"self":[{"href":"https:\/\/englishcoachonline.com\/pl\/wp-json\/wp\/v2\/pages\/11594","targetHints":{"allow":["GET"]}}],"collection":[{"href":"https:\/\/englishcoachonline.com\/pl\/wp-json\/wp\/v2\/pages"}],"about":[{"href":"https:\/\/englishcoachonline.com\/pl\/wp-json\/wp\/v2\/types\/page"}],"author":[{"embeddable":true,"href":"https:\/\/englishcoachonline.com\/pl\/wp-json\/wp\/v2\/users\/1"}],"replies":[{"embeddable":true,"href":"https:\/\/englishcoachonline.com\/pl\/wp-json\/wp\/v2\/comments?post=11594"}],"version-history":[{"count":9,"href":"https:\/\/englishcoachonline.com\/pl\/wp-json\/wp\/v2\/pages\/11594\/revisions"}],"predecessor-version":[{"id":12723,"href":"https:\/\/englishcoachonline.com\/pl\/wp-json\/wp\/v2\/pages\/11594\/revisions\/12723"}],"wp:attachment":[{"href":"https:\/\/englishcoachonline.com\/pl\/wp-json\/wp\/v2\/media?parent=11594"}],"curies":[{"name":"wp","href":"https:\/\/api.w.org\/{rel}","templated":true}]}}