{"id":12326,"date":"2025-03-18T10:42:15","date_gmt":"2025-03-18T08:42:15","guid":{"rendered":"https:\/\/englishcoachonline.com\/?page_id=12326"},"modified":"2025-03-19T00:37:43","modified_gmt":"2025-03-18T22:37:43","slug":"kurs-plynne-mowienie-po-angielsku","status":"publish","type":"page","link":"https:\/\/englishcoachonline.com\/pl\/zajecia\/kurs-plynne-mowienie-po-angielsku\/","title":{"rendered":"Kurs komunikacji \u201cP\u0142ynne m\u00f3wienie po angielsku\u201d"},"content":{"rendered":"<div class=\"wpb-content-wrapper\">[vc_row fullwidth=&#8221;true&#8221; fullwidth_content=&#8221;false&#8221; column_padding=&#8221;10&#8243; css=&#8221;.vc_custom_1741856312360{padding-top: 13% !important;padding-right: 0px !important;padding-bottom: 7% !important;padding-left: 0px !important;background-image: url(https:\/\/englishcoachonline.com\/wp-content\/uploads\/2025\/03\/spoken-english-course-for-beginners.jpg?id=12037) !important;background-position: center !important;background-repeat: no-repeat !important;background-size: cover !important;}&#8221;][vc_column width=&#8221;1\/3&#8243; css=&#8221;.vc_custom_1741812265585{padding-top: 20px !important;padding-right: 20px !important;padding-bottom: 20px !important;padding-left: 20px !important;background-color: #FFFFFF00 !important;}&#8221;][\/vc_column][vc_column width=&#8221;2\/3&#8243; css=&#8221;.vc_custom_1741855352497{padding-top: 20px !important;padding-right: 20px !important;padding-bottom: 20px !important;padding-left: 20px !important;background-color: #FFFFFFD9 !important;}&#8221;][mk_fancy_title tag_name=&#8221;h1&#8243; size=&#8221;42&#8243; font_weight=&#8221;bold&#8221; font_family=&#8221;none&#8221; align=&#8221;center&#8221;]Kurs komunikacji \u201cP\u0142ynne m\u00f3wienie po angielsku\u201d<br \/>\n[\/mk_fancy_title][vc_zigzag color=&#8221;custom&#8221; el_width=&#8221;50&#8243; custom_color=&#8221;#86153B&#8221;][mk_fancy_title color=&#8221;#85153b&#8221; size=&#8221;24&#8243; font_weight=&#8221;bold&#8221; font_family=&#8221;none&#8221; align=&#8221;center&#8221;]Czym charakteryzuje si\u0119 kurs komunikacji<br \/>\nP\u0142ynne m\u00f3wienie po angielsku:[\/mk_fancy_title][mk_custom_list style=&#8221;mk-icon-circle-o&#8221; icon_color=&#8221;#85153b&#8221;]\n<ul>\n<li>Kurs uzupe\u0142niaj\u0105 ciekawe <strong><a href=\"https:\/\/englishcoachonline.com\/pl\/strategie-nauczania\/teksty\/\">teksty<\/a><\/strong> opisuj\u0105ce moje do\u015bwiadczenia oraz obserwacje<\/li>\n<li>Kurs jest nastawiony na konwersacj\u0119<\/li>\n<li>Poznasz typowe zwroty i kolokacje, kt\u00f3rych native speakerzy u\u017cywaj\u0105 na co dzie\u0144<\/li>\n<li>B\u0119dziesz tworzy\u0107 w\u0142asne zdania z nowo poznanymi s\u0142owami i kolokacjami<\/li>\n<li>Skorzystasz z analizy i omawiania artyku\u0142\u00f3w internetowych. Ka\u017cdy artyku\u0142 jest wzbogacony o nagrania g\u0142osowe i podsumowanie najwa\u017cniejszych s\u0142\u00f3w oraz kolokacji<\/li>\n<\/ul>\n[\/mk_custom_list][\/vc_column][\/vc_row][vc_row fullwidth=&#8221;true&#8221; fullwidth_content=&#8221;false&#8221; equal_columns=&#8221;true&#8221; el_class=&#8221;courses-page-section&#8221; css=&#8221;.vc_custom_1742336536222{padding-bottom: 0px !important;}&#8221;][vc_column width=&#8221;2\/3&#8243; css=&#8221;.vc_custom_1741858045135{padding-right: 0px !important;padding-left: 0px !important;}&#8221;][mk_fancy_title size=&#8221;&#8221; font_weight=&#8221;bold&#8221; font_family=&#8221;none&#8221;]Jak mog\u0119 Ci pom\u00f3c osi\u0105gn\u0105\u0107 p\u0142ynno\u015b\u0107 w m\u00f3wieniu?<br \/>\n[\/mk_fancy_title][vc_column_text css=&#8221;.vc_custom_1742336406927{margin-bottom: 0px !important;}&#8221;]Istot\u0105 tego kursu s\u0105 interesuj\u0105ce teksty i autentyczne materia\u0142y.<\/p>\n<p>Ale to nie wszystko \u2013 przede wszystkim pomagam studentom zyska\u0107 pewno\u015b\u0107 siebie w m\u00f3wieniu i opracowa\u0107 skuteczne strategie nauki. Przyk\u0142adowo zawsze zach\u0119cam uczni\u00f3w do tworzenia zda\u0144 o sobie i swoich do\u015bwiadczeniach z wykorzystaniem nowo poznanych s\u0142\u00f3w i wyra\u017ce\u0144. Sprawdzenie tych zda\u0144 to dla mnie \u017caden k\u0142opot, a du\u017cy zas\u00f3b takich spersonalizowanych zda\u0144 w znacz\u0105cy spos\u00f3b poprawia p\u0142ynno\u015b\u0107. Je\u015bli regularnie powtarzasz te zdania, to b\u0119d\u0105 one na wyci\u0105gni\u0119cie r\u0119ki, gdy b\u0119dziesz m\u00f3wi\u0107 po angielsku.[\/vc_column_text][\/vc_column][vc_column width=&#8221;1\/3&#8243; css=&#8221;.vc_custom_1742288983618{padding-top: 0px !important;padding-right: 5% !important;padding-bottom: 0px !important;padding-left: 5% !important;}&#8221;][vc_single_image image=&#8221;12380&#8243; img_size=&#8221;full&#8221; alignment=&#8221;center&#8221; onclick=&#8221;link_image&#8221; css=&#8221;.vc_custom_1742336342734{margin-bottom: 0px !important;}&#8221;][\/vc_column][\/vc_row][vc_row fullwidth=&#8221;true&#8221; fullwidth_content=&#8221;false&#8221; equal_columns=&#8221;true&#8221; el_class=&#8221;courses-page-section&#8221; css=&#8221;.vc_custom_1742336501418{padding-top: 0px !important;}&#8221;][vc_column css=&#8221;.vc_custom_1742336485980{padding-top: 0px !important;padding-right: 0px !important;padding-left: 0px !important;}&#8221;][vc_column_text css=&#8221;.vc_custom_1742336420738{margin-bottom: 0px !important;}&#8221;]P\u0142ynne m\u00f3wienie po angielsku wi\u0105\u017ce si\u0119 z usuni\u0119ciem z g\u0142owy ba\u0142aganu. \u0141atwiej jest my\u015ble\u0107 po angielsku, gdy zdasz sobie spraw\u0119, \u017ce nie musisz zna\u0107 na wylot gramatyki, czas\u00f3w i aspekt\u00f3w, kt\u00f3re wkuwasz do znudzenia w szkole. Na przyk\u0142ad nie musisz si\u0119 martwi\u0107 stron\u0105 biern\u0105 ani rzadko u\u017cywanymi czasami, jak Future Perfect Continuous czy Future Perfect. Prawie w og\u00f3le si\u0119 ich nie u\u017cywa! Dlatego ucz\u0119 moich student\u00f3w, aby my\u015bleli o 1-2-3-4:[\/vc_column_text][\/vc_column][\/vc_row][vc_row fullwidth=&#8221;true&#8221; fullwidth_content=&#8221;false&#8221; equal_columns=&#8221;true&#8221; el_class=&#8221;courses-page-section&#8221; css=&#8221;.vc_custom_1742288898032{padding-top: 0px !important;padding-bottom: 0px !important;}&#8221;][vc_column width=&#8221;1\/4&#8243; css=&#8221;.vc_custom_1741858045135{padding-right: 0px !important;padding-left: 0px !important;}&#8221;][mk_icon_box icon=&#8221;mk-li-star&#8221; title=&#8221;1. Present Simple&#8221; text_size=&#8221;24&#8243; style=&#8221;simple_ultimate&#8221; icon_location=&#8221;top&#8221; margin=&#8221;0&#8243;]Codzienne czynno\u015bci \/ nawyki[\/mk_icon_box][\/vc_column][vc_column width=&#8221;1\/4&#8243;][mk_icon_box icon=&#8221;mk-li-star&#8221; title=&#8221;2. Past Simple&#8221; text_size=&#8221;24&#8243; style=&#8221;simple_ultimate&#8221; icon_location=&#8221;top&#8221; margin=&#8221;0&#8243;]Konkretne wydarzenia i czynno\u015bci zako\u0144czone w przesz\u0142o\u015bci[\/mk_icon_box][\/vc_column][vc_column width=&#8221;1\/4&#8243;][mk_icon_box icon=&#8221;mk-li-star&#8221; title=&#8221;3. Present Perfect&#8221; text_size=&#8221;24&#8243; style=&#8221;simple_ultimate&#8221; icon_location=&#8221;top&#8221; margin=&#8221;0&#8243;]Do\u015bwiadczenia \u017cyciowe[\/mk_icon_box][\/vc_column][vc_column width=&#8221;1\/4&#8243;][mk_icon_box icon=&#8221;mk-li-star&#8221; title=&#8221;4. Present Perfect Continuous&#8221; text_size=&#8221;24&#8243; style=&#8221;simple_ultimate&#8221; icon_location=&#8221;top&#8221; margin=&#8221;0&#8243;]Po\u0142\u0105czenie przesz\u0142o\u015bci, tera\u017aniejszo\u015bci i przysz\u0142o\u015bci[\/mk_icon_box][\/vc_column][\/vc_row][vc_row fullwidth=&#8221;true&#8221; fullwidth_content=&#8221;false&#8221; equal_columns=&#8221;true&#8221; el_class=&#8221;courses-page-section&#8221;][vc_column css=&#8221;.vc_custom_1741858045135{padding-right: 0px !important;padding-left: 0px !important;}&#8221;][vc_column_text css=&#8221;.vc_custom_1742288148406{margin-bottom: 0px !important;}&#8221;]Je\u015bli chodzi o czasy i aspekty w j\u0119zyku angielskim, nie stresuj si\u0119 tym, \u017ce jest ich tak du\u017co. Wystarczy, \u017ce poznasz cztery czasy wymienione w tabeli powy\u017cej.<\/p>\n<p>M\u00f3wienie po angielsku staje si\u0119 znacznie \u0142atwiejsze, gdy wiesz, co jest naprawd\u0119 wa\u017cne. Pomog\u0119 Ci upro\u015bci\u0107 system gramatyczny j\u0119zyka angielskiego, dzi\u0119ki czemu skupisz si\u0119 na tym, co naprawd\u0119 ma znaczenie, je\u015bli chodzi o osi\u0105ganie p\u0142ynno\u015bci. Kluczowe jest na przyk\u0142ad zwi\u0119kszenie wiedzy na temat kolokacji. Wa\u017cne jest r\u00f3wnie\u017c skoncentrowanie si\u0119 na tym, jak native speakerzy u\u017cywaj\u0105 mowy \u0142\u0105czonej \u2013 jak \u0142\u0105cz\u0105 s\u0142owa i buduj\u0105 wra\u017cenie p\u0142ynno\u015bci.[\/vc_column_text][\/vc_column][\/vc_row][vc_row fullwidth=&#8221;true&#8221; fullwidth_content=&#8221;false&#8221; equal_columns=&#8221;true&#8221; css=&#8221;.vc_custom_1742234017719{background-color: #86153B !important;background-position: center !important;background-repeat: no-repeat !important;background-size: contain !important;}&#8221; el_class=&#8221;courses-page-section&#8221;][vc_column width=&#8221;2\/3&#8243; css=&#8221;.vc_custom_1741787876849{padding-right: 60px !important;}&#8221;][mk_fancy_title color=&#8221;#ffffff&#8221; size=&#8221;&#8221; font_weight=&#8221;600&#8243; font_family=&#8221;none&#8221;]Czy mo\u017cesz osi\u0105gn\u0105\u0107 p\u0142ynno\u015b\u0107 w angielskim w trzy miesi\u0105ce?<br \/>\n[\/mk_fancy_title][mk_custom_list style=&#8221;mk-icon-circle-o&#8221; icon_color=&#8221;#eaeaea&#8221;]<span style=\"color: #ffffff;\">Bardzo trudno jest stworzy\u0107 definicj\u0119 p\u0142ynno\u015bci. Czy jest to umiej\u0119tno\u015b\u0107 m\u00f3wienia w zawrotnym tempie, niezale\u017cnie od tego, ile b\u0142\u0119d\u00f3w pope\u0142niamy? Czy m\u00f3wienie jest bardziej p\u0142ynne, gdy u\u017cywamy mowy \u0142\u0105czonej, by \u0142\u0105czy\u0107 s\u0142owa? Czy istota p\u0142ynno\u015bci polega na znalezieniu r\u00f3wnowagi mi\u0119dzy poprawno\u015bci\u0105 a szybko\u015bci\u0105?\u00a0<\/span><\/p>\n<p><span style=\"font-weight: 400; color: #ffffff;\">By\u0107 mo\u017ce p\u0142ynno\u015b\u0107 to odpowiedni poziom poprawno\u015bci oraz umiej\u0119tno\u015b\u0107 automatycznego tworzenia jednostek leksykalnych, czyli kolokacji.<\/span><\/p>\n<p><span style=\"font-weight: 400; color: #ffffff;\">Moim zdaniem mo\u017cna bardzo dobrze m\u00f3wi\u0107 po angielsku ju\u017c po p\u00f3\u0142 roku. Trzeba jednak spe\u0142ni\u0107 okre\u015blone warunki. Przyk\u0142adowo kluczowy jest regularny kontakt z j\u0119zykiem angielskim. Kilku moich student\u00f3w ma <strong><a style=\"color: #939393; font-weight: 600;\" href=\"https:\/\/englishcoachonline.com\/blog\/what-is-the-ideal-length-of-a-private-language-lesson\/\">kr\u00f3tkie lekcje<\/a><\/strong> co drugi lub trzeci dzie\u0144. Dzi\u0119ki temu w dni, w kt\u00f3re nie maj\u0105 zaj\u0119\u0107, wci\u0105\u017c obcuj\u0105 z angielskim, poniewa\u017c musz\u0105 przeczyta\u0107 artyku\u0142 lub pos\u0142ucha\u0107 wyk\u0142adu TED, \u017ceby si\u0119 przygotowa\u0107 do nast\u0119pnej lekcji.<\/span><\/p>\n<p><span style=\"font-weight: 400; color: #ffffff;\">Wa\u017cne jest r\u00f3wnie\u017c, aby wdro\u017cy\u0107 i konsekwentnie stosowa\u0107 strategi\u0119 nauki j\u0119zyka, z kt\u00f3r\u0105 czujesz si\u0119 komfortowo. Na tej stronie du\u017co pisa\u0142em o <strong><a style=\"color: #939393; font-weight: 600;\" href=\"https:\/\/englishcoachonline.com\/learning-strategies\/word-table\/\">tabeli s\u0142\u00f3w i fraz PELC<\/a><\/strong>. Zasadniczo stworzy\u0142em t\u0119 tabel\u0119, aby sobie zapisywa\u0107 wszystkie nowe serbskie s\u0142owa i kolokacje, na kt\u00f3re natrafi\u0142em podczas pobytu w Serbii. Co wi\u0119cej, spersonalizowa\u0142em te s\u0142owa i kolokacje \u2013 tworzy\u0142em zdania o sobie i moich do\u015bwiadczeniach \u017cyciowych. M\u00f3j nauczyciel sprawdza\u0142 te zdania, a ja musia\u0142em tylko regularnie je powtarza\u0107, aby kr\u0105\u017cy\u0142y w moim umy\u015ble i by\u0142y gotowe do automatycznego wykorzystania w przysz\u0142ych rozmowach po serbsku.<\/span>[\/mk_custom_list][vc_zigzag color=&#8221;custom&#8221; el_width=&#8221;50&#8243; custom_color=&#8221;#FFFFFF&#8221;][mk_button corner_style=&#8221;full_rounded&#8221; size=&#8221;large&#8221; url=&#8221;\/pl\/zapisz-sie\/&#8221; align=&#8221;center&#8221; margin_top=&#8221;15&#8243; bg_color=&#8221;#404143&#8243;]BEZP\u0141ATNA KONSULTACJA[\/mk_button][\/vc_column][vc_column width=&#8221;1\/3&#8243; css=&#8221;.vc_custom_1741859200722{background-image: url(https:\/\/englishcoachonline.com\/wp-content\/uploads\/2025\/03\/what-materials-will-you-encounter-in-my-spoken-english-course-for-beginners.jpg?id=12043) !important;background-position: center !important;background-repeat: no-repeat !important;background-size: cover !important;border-radius: 5px !important;}&#8221;][vc_empty_space height=&#8221;320px&#8221;][\/vc_column][\/vc_row]\n<\/div>","protected":false},"excerpt":{"rendered":"<p>[vc_row fullwidth=&#8221;true&#8221; fullwidth_content=&#8221;false&#8221; column_padding=&#8221;10&#8243; css=&#8221;.vc_custom_1741856312360{padding-top: 13% !important;padding-right: 0px !important;padding-bottom: 7% !important;padding-left: 0px !important;background-image: url(https:\/\/englishcoachonline.com\/wp-content\/uploads\/2025\/03\/spoken-english-course-for-beginners.jpg?id=12037) !important;background-position: center !important;background-repeat: no-repeat !important;background-size: cover !important;}&#8221;][vc_column width=&#8221;1\/3&#8243; css=&#8221;.vc_custom_1741812265585{padding-top: 20px !important;padding-right: 20px !important;padding-bottom: 20px !important;padding-left: 20px !important;background-color: #FFFFFF00 !important;}&#8221;][\/vc_column][vc_column width=&#8221;2\/3&#8243; css=&#8221;.vc_custom_1741855352497{padding-top: 20px !important;padding-right: 20px !important;padding-bottom: 20px !important;padding-left: 20px !important;background-color: #FFFFFFD9 !important;}&#8221;][mk_fancy_title tag_name=&#8221;h1&#8243; size=&#8221;42&#8243; font_weight=&#8221;bold&#8221; font_family=&#8221;none&#8221; align=&#8221;center&#8221;]Kurs komunikacji \u201cP\u0142ynne m\u00f3wienie po angielsku\u201d [&hellip;]<\/p>\n","protected":false},"author":1,"featured_media":0,"parent":896,"menu_order":0,"comment_status":"closed","ping_status":"closed","template":"","meta":{"footnotes":""},"class_list":["post-12326","page","type-page","status-publish","hentry"],"yoast_head":"<!-- This site is optimized with the Yoast SEO plugin v27.4 - https:\/\/yoast.com\/product\/yoast-seo-wordpress\/ -->\n<title>Kurs komunikacji \u201cP\u0142ynne m\u00f3wienie po angielsku\u201d z Anglikiem<\/title>\n<meta name=\"description\" content=\"Kurs komunikacji \u201cP\u0142ynne m\u00f3wienie po angielsku\u201d. Strategie uczenia si\u0119. Typowe kolokacje, kt\u00f3rych native speakerzy u\u017cywaj\u0105 na co dzie\u0144.\" \/>\n<meta name=\"robots\" content=\"index, follow, max-snippet:-1, max-image-preview:large, max-video-preview:-1\" \/>\n<link rel=\"canonical\" href=\"https:\/\/englishcoachonline.com\/pl\/zajecia\/kurs-plynne-mowienie-po-angielsku\/\" \/>\n<meta property=\"og:locale\" content=\"pl_PL\" \/>\n<meta property=\"og:type\" content=\"article\" \/>\n<meta property=\"og:title\" content=\"Kurs komunikacji \u201cP\u0142ynne m\u00f3wienie po angielsku\u201d z Anglikiem\" \/>\n<meta property=\"og:description\" content=\"Kurs komunikacji \u201cP\u0142ynne m\u00f3wienie po angielsku\u201d. Strategie uczenia si\u0119. Typowe kolokacje, kt\u00f3rych native speakerzy u\u017cywaj\u0105 na co dzie\u0144.\" \/>\n<meta property=\"og:url\" content=\"https:\/\/englishcoachonline.com\/pl\/zajecia\/kurs-plynne-mowienie-po-angielsku\/\" \/>\n<meta property=\"og:site_name\" content=\"English Coach Online\" \/>\n<meta property=\"article:publisher\" content=\"https:\/\/www.facebook.com\/pelcenglishcoach\/\" \/>\n<meta property=\"article:modified_time\" content=\"2025-03-18T22:37:43+00:00\" \/>\n<meta property=\"og:image\" content=\"https:\/\/englishcoachonline.com\/wp-content\/uploads\/2017\/12\/steve-kraj-english-skype-lessons-teacher-online-4.jpg\" \/>\n\t<meta property=\"og:image:width\" content=\"1200\" \/>\n\t<meta property=\"og:image:height\" content=\"628\" \/>\n\t<meta property=\"og:image:type\" content=\"image\/jpeg\" \/>\n<meta name=\"twitter:card\" content=\"summary_large_image\" \/>\n<meta name=\"twitter:site\" content=\"@ELTblogger\" \/>\n<meta name=\"twitter:label1\" content=\"Szacowany czas czytania\" \/>\n\t<meta name=\"twitter:data1\" content=\"4 minuty\" \/>\n<script type=\"application\/ld+json\" class=\"yoast-schema-graph\">{\"@context\":\"https:\\\/\\\/schema.org\",\"@graph\":[{\"@type\":\"WebPage\",\"@id\":\"https:\\\/\\\/englishcoachonline.com\\\/pl\\\/zajecia\\\/kurs-plynne-mowienie-po-angielsku\\\/\",\"url\":\"https:\\\/\\\/englishcoachonline.com\\\/pl\\\/zajecia\\\/kurs-plynne-mowienie-po-angielsku\\\/\",\"name\":\"Kurs komunikacji \u201cP\u0142ynne m\u00f3wienie po angielsku\u201d z Anglikiem\",\"isPartOf\":{\"@id\":\"https:\\\/\\\/englishcoachonline.com\\\/#website\"},\"datePublished\":\"2025-03-18T08:42:15+00:00\",\"dateModified\":\"2025-03-18T22:37:43+00:00\",\"description\":\"Kurs komunikacji \u201cP\u0142ynne m\u00f3wienie po angielsku\u201d. Strategie uczenia si\u0119. Typowe kolokacje, kt\u00f3rych native speakerzy u\u017cywaj\u0105 na co dzie\u0144.\",\"breadcrumb\":{\"@id\":\"https:\\\/\\\/englishcoachonline.com\\\/pl\\\/zajecia\\\/kurs-plynne-mowienie-po-angielsku\\\/#breadcrumb\"},\"inLanguage\":\"pl-PL\",\"potentialAction\":[{\"@type\":\"ReadAction\",\"target\":[\"https:\\\/\\\/englishcoachonline.com\\\/pl\\\/zajecia\\\/kurs-plynne-mowienie-po-angielsku\\\/\"]}]},{\"@type\":\"BreadcrumbList\",\"@id\":\"https:\\\/\\\/englishcoachonline.com\\\/pl\\\/zajecia\\\/kurs-plynne-mowienie-po-angielsku\\\/#breadcrumb\",\"itemListElement\":[{\"@type\":\"ListItem\",\"position\":1,\"name\":\"Home\",\"item\":\"https:\\\/\\\/englishcoachonline.com\\\/pl\\\/\"},{\"@type\":\"ListItem\",\"position\":2,\"name\":\"Zaj\u0119cia\",\"item\":\"https:\\\/\\\/englishcoachonline.com\\\/pl\\\/zajecia\\\/\"},{\"@type\":\"ListItem\",\"position\":3,\"name\":\"Kurs komunikacji \u201cP\u0142ynne m\u00f3wienie po angielsku\u201d\"}]},{\"@type\":\"WebSite\",\"@id\":\"https:\\\/\\\/englishcoachonline.com\\\/#website\",\"url\":\"https:\\\/\\\/englishcoachonline.com\\\/\",\"name\":\"English Coach Online\",\"description\":\"Personalised online English lessons\",\"publisher\":{\"@id\":\"https:\\\/\\\/englishcoachonline.com\\\/#organization\"},\"potentialAction\":[{\"@type\":\"SearchAction\",\"target\":{\"@type\":\"EntryPoint\",\"urlTemplate\":\"https:\\\/\\\/englishcoachonline.com\\\/?s={search_term_string}\"},\"query-input\":{\"@type\":\"PropertyValueSpecification\",\"valueRequired\":true,\"valueName\":\"search_term_string\"}}],\"inLanguage\":\"pl-PL\"},{\"@type\":\"Organization\",\"@id\":\"https:\\\/\\\/englishcoachonline.com\\\/#organization\",\"name\":\"Personalised English Language Courses (PELC)\",\"url\":\"https:\\\/\\\/englishcoachonline.com\\\/\",\"logo\":{\"@type\":\"ImageObject\",\"inLanguage\":\"pl-PL\",\"@id\":\"https:\\\/\\\/englishcoachonline.com\\\/#\\\/schema\\\/logo\\\/image\\\/\",\"url\":\"https:\\\/\\\/englishcoachonline.com\\\/wp-content\\\/uploads\\\/2020\\\/01\\\/pelc-scaled-e1579541418776.jpg\",\"contentUrl\":\"https:\\\/\\\/englishcoachonline.com\\\/wp-content\\\/uploads\\\/2020\\\/01\\\/pelc-scaled-e1579541418776.jpg\",\"width\":1811,\"height\":672,\"caption\":\"Personalised English Language Courses (PELC)\"},\"image\":{\"@id\":\"https:\\\/\\\/englishcoachonline.com\\\/#\\\/schema\\\/logo\\\/image\\\/\"},\"sameAs\":[\"https:\\\/\\\/www.facebook.com\\\/pelcenglishcoach\\\/\",\"https:\\\/\\\/x.com\\\/ELTblogger\",\"https:\\\/\\\/www.linkedin.com\\\/in\\\/steve-komi\\\/\",\"https:\\\/\\\/www.youtube.com\\\/channel\\\/UCFst92augT1KENATnLznlQQ\\\/videos?view_as=subscriber\"]}]}<\/script>\n<!-- \/ Yoast SEO plugin. -->","yoast_head_json":{"title":"Kurs komunikacji \u201cP\u0142ynne m\u00f3wienie po angielsku\u201d z Anglikiem","description":"Kurs komunikacji \u201cP\u0142ynne m\u00f3wienie po angielsku\u201d. Strategie uczenia si\u0119. Typowe kolokacje, kt\u00f3rych native speakerzy u\u017cywaj\u0105 na co dzie\u0144.","robots":{"index":"index","follow":"follow","max-snippet":"max-snippet:-1","max-image-preview":"max-image-preview:large","max-video-preview":"max-video-preview:-1"},"canonical":"https:\/\/englishcoachonline.com\/pl\/zajecia\/kurs-plynne-mowienie-po-angielsku\/","og_locale":"pl_PL","og_type":"article","og_title":"Kurs komunikacji \u201cP\u0142ynne m\u00f3wienie po angielsku\u201d z Anglikiem","og_description":"Kurs komunikacji \u201cP\u0142ynne m\u00f3wienie po angielsku\u201d. Strategie uczenia si\u0119. Typowe kolokacje, kt\u00f3rych native speakerzy u\u017cywaj\u0105 na co dzie\u0144.","og_url":"https:\/\/englishcoachonline.com\/pl\/zajecia\/kurs-plynne-mowienie-po-angielsku\/","og_site_name":"English Coach Online","article_publisher":"https:\/\/www.facebook.com\/pelcenglishcoach\/","article_modified_time":"2025-03-18T22:37:43+00:00","og_image":[{"width":1200,"height":628,"url":"https:\/\/englishcoachonline.com\/wp-content\/uploads\/2017\/12\/steve-kraj-english-skype-lessons-teacher-online-4.jpg","type":"image\/jpeg"}],"twitter_card":"summary_large_image","twitter_site":"@ELTblogger","twitter_misc":{"Szacowany czas czytania":"4 minuty"},"schema":{"@context":"https:\/\/schema.org","@graph":[{"@type":"WebPage","@id":"https:\/\/englishcoachonline.com\/pl\/zajecia\/kurs-plynne-mowienie-po-angielsku\/","url":"https:\/\/englishcoachonline.com\/pl\/zajecia\/kurs-plynne-mowienie-po-angielsku\/","name":"Kurs komunikacji \u201cP\u0142ynne m\u00f3wienie po angielsku\u201d z Anglikiem","isPartOf":{"@id":"https:\/\/englishcoachonline.com\/#website"},"datePublished":"2025-03-18T08:42:15+00:00","dateModified":"2025-03-18T22:37:43+00:00","description":"Kurs komunikacji \u201cP\u0142ynne m\u00f3wienie po angielsku\u201d. Strategie uczenia si\u0119. Typowe kolokacje, kt\u00f3rych native speakerzy u\u017cywaj\u0105 na co dzie\u0144.","breadcrumb":{"@id":"https:\/\/englishcoachonline.com\/pl\/zajecia\/kurs-plynne-mowienie-po-angielsku\/#breadcrumb"},"inLanguage":"pl-PL","potentialAction":[{"@type":"ReadAction","target":["https:\/\/englishcoachonline.com\/pl\/zajecia\/kurs-plynne-mowienie-po-angielsku\/"]}]},{"@type":"BreadcrumbList","@id":"https:\/\/englishcoachonline.com\/pl\/zajecia\/kurs-plynne-mowienie-po-angielsku\/#breadcrumb","itemListElement":[{"@type":"ListItem","position":1,"name":"Home","item":"https:\/\/englishcoachonline.com\/pl\/"},{"@type":"ListItem","position":2,"name":"Zaj\u0119cia","item":"https:\/\/englishcoachonline.com\/pl\/zajecia\/"},{"@type":"ListItem","position":3,"name":"Kurs komunikacji \u201cP\u0142ynne m\u00f3wienie po angielsku\u201d"}]},{"@type":"WebSite","@id":"https:\/\/englishcoachonline.com\/#website","url":"https:\/\/englishcoachonline.com\/","name":"English Coach Online","description":"Personalised online English lessons","publisher":{"@id":"https:\/\/englishcoachonline.com\/#organization"},"potentialAction":[{"@type":"SearchAction","target":{"@type":"EntryPoint","urlTemplate":"https:\/\/englishcoachonline.com\/?s={search_term_string}"},"query-input":{"@type":"PropertyValueSpecification","valueRequired":true,"valueName":"search_term_string"}}],"inLanguage":"pl-PL"},{"@type":"Organization","@id":"https:\/\/englishcoachonline.com\/#organization","name":"Personalised English Language Courses (PELC)","url":"https:\/\/englishcoachonline.com\/","logo":{"@type":"ImageObject","inLanguage":"pl-PL","@id":"https:\/\/englishcoachonline.com\/#\/schema\/logo\/image\/","url":"https:\/\/englishcoachonline.com\/wp-content\/uploads\/2020\/01\/pelc-scaled-e1579541418776.jpg","contentUrl":"https:\/\/englishcoachonline.com\/wp-content\/uploads\/2020\/01\/pelc-scaled-e1579541418776.jpg","width":1811,"height":672,"caption":"Personalised English Language Courses (PELC)"},"image":{"@id":"https:\/\/englishcoachonline.com\/#\/schema\/logo\/image\/"},"sameAs":["https:\/\/www.facebook.com\/pelcenglishcoach\/","https:\/\/x.com\/ELTblogger","https:\/\/www.linkedin.com\/in\/steve-komi\/","https:\/\/www.youtube.com\/channel\/UCFst92augT1KENATnLznlQQ\/videos?view_as=subscriber"]}]}},"_links":{"self":[{"href":"https:\/\/englishcoachonline.com\/pl\/wp-json\/wp\/v2\/pages\/12326","targetHints":{"allow":["GET"]}}],"collection":[{"href":"https:\/\/englishcoachonline.com\/pl\/wp-json\/wp\/v2\/pages"}],"about":[{"href":"https:\/\/englishcoachonline.com\/pl\/wp-json\/wp\/v2\/types\/page"}],"author":[{"embeddable":true,"href":"https:\/\/englishcoachonline.com\/pl\/wp-json\/wp\/v2\/users\/1"}],"replies":[{"embeddable":true,"href":"https:\/\/englishcoachonline.com\/pl\/wp-json\/wp\/v2\/comments?post=12326"}],"version-history":[{"count":32,"href":"https:\/\/englishcoachonline.com\/pl\/wp-json\/wp\/v2\/pages\/12326\/revisions"}],"predecessor-version":[{"id":12398,"href":"https:\/\/englishcoachonline.com\/pl\/wp-json\/wp\/v2\/pages\/12326\/revisions\/12398"}],"up":[{"embeddable":true,"href":"https:\/\/englishcoachonline.com\/pl\/wp-json\/wp\/v2\/pages\/896"}],"wp:attachment":[{"href":"https:\/\/englishcoachonline.com\/pl\/wp-json\/wp\/v2\/media?parent=12326"}],"curies":[{"name":"wp","href":"https:\/\/api.w.org\/{rel}","templated":true}]}}