{"id":12366,"date":"2025-03-18T22:44:46","date_gmt":"2025-03-18T20:44:46","guid":{"rendered":"https:\/\/englishcoachonline.com\/?page_id=12366"},"modified":"2025-03-20T11:35:49","modified_gmt":"2025-03-20T09:35:49","slug":"kurs-angielskiego-dla-poczatkujacych-online","status":"publish","type":"page","link":"https:\/\/englishcoachonline.com\/pl\/zajecia\/kurs-angielskiego-dla-poczatkujacych-online\/","title":{"rendered":"Kurs angielskiego dla pocz\u0105tkuj\u0105cych online"},"content":{"rendered":"<div class=\"wpb-content-wrapper\">[vc_row css=&#8221;.vc_custom_1742388738012{margin-bottom: 40px !important;padding-top: 40px !important;}&#8221;][vc_column][vc_custom_heading source=&#8221;post_title&#8221; font_container=&#8221;tag:h1|text_align:center&#8221; use_theme_fonts=&#8221;yes&#8221;][vc_separator color=&#8221;custom&#8221; style=&#8221;shadow&#8221; el_width=&#8221;60&#8243; css=&#8221;.vc_custom_1639383345622{padding-bottom: 0px !important;}&#8221; accent_color=&#8221;#414c56&#8243;][\/vc_column][\/vc_row][vc_row css=&#8221;.vc_custom_1742389024709{margin-bottom: 32px !important;padding-right: 0px !important;padding-left: 0px !important;}&#8221;][vc_column width=&#8221;1\/6&#8243;][\/vc_column][vc_column width=&#8221;2\/3&#8243; css=&#8221;.vc_custom_1742389061880{padding-right: 0px !important;padding-left: 0px !important;}&#8221;][vc_column_text css=&#8221;.vc_custom_1742388795899{margin-bottom: 0px !important;}&#8221;]Je\u015bli szukasz kursu angielskiego dla pocz\u0105tkuj\u0105cych online, kt\u00f3ry pozwoli Ci komunikowa\u0107 si\u0119 od pierwszej lekcji, jeste\u015b we w\u0142a\u015bciwym miejscu.<\/p>\n<p>Tak, ju\u017c po 30 minutach zaj\u0119\u0107 ze mn\u0105 b\u0119dziesz w stanie zadawa\u0107 podstawowe pytania i m\u00f3wi\u0107 o sobie w prosty spos\u00f3b.<\/p>\n<p>Jestem jednym z niewielu Anglik\u00f3w, kt\u00f3rzy naprawd\u0119 rozumiej\u0105 struktur\u0119 i budow\u0119 j\u0119zyka polskiego. Daje mi to wyj\u0105tkow\u0105 przewag\u0119 w pomaganiu pocz\u0105tkuj\u0105cym Polakom w nauce angielskiego, umo\u017cliwiaj\u0105c im unikanie transferu j\u0119zykowego, a tym samym pope\u0142nianie mniejszej liczby <strong><a href=\"https:\/\/englishcoachonline.com\/blog\/typical-mistakes-polish-learners-of-english\/\">b\u0142\u0119d\u00f3w<\/a><\/strong> wynikaj\u0105cych z ich ojczystego j\u0119zyka.[\/vc_column_text][vc_custom_heading text=&#8221;<strong>Jakie materia\u0142y znajdziesz w kursie angielskiego dla pocz\u0105tkuj\u0105cych online?<br \/>\n<\/strong>&#8221; use_theme_fonts=&#8221;yes&#8221; css=&#8221;.vc_custom_1742388927712{padding-top: 20px !important;}&#8221;][vc_column_text css=&#8221;.vc_custom_1742389241364{margin-bottom: 0px !important;}&#8221;]Zazwyczaj nie korzystam z podr\u0119cznik\u00f3w, ucz\u0105c osoby na poziomie \u015bredniozaawansowanym i zaawansowanym. W ich przypadku stosuj\u0119 autentyczne materia\u0142y, jak artyku\u0142y prasowe, aby nawi\u0105za\u0107 rozmow\u0119 i uczy\u0107 przydatnych zwrot\u00f3w. Jednak w przypadku pocz\u0105tkuj\u0105cych korzystam z podr\u0119cznika, kt\u00f3ry wed\u0142ug mnie \u015bwietnie rozwija zdolno\u015bci komunikacyjne. Nale\u017cy on do prze\u0142omowej serii podr\u0119cznik\u00f3w <i>Innovations<\/i>. Sprawd\u017a moj\u0105 <a href=\"https:\/\/englishcoachonline.com\/blog\/best-efl-elementary-coursebook\/\"><b>recenzj\u0119 ksi\u0105\u017cki <i>Innov<\/i><i>ations<\/i><i> <\/i><i>Elementary<\/i><\/b><\/a> \u2013 moim zdaniem to najlepszy podr\u0119cznik dla uczni\u00f3w na poziomie podstawowym.<\/p>\n<p>Nie martw si\u0119 podstawowym poziomem tego podr\u0119cznika. Przeanalizujemy go powoli, ale dok\u0142adnie, koncentruj\u0105c si\u0119 na budowaniu Twojego zasobu s\u0142\u00f3w, podstawowych zwrot\u00f3w i przydatnych kolokacji. Ksi\u0105\u017cka ta zawiera wiele ciekawych tekst\u00f3w i osobistych historii, kt\u00f3re na pewno Ci\u0119 zainteresuj\u0105:[\/vc_column_text][vc_single_image image=&#8221;12402&#8243; img_size=&#8221;full&#8221; add_caption=&#8221;yes&#8221; alignment=&#8221;center&#8221; onclick=&#8221;img_link_large&#8221; css=&#8221;.vc_custom_1742462862012{border-radius: 5px !important;}&#8221;][vc_column_text css=&#8221;.vc_custom_1742331146838{margin-bottom: 0px !important;}&#8221;]Poza tym jedn\u0105 z zalet serii <i>Innovations<\/i> jest to, \u017ce s\u0142ownictwo powtarza si\u0119 regularnie w r\u00f3\u017cnych kontekstach. Dzi\u0119ki temu s\u0142owa i zwroty zostan\u0105 w Twojej pami\u0119ci. [\/vc_column_text][\/vc_column][vc_column width=&#8221;1\/6&#8243;][\/vc_column][\/vc_row][vc_row css=&#8221;.vc_custom_1742463340676{margin-bottom: 32px !important;padding-right: 0px !important;padding-left: 0px !important;}&#8221;][vc_column width=&#8221;1\/6&#8243;][\/vc_column][vc_column width=&#8221;2\/3&#8243; css=&#8221;.vc_custom_1742463346249{padding-right: 0px !important;padding-left: 0px !important;}&#8221;][vc_custom_heading text=&#8221;<strong>Czym charakteryzuje si\u0119 kurs angielskiego dla pocz\u0105tkuj\u0105cych online:<br \/>\n<\/strong>&#8221; use_theme_fonts=&#8221;yes&#8221; css=&#8221;&#8221;][vc_column_text css=&#8221;.vc_custom_1742331186596{margin-bottom: 0px !important;}&#8221;]\n<ul>\n<li>Kurs jest uzupe\u0142niony podr\u0119cznikiem, kt\u00f3ry rozwija umiej\u0119tno\u015bci komunikacyjne<\/li>\n<li>B\u0119dziesz si\u0119 uczy\u0107 poprawnej wymowy i intonacji ju\u017c od pierwszej lekcji<br \/>\nPoznasz typowe zwroty i kolokacje, kt\u00f3rych native speakerzy u\u017cywaj\u0105 na co dzie\u0144<\/li>\n<li>B\u0119dziesz regularnie powtarza\u0107 poznany wcze\u015bniej materia\u0142<\/li>\n<li>Poznasz skuteczne strategie uczenia si\u0119 s\u0142ownictwa i kolokacji, kt\u00f3re mo\u017cna stosowa\u0107 r\u00f3wnie\u017c poza zaj\u0119ciami<\/li>\n<\/ul>\n[\/vc_column_text][mk_button corner_style=&#8221;full_rounded&#8221; size=&#8221;large&#8221; url=&#8221;\/pl\/zapisz-sie\/&#8221; align=&#8221;center&#8221; margin_top=&#8221;15&#8243;]BEZP\u0141ATNA KONSULTACJA[\/mk_button][\/vc_column][vc_column width=&#8221;1\/6&#8243;][\/vc_column][\/vc_row]\n<\/div>","protected":false},"excerpt":{"rendered":"<p>[vc_row css=&#8221;.vc_custom_1742388738012{margin-bottom: 40px !important;padding-top: 40px !important;}&#8221;][vc_column][vc_custom_heading source=&#8221;post_title&#8221; font_container=&#8221;tag:h1|text_align:center&#8221; use_theme_fonts=&#8221;yes&#8221;][vc_separator color=&#8221;custom&#8221; style=&#8221;shadow&#8221; el_width=&#8221;60&#8243; css=&#8221;.vc_custom_1639383345622{padding-bottom: 0px !important;}&#8221; accent_color=&#8221;#414c56&#8243;][\/vc_column][\/vc_row][vc_row css=&#8221;.vc_custom_1742389024709{margin-bottom: 32px !important;padding-right: 0px !important;padding-left: 0px !important;}&#8221;][vc_column width=&#8221;1\/6&#8243;][\/vc_column][vc_column width=&#8221;2\/3&#8243; css=&#8221;.vc_custom_1742389061880{padding-right: 0px !important;padding-left: 0px !important;}&#8221;][vc_column_text css=&#8221;.vc_custom_1742388795899{margin-bottom: 0px !important;}&#8221;]Je\u015bli szukasz kursu angielskiego dla pocz\u0105tkuj\u0105cych online, kt\u00f3ry pozwoli Ci komunikowa\u0107 si\u0119 od pierwszej lekcji, jeste\u015b we w\u0142a\u015bciwym miejscu. Tak, ju\u017c po 30 [&hellip;]<\/p>\n","protected":false},"author":1,"featured_media":0,"parent":896,"menu_order":0,"comment_status":"closed","ping_status":"closed","template":"","meta":{"footnotes":""},"class_list":["post-12366","page","type-page","status-publish","hentry"],"yoast_head":"<!-- This site is optimized with the Yoast SEO plugin v27.3 - https:\/\/yoast.com\/product\/yoast-seo-wordpress\/ -->\n<title>Kurs angielskiego dla pocz\u0105tkuj\u0105cych online | Poziom A1<\/title>\n<meta name=\"description\" content=\"Kurs angielskiego dla pocz\u0105tkuj\u0105cych online. Komunikowa\u0107 si\u0119 po angielsku od pierwszej lekcji. Naucz si\u0119 poprawnej wymowy i intonacji.\" \/>\n<meta name=\"robots\" content=\"index, follow, max-snippet:-1, max-image-preview:large, max-video-preview:-1\" \/>\n<link rel=\"canonical\" href=\"https:\/\/englishcoachonline.com\/pl\/zajecia\/kurs-angielskiego-dla-poczatkujacych-online\/\" \/>\n<meta property=\"og:locale\" content=\"pl_PL\" \/>\n<meta property=\"og:type\" content=\"article\" \/>\n<meta property=\"og:title\" content=\"Kurs angielskiego dla pocz\u0105tkuj\u0105cych online | Poziom A1\" \/>\n<meta property=\"og:description\" content=\"Kurs angielskiego dla pocz\u0105tkuj\u0105cych online. Komunikowa\u0107 si\u0119 po angielsku od pierwszej lekcji. Naucz si\u0119 poprawnej wymowy i intonacji.\" \/>\n<meta property=\"og:url\" content=\"https:\/\/englishcoachonline.com\/pl\/zajecia\/kurs-angielskiego-dla-poczatkujacych-online\/\" \/>\n<meta property=\"og:site_name\" content=\"English Coach Online\" \/>\n<meta property=\"article:publisher\" content=\"https:\/\/www.facebook.com\/pelcenglishcoach\/\" \/>\n<meta property=\"article:modified_time\" content=\"2025-03-20T09:35:49+00:00\" \/>\n<meta property=\"og:image\" content=\"https:\/\/englishcoachonline.com\/wp-content\/uploads\/2017\/12\/steve-kraj-english-skype-lessons-teacher-online-4.jpg\" \/>\n\t<meta property=\"og:image:width\" content=\"1200\" \/>\n\t<meta property=\"og:image:height\" content=\"628\" \/>\n\t<meta property=\"og:image:type\" content=\"image\/jpeg\" \/>\n<meta name=\"twitter:card\" content=\"summary_large_image\" \/>\n<meta name=\"twitter:site\" content=\"@ELTblogger\" \/>\n<meta name=\"twitter:label1\" content=\"Szacowany czas czytania\" \/>\n\t<meta name=\"twitter:data1\" content=\"2 minuty\" \/>\n<script type=\"application\/ld+json\" class=\"yoast-schema-graph\">{\"@context\":\"https:\\\/\\\/schema.org\",\"@graph\":[{\"@type\":\"WebPage\",\"@id\":\"https:\\\/\\\/englishcoachonline.com\\\/pl\\\/zajecia\\\/kurs-angielskiego-dla-poczatkujacych-online\\\/\",\"url\":\"https:\\\/\\\/englishcoachonline.com\\\/pl\\\/zajecia\\\/kurs-angielskiego-dla-poczatkujacych-online\\\/\",\"name\":\"Kurs angielskiego dla pocz\u0105tkuj\u0105cych online | Poziom A1\",\"isPartOf\":{\"@id\":\"https:\\\/\\\/englishcoachonline.com\\\/#website\"},\"datePublished\":\"2025-03-18T20:44:46+00:00\",\"dateModified\":\"2025-03-20T09:35:49+00:00\",\"description\":\"Kurs angielskiego dla pocz\u0105tkuj\u0105cych online. Komunikowa\u0107 si\u0119 po angielsku od pierwszej lekcji. Naucz si\u0119 poprawnej wymowy i intonacji.\",\"breadcrumb\":{\"@id\":\"https:\\\/\\\/englishcoachonline.com\\\/pl\\\/zajecia\\\/kurs-angielskiego-dla-poczatkujacych-online\\\/#breadcrumb\"},\"inLanguage\":\"pl-PL\",\"potentialAction\":[{\"@type\":\"ReadAction\",\"target\":[\"https:\\\/\\\/englishcoachonline.com\\\/pl\\\/zajecia\\\/kurs-angielskiego-dla-poczatkujacych-online\\\/\"]}]},{\"@type\":\"BreadcrumbList\",\"@id\":\"https:\\\/\\\/englishcoachonline.com\\\/pl\\\/zajecia\\\/kurs-angielskiego-dla-poczatkujacych-online\\\/#breadcrumb\",\"itemListElement\":[{\"@type\":\"ListItem\",\"position\":1,\"name\":\"Home\",\"item\":\"https:\\\/\\\/englishcoachonline.com\\\/pl\\\/\"},{\"@type\":\"ListItem\",\"position\":2,\"name\":\"Zaj\u0119cia\",\"item\":\"https:\\\/\\\/englishcoachonline.com\\\/pl\\\/zajecia\\\/\"},{\"@type\":\"ListItem\",\"position\":3,\"name\":\"Kurs angielskiego dla pocz\u0105tkuj\u0105cych online\"}]},{\"@type\":\"WebSite\",\"@id\":\"https:\\\/\\\/englishcoachonline.com\\\/#website\",\"url\":\"https:\\\/\\\/englishcoachonline.com\\\/\",\"name\":\"English Coach Online\",\"description\":\"Personalised online English lessons\",\"publisher\":{\"@id\":\"https:\\\/\\\/englishcoachonline.com\\\/#organization\"},\"potentialAction\":[{\"@type\":\"SearchAction\",\"target\":{\"@type\":\"EntryPoint\",\"urlTemplate\":\"https:\\\/\\\/englishcoachonline.com\\\/?s={search_term_string}\"},\"query-input\":{\"@type\":\"PropertyValueSpecification\",\"valueRequired\":true,\"valueName\":\"search_term_string\"}}],\"inLanguage\":\"pl-PL\"},{\"@type\":\"Organization\",\"@id\":\"https:\\\/\\\/englishcoachonline.com\\\/#organization\",\"name\":\"Personalised English Language Courses (PELC)\",\"url\":\"https:\\\/\\\/englishcoachonline.com\\\/\",\"logo\":{\"@type\":\"ImageObject\",\"inLanguage\":\"pl-PL\",\"@id\":\"https:\\\/\\\/englishcoachonline.com\\\/#\\\/schema\\\/logo\\\/image\\\/\",\"url\":\"https:\\\/\\\/englishcoachonline.com\\\/wp-content\\\/uploads\\\/2020\\\/01\\\/pelc-scaled-e1579541418776.jpg\",\"contentUrl\":\"https:\\\/\\\/englishcoachonline.com\\\/wp-content\\\/uploads\\\/2020\\\/01\\\/pelc-scaled-e1579541418776.jpg\",\"width\":1811,\"height\":672,\"caption\":\"Personalised English Language Courses (PELC)\"},\"image\":{\"@id\":\"https:\\\/\\\/englishcoachonline.com\\\/#\\\/schema\\\/logo\\\/image\\\/\"},\"sameAs\":[\"https:\\\/\\\/www.facebook.com\\\/pelcenglishcoach\\\/\",\"https:\\\/\\\/x.com\\\/ELTblogger\",\"https:\\\/\\\/www.linkedin.com\\\/in\\\/steve-komi\\\/\",\"https:\\\/\\\/www.youtube.com\\\/channel\\\/UCFst92augT1KENATnLznlQQ\\\/videos?view_as=subscriber\"]}]}<\/script>\n<!-- \/ Yoast SEO plugin. -->","yoast_head_json":{"title":"Kurs angielskiego dla pocz\u0105tkuj\u0105cych online | Poziom A1","description":"Kurs angielskiego dla pocz\u0105tkuj\u0105cych online. Komunikowa\u0107 si\u0119 po angielsku od pierwszej lekcji. Naucz si\u0119 poprawnej wymowy i intonacji.","robots":{"index":"index","follow":"follow","max-snippet":"max-snippet:-1","max-image-preview":"max-image-preview:large","max-video-preview":"max-video-preview:-1"},"canonical":"https:\/\/englishcoachonline.com\/pl\/zajecia\/kurs-angielskiego-dla-poczatkujacych-online\/","og_locale":"pl_PL","og_type":"article","og_title":"Kurs angielskiego dla pocz\u0105tkuj\u0105cych online | Poziom A1","og_description":"Kurs angielskiego dla pocz\u0105tkuj\u0105cych online. Komunikowa\u0107 si\u0119 po angielsku od pierwszej lekcji. Naucz si\u0119 poprawnej wymowy i intonacji.","og_url":"https:\/\/englishcoachonline.com\/pl\/zajecia\/kurs-angielskiego-dla-poczatkujacych-online\/","og_site_name":"English Coach Online","article_publisher":"https:\/\/www.facebook.com\/pelcenglishcoach\/","article_modified_time":"2025-03-20T09:35:49+00:00","og_image":[{"width":1200,"height":628,"url":"https:\/\/englishcoachonline.com\/wp-content\/uploads\/2017\/12\/steve-kraj-english-skype-lessons-teacher-online-4.jpg","type":"image\/jpeg"}],"twitter_card":"summary_large_image","twitter_site":"@ELTblogger","twitter_misc":{"Szacowany czas czytania":"2 minuty"},"schema":{"@context":"https:\/\/schema.org","@graph":[{"@type":"WebPage","@id":"https:\/\/englishcoachonline.com\/pl\/zajecia\/kurs-angielskiego-dla-poczatkujacych-online\/","url":"https:\/\/englishcoachonline.com\/pl\/zajecia\/kurs-angielskiego-dla-poczatkujacych-online\/","name":"Kurs angielskiego dla pocz\u0105tkuj\u0105cych online | Poziom A1","isPartOf":{"@id":"https:\/\/englishcoachonline.com\/#website"},"datePublished":"2025-03-18T20:44:46+00:00","dateModified":"2025-03-20T09:35:49+00:00","description":"Kurs angielskiego dla pocz\u0105tkuj\u0105cych online. Komunikowa\u0107 si\u0119 po angielsku od pierwszej lekcji. Naucz si\u0119 poprawnej wymowy i intonacji.","breadcrumb":{"@id":"https:\/\/englishcoachonline.com\/pl\/zajecia\/kurs-angielskiego-dla-poczatkujacych-online\/#breadcrumb"},"inLanguage":"pl-PL","potentialAction":[{"@type":"ReadAction","target":["https:\/\/englishcoachonline.com\/pl\/zajecia\/kurs-angielskiego-dla-poczatkujacych-online\/"]}]},{"@type":"BreadcrumbList","@id":"https:\/\/englishcoachonline.com\/pl\/zajecia\/kurs-angielskiego-dla-poczatkujacych-online\/#breadcrumb","itemListElement":[{"@type":"ListItem","position":1,"name":"Home","item":"https:\/\/englishcoachonline.com\/pl\/"},{"@type":"ListItem","position":2,"name":"Zaj\u0119cia","item":"https:\/\/englishcoachonline.com\/pl\/zajecia\/"},{"@type":"ListItem","position":3,"name":"Kurs angielskiego dla pocz\u0105tkuj\u0105cych online"}]},{"@type":"WebSite","@id":"https:\/\/englishcoachonline.com\/#website","url":"https:\/\/englishcoachonline.com\/","name":"English Coach Online","description":"Personalised online English lessons","publisher":{"@id":"https:\/\/englishcoachonline.com\/#organization"},"potentialAction":[{"@type":"SearchAction","target":{"@type":"EntryPoint","urlTemplate":"https:\/\/englishcoachonline.com\/?s={search_term_string}"},"query-input":{"@type":"PropertyValueSpecification","valueRequired":true,"valueName":"search_term_string"}}],"inLanguage":"pl-PL"},{"@type":"Organization","@id":"https:\/\/englishcoachonline.com\/#organization","name":"Personalised English Language Courses (PELC)","url":"https:\/\/englishcoachonline.com\/","logo":{"@type":"ImageObject","inLanguage":"pl-PL","@id":"https:\/\/englishcoachonline.com\/#\/schema\/logo\/image\/","url":"https:\/\/englishcoachonline.com\/wp-content\/uploads\/2020\/01\/pelc-scaled-e1579541418776.jpg","contentUrl":"https:\/\/englishcoachonline.com\/wp-content\/uploads\/2020\/01\/pelc-scaled-e1579541418776.jpg","width":1811,"height":672,"caption":"Personalised English Language Courses (PELC)"},"image":{"@id":"https:\/\/englishcoachonline.com\/#\/schema\/logo\/image\/"},"sameAs":["https:\/\/www.facebook.com\/pelcenglishcoach\/","https:\/\/x.com\/ELTblogger","https:\/\/www.linkedin.com\/in\/steve-komi\/","https:\/\/www.youtube.com\/channel\/UCFst92augT1KENATnLznlQQ\/videos?view_as=subscriber"]}]}},"_links":{"self":[{"href":"https:\/\/englishcoachonline.com\/pl\/wp-json\/wp\/v2\/pages\/12366","targetHints":{"allow":["GET"]}}],"collection":[{"href":"https:\/\/englishcoachonline.com\/pl\/wp-json\/wp\/v2\/pages"}],"about":[{"href":"https:\/\/englishcoachonline.com\/pl\/wp-json\/wp\/v2\/types\/page"}],"author":[{"embeddable":true,"href":"https:\/\/englishcoachonline.com\/pl\/wp-json\/wp\/v2\/users\/1"}],"replies":[{"embeddable":true,"href":"https:\/\/englishcoachonline.com\/pl\/wp-json\/wp\/v2\/comments?post=12366"}],"version-history":[{"count":25,"href":"https:\/\/englishcoachonline.com\/pl\/wp-json\/wp\/v2\/pages\/12366\/revisions"}],"predecessor-version":[{"id":12432,"href":"https:\/\/englishcoachonline.com\/pl\/wp-json\/wp\/v2\/pages\/12366\/revisions\/12432"}],"up":[{"embeddable":true,"href":"https:\/\/englishcoachonline.com\/pl\/wp-json\/wp\/v2\/pages\/896"}],"wp:attachment":[{"href":"https:\/\/englishcoachonline.com\/pl\/wp-json\/wp\/v2\/media?parent=12366"}],"curies":[{"name":"wp","href":"https:\/\/api.w.org\/{rel}","templated":true}]}}