{"id":2870,"date":"2020-02-11T17:48:35","date_gmt":"2020-02-11T15:48:35","guid":{"rendered":"https:\/\/englishcoachonline.com\/?page_id=2870\/"},"modified":"2025-11-17T14:38:27","modified_gmt":"2025-11-17T12:38:27","slug":"ceny","status":"publish","type":"page","link":"https:\/\/englishcoachonline.com\/pl\/ceny\/","title":{"rendered":"CENY"},"content":{"rendered":"<div class=\"wpb-content-wrapper\">[vc_row][vc_column width=&#8221;1\/6&#8243;][\/vc_column][vc_column width=&#8221;2\/3&#8243;][vc_column_text css=&#8221;.vc_custom_1763115688812{margin-bottom: 20px !important;}&#8221;]\n<h1 style=\"text-align: center;\"><strong>Ceny za kursy online i zaj\u0119cia <em>face-to-face<\/em> z Native Speakerem w \u0141odzi<\/strong><\/h1>\n[\/vc_column_text][vc_separator color=&#8221;custom&#8221; style=&#8221;shadow&#8221; el_width=&#8221;60&#8243; css=&#8221;.vc_custom_1640261805459{padding-bottom: 0px !important;}&#8221; accent_color=&#8221;#414c56&#8243;][vc_column_text css=&#8221;.vc_custom_1763137272330{margin-bottom: 0px !important;}&#8221;]\n<h3><b>Lekcje face-to-face w \u0141odzi<\/b><\/h3>\n<p>Lekcje face-to-face na terenie \u0141odzi trwaj\u0105 35, 45 lub 60 minut.<\/p>\n<p>&nbsp;<\/p>\n<h3><b>Zaj\u0119cia w firmach w Warszawie i \u0141odzi<\/b><\/h3>\n<p>Zaj\u0119cia w firmach w Warszawie i \u0141odzi trwaj\u0105 45, 60 lub 90 minut \u2013 czas trwania ustalamy indywidualnie.<\/p>\n<p>&nbsp;<\/p>\n<h3><b>Zaj\u0119cia online<\/b><\/h3>\n<p>Zaj\u0119cia online nie maj\u0105 sta\u0142ej d\u0142ugo\u015bci. Uczniowie wykupuj\u0105 z g\u00f3ry pakiet minut, a ja prowadz\u0119 rejestr wykorzystanego czasu. Minimalny czas trwania jednej lekcji online wynosi 20 minut. Z mojego do\u015bwiadczenia wynika, \u017ce lepiej jest mie\u0107 kr\u00f3tsze, ale regularne zaj\u0119cia (np. co trzy\u2013cztery dni) ni\u017c jedn\u0105 d\u0142ug\u0105 lekcj\u0119 raz w tygodniu.<\/p>\n<p>Je\u015bli jednak wolisz lekcje online trwaj\u0105ce 45, 60 lub 90 minut, prosz\u0119 o informacj\u0119 \u2013 rozwa\u017c\u0119 tak\u0105 mo\u017cliwo\u015b\u0107.<\/p>\n<p>&nbsp;<\/p>\n<h3><b>Ceny kurs\u00f3w j\u0119zyka angielskiego<\/b><\/h3>\n<p>Prowadz\u0119 kursy angielskiego online dla os\u00f3b z Polski i z ca\u0142ego \u015bwiata.<\/p>\n<p>W listopadzie 2025 r. wprowadzi\u0142em jednolit\u0105 cen\u0119 dla wszystkich kurs\u00f3w \u2013 niezale\u017cnie od tego, czy s\u0105 to kursy j\u0119zyka angielskiego og\u00f3lnego, kursy przygotowuj\u0105ce do egzamin\u00f3w czy te\u017c kursy specjalistyczne.<\/p>\n<p>Prowadz\u0119 dzia\u0142alno\u015b\u0107 gospodarcz\u0105 w Polsce i mog\u0119 wystawia\u0107 faktury. Studenci z kraj\u00f3w europejskich innych ni\u017c Polska mog\u0105 p\u0142aci\u0107 w euro na m\u00f3j rachunek walutowy. Istnieje r\u00f3wnie\u017c mo\u017cliwo\u015b\u0107 p\u0142atno\u015bci przez PayPal w funtach brytyjskich.[\/vc_column_text][vc_column_text css=&#8221;.vc_custom_1763383106357{margin-top: 20px !important;margin-bottom: 20px !important;padding-top: 20px !important;padding-right: 20px !important;padding-bottom: 20px !important;padding-left: 20px !important;background-color: #EAEAEA !important;}&#8221;]\n<table id=\"tablepress-40\" class=\"tablepress tablepress-id-40\">\n<tbody>\n<tr class=\"row-1\">\n\t<td class=\"column-1\">60 minut<\/td><td class=\"column-2\">21,90 EUR - przelew do banku w Polsce<br \/>\n18,90 GBP - przelew do banku w Wielkiej Brytanii<br \/>\n19,90 GBP - PayPal<br \/>\n96,00 PLN - przelew do banku w Polsce<\/td>\n<\/tr>\n<\/tbody>\n<\/table>\n<!-- #tablepress-40 from cache -->[\/vc_column_text][\/vc_column][vc_column width=&#8221;1\/6&#8243;][\/vc_column][\/vc_row]\n<\/div>","protected":false},"excerpt":{"rendered":"<p>[vc_row][vc_column width=&#8221;1\/6&#8243;][\/vc_column][vc_column width=&#8221;2\/3&#8243;][vc_column_text css=&#8221;.vc_custom_1763115688812{margin-bottom: 20px !important;}&#8221;] Ceny za kursy online i zaj\u0119cia face-to-face z Native Speakerem w \u0141odzi [\/vc_column_text][vc_separator color=&#8221;custom&#8221; style=&#8221;shadow&#8221; el_width=&#8221;60&#8243; css=&#8221;.vc_custom_1640261805459{padding-bottom: 0px !important;}&#8221; accent_color=&#8221;#414c56&#8243;][vc_column_text css=&#8221;.vc_custom_1763137272330{margin-bottom: 0px !important;}&#8221;] Lekcje face-to-face w \u0141odzi Lekcje face-to-face na terenie \u0141odzi trwaj\u0105 35, 45 lub 60 minut. &nbsp; Zaj\u0119cia w firmach w Warszawie i \u0141odzi Zaj\u0119cia w firmach [&hellip;]<\/p>\n","protected":false},"author":1,"featured_media":0,"parent":0,"menu_order":0,"comment_status":"closed","ping_status":"closed","template":"","meta":{"footnotes":""},"class_list":["post-2870","page","type-page","status-publish","hentry"],"yoast_head":"<!-- This site is optimized with the Yoast SEO plugin v27.3 - https:\/\/yoast.com\/product\/yoast-seo-wordpress\/ -->\n<title>CENY - Lekcje j\u0119zyka angielskiego online | Kursy internetowe<\/title>\n<meta name=\"description\" content=\"Nauka j\u0119zyka angielskiego online z nativem. Kursy internetowe. Lekcje angielskiego przez Skype i Zoom.\" \/>\n<meta name=\"robots\" content=\"index, follow, max-snippet:-1, max-image-preview:large, max-video-preview:-1\" \/>\n<link rel=\"canonical\" href=\"https:\/\/englishcoachonline.com\/pl\/ceny\/\" \/>\n<meta property=\"og:locale\" content=\"pl_PL\" \/>\n<meta property=\"og:type\" content=\"article\" \/>\n<meta property=\"og:title\" content=\"CENY - Lekcje j\u0119zyka angielskiego online | Kursy internetowe\" \/>\n<meta property=\"og:description\" content=\"Nauka j\u0119zyka angielskiego online z nativem. Kursy internetowe. Lekcje angielskiego przez Skype i Zoom.\" \/>\n<meta property=\"og:url\" content=\"https:\/\/englishcoachonline.com\/pl\/ceny\/\" \/>\n<meta property=\"og:site_name\" content=\"English Coach Online\" \/>\n<meta property=\"article:publisher\" content=\"https:\/\/www.facebook.com\/pelcenglishcoach\/\" \/>\n<meta property=\"article:modified_time\" content=\"2025-11-17T12:38:27+00:00\" \/>\n<meta property=\"og:image\" content=\"https:\/\/englishcoachonline.com\/wp-content\/uploads\/2017\/12\/steve-kraj-english-skype-lessons-teacher-online-4.jpg\" \/>\n\t<meta property=\"og:image:width\" content=\"1200\" \/>\n\t<meta property=\"og:image:height\" content=\"628\" \/>\n\t<meta property=\"og:image:type\" content=\"image\/jpeg\" \/>\n<meta name=\"twitter:card\" content=\"summary_large_image\" \/>\n<meta name=\"twitter:site\" content=\"@ELTblogger\" \/>\n<meta name=\"twitter:label1\" content=\"Szacowany czas czytania\" \/>\n\t<meta name=\"twitter:data1\" content=\"1 minuta\" \/>\n<script type=\"application\/ld+json\" class=\"yoast-schema-graph\">{\"@context\":\"https:\\\/\\\/schema.org\",\"@graph\":[{\"@type\":\"WebPage\",\"@id\":\"https:\\\/\\\/englishcoachonline.com\\\/pl\\\/ceny\\\/\",\"url\":\"https:\\\/\\\/englishcoachonline.com\\\/pl\\\/ceny\\\/\",\"name\":\"CENY - Lekcje j\u0119zyka angielskiego online | Kursy internetowe\",\"isPartOf\":{\"@id\":\"https:\\\/\\\/englishcoachonline.com\\\/#website\"},\"datePublished\":\"2020-02-11T15:48:35+00:00\",\"dateModified\":\"2025-11-17T12:38:27+00:00\",\"description\":\"Nauka j\u0119zyka angielskiego online z nativem. Kursy internetowe. Lekcje angielskiego przez Skype i Zoom.\",\"breadcrumb\":{\"@id\":\"https:\\\/\\\/englishcoachonline.com\\\/pl\\\/ceny\\\/#breadcrumb\"},\"inLanguage\":\"pl-PL\",\"potentialAction\":[{\"@type\":\"ReadAction\",\"target\":[\"https:\\\/\\\/englishcoachonline.com\\\/pl\\\/ceny\\\/\"]}]},{\"@type\":\"BreadcrumbList\",\"@id\":\"https:\\\/\\\/englishcoachonline.com\\\/pl\\\/ceny\\\/#breadcrumb\",\"itemListElement\":[{\"@type\":\"ListItem\",\"position\":1,\"name\":\"Home\",\"item\":\"https:\\\/\\\/englishcoachonline.com\\\/pl\\\/\"},{\"@type\":\"ListItem\",\"position\":2,\"name\":\"CENY\"}]},{\"@type\":\"WebSite\",\"@id\":\"https:\\\/\\\/englishcoachonline.com\\\/#website\",\"url\":\"https:\\\/\\\/englishcoachonline.com\\\/\",\"name\":\"English Coach Online\",\"description\":\"Personalised online English lessons\",\"publisher\":{\"@id\":\"https:\\\/\\\/englishcoachonline.com\\\/#organization\"},\"potentialAction\":[{\"@type\":\"SearchAction\",\"target\":{\"@type\":\"EntryPoint\",\"urlTemplate\":\"https:\\\/\\\/englishcoachonline.com\\\/?s={search_term_string}\"},\"query-input\":{\"@type\":\"PropertyValueSpecification\",\"valueRequired\":true,\"valueName\":\"search_term_string\"}}],\"inLanguage\":\"pl-PL\"},{\"@type\":\"Organization\",\"@id\":\"https:\\\/\\\/englishcoachonline.com\\\/#organization\",\"name\":\"Personalised English Language Courses (PELC)\",\"url\":\"https:\\\/\\\/englishcoachonline.com\\\/\",\"logo\":{\"@type\":\"ImageObject\",\"inLanguage\":\"pl-PL\",\"@id\":\"https:\\\/\\\/englishcoachonline.com\\\/#\\\/schema\\\/logo\\\/image\\\/\",\"url\":\"https:\\\/\\\/englishcoachonline.com\\\/wp-content\\\/uploads\\\/2020\\\/01\\\/pelc-scaled-e1579541418776.jpg\",\"contentUrl\":\"https:\\\/\\\/englishcoachonline.com\\\/wp-content\\\/uploads\\\/2020\\\/01\\\/pelc-scaled-e1579541418776.jpg\",\"width\":1811,\"height\":672,\"caption\":\"Personalised English Language Courses (PELC)\"},\"image\":{\"@id\":\"https:\\\/\\\/englishcoachonline.com\\\/#\\\/schema\\\/logo\\\/image\\\/\"},\"sameAs\":[\"https:\\\/\\\/www.facebook.com\\\/pelcenglishcoach\\\/\",\"https:\\\/\\\/x.com\\\/ELTblogger\",\"https:\\\/\\\/www.linkedin.com\\\/in\\\/steve-komi\\\/\",\"https:\\\/\\\/www.youtube.com\\\/channel\\\/UCFst92augT1KENATnLznlQQ\\\/videos?view_as=subscriber\"]}]}<\/script>\n<!-- \/ Yoast SEO plugin. -->","yoast_head_json":{"title":"CENY - Lekcje j\u0119zyka angielskiego online | Kursy internetowe","description":"Nauka j\u0119zyka angielskiego online z nativem. Kursy internetowe. Lekcje angielskiego przez Skype i Zoom.","robots":{"index":"index","follow":"follow","max-snippet":"max-snippet:-1","max-image-preview":"max-image-preview:large","max-video-preview":"max-video-preview:-1"},"canonical":"https:\/\/englishcoachonline.com\/pl\/ceny\/","og_locale":"pl_PL","og_type":"article","og_title":"CENY - Lekcje j\u0119zyka angielskiego online | Kursy internetowe","og_description":"Nauka j\u0119zyka angielskiego online z nativem. Kursy internetowe. Lekcje angielskiego przez Skype i Zoom.","og_url":"https:\/\/englishcoachonline.com\/pl\/ceny\/","og_site_name":"English Coach Online","article_publisher":"https:\/\/www.facebook.com\/pelcenglishcoach\/","article_modified_time":"2025-11-17T12:38:27+00:00","og_image":[{"width":1200,"height":628,"url":"https:\/\/englishcoachonline.com\/wp-content\/uploads\/2017\/12\/steve-kraj-english-skype-lessons-teacher-online-4.jpg","type":"image\/jpeg"}],"twitter_card":"summary_large_image","twitter_site":"@ELTblogger","twitter_misc":{"Szacowany czas czytania":"1 minuta"},"schema":{"@context":"https:\/\/schema.org","@graph":[{"@type":"WebPage","@id":"https:\/\/englishcoachonline.com\/pl\/ceny\/","url":"https:\/\/englishcoachonline.com\/pl\/ceny\/","name":"CENY - Lekcje j\u0119zyka angielskiego online | Kursy internetowe","isPartOf":{"@id":"https:\/\/englishcoachonline.com\/#website"},"datePublished":"2020-02-11T15:48:35+00:00","dateModified":"2025-11-17T12:38:27+00:00","description":"Nauka j\u0119zyka angielskiego online z nativem. Kursy internetowe. Lekcje angielskiego przez Skype i Zoom.","breadcrumb":{"@id":"https:\/\/englishcoachonline.com\/pl\/ceny\/#breadcrumb"},"inLanguage":"pl-PL","potentialAction":[{"@type":"ReadAction","target":["https:\/\/englishcoachonline.com\/pl\/ceny\/"]}]},{"@type":"BreadcrumbList","@id":"https:\/\/englishcoachonline.com\/pl\/ceny\/#breadcrumb","itemListElement":[{"@type":"ListItem","position":1,"name":"Home","item":"https:\/\/englishcoachonline.com\/pl\/"},{"@type":"ListItem","position":2,"name":"CENY"}]},{"@type":"WebSite","@id":"https:\/\/englishcoachonline.com\/#website","url":"https:\/\/englishcoachonline.com\/","name":"English Coach Online","description":"Personalised online English lessons","publisher":{"@id":"https:\/\/englishcoachonline.com\/#organization"},"potentialAction":[{"@type":"SearchAction","target":{"@type":"EntryPoint","urlTemplate":"https:\/\/englishcoachonline.com\/?s={search_term_string}"},"query-input":{"@type":"PropertyValueSpecification","valueRequired":true,"valueName":"search_term_string"}}],"inLanguage":"pl-PL"},{"@type":"Organization","@id":"https:\/\/englishcoachonline.com\/#organization","name":"Personalised English Language Courses (PELC)","url":"https:\/\/englishcoachonline.com\/","logo":{"@type":"ImageObject","inLanguage":"pl-PL","@id":"https:\/\/englishcoachonline.com\/#\/schema\/logo\/image\/","url":"https:\/\/englishcoachonline.com\/wp-content\/uploads\/2020\/01\/pelc-scaled-e1579541418776.jpg","contentUrl":"https:\/\/englishcoachonline.com\/wp-content\/uploads\/2020\/01\/pelc-scaled-e1579541418776.jpg","width":1811,"height":672,"caption":"Personalised English Language Courses (PELC)"},"image":{"@id":"https:\/\/englishcoachonline.com\/#\/schema\/logo\/image\/"},"sameAs":["https:\/\/www.facebook.com\/pelcenglishcoach\/","https:\/\/x.com\/ELTblogger","https:\/\/www.linkedin.com\/in\/steve-komi\/","https:\/\/www.youtube.com\/channel\/UCFst92augT1KENATnLznlQQ\/videos?view_as=subscriber"]}]}},"_links":{"self":[{"href":"https:\/\/englishcoachonline.com\/pl\/wp-json\/wp\/v2\/pages\/2870","targetHints":{"allow":["GET"]}}],"collection":[{"href":"https:\/\/englishcoachonline.com\/pl\/wp-json\/wp\/v2\/pages"}],"about":[{"href":"https:\/\/englishcoachonline.com\/pl\/wp-json\/wp\/v2\/types\/page"}],"author":[{"embeddable":true,"href":"https:\/\/englishcoachonline.com\/pl\/wp-json\/wp\/v2\/users\/1"}],"replies":[{"embeddable":true,"href":"https:\/\/englishcoachonline.com\/pl\/wp-json\/wp\/v2\/comments?post=2870"}],"version-history":[{"count":33,"href":"https:\/\/englishcoachonline.com\/pl\/wp-json\/wp\/v2\/pages\/2870\/revisions"}],"predecessor-version":[{"id":14465,"href":"https:\/\/englishcoachonline.com\/pl\/wp-json\/wp\/v2\/pages\/2870\/revisions\/14465"}],"wp:attachment":[{"href":"https:\/\/englishcoachonline.com\/pl\/wp-json\/wp\/v2\/media?parent=2870"}],"curies":[{"name":"wp","href":"https:\/\/api.w.org\/{rel}","templated":true}]}}