{"id":856,"date":"2017-11-06T20:48:31","date_gmt":"2017-11-06T18:48:31","guid":{"rendered":"https:\/\/englishcoachonline.com\/?page_id=856\/"},"modified":"2025-10-26T18:26:54","modified_gmt":"2025-10-26T16:26:54","slug":"o-mnie","status":"publish","type":"page","link":"https:\/\/englishcoachonline.com\/pl\/o-mnie\/","title":{"rendered":"O MNIE"},"content":{"rendered":"<div class=\"wpb-content-wrapper\">[vc_row][vc_column][vc_custom_heading text=&#8221;<strong>Tw\u00f3j korepetytor j\u0119zyka angielskiego z Wielkiej Brytanii<\/strong>&#8221; font_container=&#8221;tag:h1|text_align:center&#8221; use_theme_fonts=&#8221;yes&#8221;][\/vc_column][\/vc_row][vc_row][vc_column width=&#8221;1\/6&#8243;][\/vc_column][vc_column width=&#8221;2\/3&#8243; offset=&#8221;vc_hidden-sm vc_hidden-xs&#8221;][vc_column_text css=&#8221;.vc_custom_1755842313394{margin-bottom: 0px !important;}&#8221;]<span style=\"font-weight: 400;\"><img loading=\"lazy\" decoding=\"async\" class=\"alignright wp-image-6677\" src=\"https:\/\/englishcoachonline.com\/wp-content\/uploads\/2021\/12\/steven-1-scaled-200x300.webp\" alt=\"\" width=\"240\" height=\"360\" srcset=\"https:\/\/englishcoachonline.com\/wp-content\/uploads\/2021\/12\/steven-1-scaled-200x300.webp 200w, https:\/\/englishcoachonline.com\/wp-content\/uploads\/2021\/12\/steven-1-scaled-683x1024.webp 683w, https:\/\/englishcoachonline.com\/wp-content\/uploads\/2021\/12\/steven-1-768x1152.webp 768w, https:\/\/englishcoachonline.com\/wp-content\/uploads\/2021\/12\/steven-1-1024x1536.webp 1024w, https:\/\/englishcoachonline.com\/wp-content\/uploads\/2021\/12\/steven-1-1365x2048.webp 1365w, https:\/\/englishcoachonline.com\/wp-content\/uploads\/2021\/12\/steven-1-scaled.webp 1707w\" sizes=\"auto, (max-width: 240px) 100vw, 240px\" \/><\/span><\/p>\n<p><span style=\"font-weight: 400;\">Uczy\u0142em osoby z r\u00f3\u017cnych pa\u0144stw w rozmaitych celach. Opr\u00f3cz nauczania j\u0119zyka angielskiego og\u00f3lnego w Polsce, Bo\u015bni i Zjednoczonym Kr\u00f3lestwie, uczy\u0142em tak\u017ce akademickich umiej\u0119tno\u015bci pisania na University of Southampton w Anglii.<\/span><\/p>\n<p style=\"text-align: justify;\">Po zdobyciu do\u015bwiadczenia w zakresie nauczania w Europie, zacz\u0105\u0142em cz\u0119\u015bciej my\u015ble\u0107 o rozwoju zawodowym. Uzna\u0142em bowiem, \u017ce zar\u00f3wno dla mnie, jak i dla moich student\u00f3w przydatne b\u0119dzie poznanie przeze mnie teorii opanowywania j\u0119zyka oraz strategii jego nauki. W zwi\u0105zku z tym w 2009 roku zdecydowa\u0142em si\u0119 rozpocz\u0105\u0107 studia magisterskie w zakresie nauczania j. angielskiego. Pozwoli\u0142y mi one przeprowadzi\u0107 ogromn\u0105 liczb\u0119 bada\u0144 nad r\u00f3\u017cnorakimi strategiami nauki s\u0142ownictwa i kolokacji.<\/p>\n<p style=\"text-align: justify;\">Od stycznia 2012 do czerwca 2013 roku uczy\u0142em kierownik\u00f3w i pracownik\u00f3w kilku ma\u0142ych i \u015brednich przedsi\u0119biorstw w \u0141odzi. Ten okres mojej kariery wspominam ze szczeg\u00f3lnym sentymentem, jako \u017ce nie musia\u0142em stosowa\u0107 si\u0119 do okre\u015blonego programu nauczania. Mog\u0142em prowadzi\u0107 uczni\u00f3w w kierunku, w kt\u00f3rym chcia\u0142em, by pod\u0105\u017cali, i wiele nauczy\u0142em si\u0119 o tworzeniu materia\u0142\u00f3w.<\/p>\n<p style=\"text-align: justify;\">W ostatnich latach prowadzi\u0142em zaj\u0119cia online dla uczni\u00f3w pochodz\u0105cych g\u0142\u00f3wnie z Chin, Hongkongu, Korei Po\u0142udniowej, Polski i Rosji. Jestem szczeg\u00f3lnie dumny z rozwoju mojego <strong><a href=\"https:\/\/englishcoachonline.com\/pl\/zajecia\/egzamin-angielskiego-c2-proficiency-kurs\/\">kursu online Egzamin z angielskiego C2 Proficiency<\/a><\/strong>. Prowadz\u0119 r\u00f3wnie\u017c bloga, na kt\u00f3rym opisuj\u0119 metody uczenia si\u0119 i nauczania, udzielam uczniom porad i publikuj\u0119 niekt\u00f3re moje teksty.<\/p>\n<p style=\"text-align: justify;\">Mieszkam w \u0141odzi. Niekt\u00f3rzy twierdz\u0105, \u017ce to brzydkie miejsce, ale ja mam w tej kwestii odmienne zdanie!<\/p>\n<p>W wolnym czasie gram na gitarze oraz w snookera i golfa. Prowadz\u0119 te\u017c blog \u2013 <strong><a href=\"https:\/\/findingpoland.com\" target=\"_blank\" rel=\"noopener\">\u201cFinding Poland\u201d<\/a><\/strong> &#8211; gdzie publikuj\u0119 posty o moim \u017cyciu w Polsce, polskiej kulturze oraz ciekawych miejscach do zwiedzania.<\/p>\n<p>&nbsp;<\/p>\n<h3><b>CV i istotne osi\u0105gni\u0119cia<\/b><\/h3>\n<p>2021 &#8211; Uruchomienie <strong>Komified<\/strong> &#8211; mi\u0119dzyplatformowej aplikacji mobilnej do nauki j\u0119zyka angielskiego<\/p>\n<p><span style=\"font-weight: 400;\">2019 &#8211; Rozpocz\u0105\u0142em prowadzenia profesjonalnego bloga skierowanego do nauczycieli j. angielskiego i os\u00f3b ucz\u0105cych si\u0119 tego j\u0119zyka:<\/span><strong> <a href=\"https:\/\/englishcoachonline.com\/blog\/\" target=\"_blank\" rel=\"noopener noreferrer\">https:\/\/englishcoachonline.com\/blog\/<\/a><\/strong><\/p>\n<p>2018 &#8211; Wdro\u017cenie <em>Personalised Language Input System<\/em> (PLIS &#8211; spersonalizowanego systemu wprowadzania tekstu) jako metody uczenia si\u0119 j\u0119zyk\u00f3w obcych<\/p>\n<p>2017 &#8211; Wprowadzenie <em>Personalised English Language Courses<\/em> (PELC &#8211; spersonalizowanych kurs\u00f3w j\u0119zyka angielskiego) &#8211; strona promuj\u0105ca moje kursy i metody nauczania<\/p>\n<p>2015 &#8211; Przeprowadzenie sesji rozwoju nauczycieli w British Council w Belgradzie w Serbii pt. &#8222;Sugestie dotycz\u0105ce nauczania leksyki i humanizowania polece\u0144&#8221;<\/p>\n<p>2015 &#8211; Wyg\u0142oszenie wyk\u0142adu w American Corner w Nowym Sadzie w Serbii pt. &#8222;Humanizacja nauczania j\u0119zyk\u00f3w i leksykalne podej\u015bcie do polece\u0144&#8221;<\/p>\n<p>2014 &#8211; Utworzenie bloga prezentuj\u0105cego cechy wymowy brytyjskiej i porady dla nauczycieli oraz uczni\u00f3w<\/p>\n<p>2014-2016 &#8211; Prowadzenie wyk\u0142ad\u00f3w na Uniwersytecie w Nowym Sadzie w Serbii<\/p>\n<p>2012 &#8211; Uzyskanie certyfikatu w zakresie mi\u0119dzynarodowego nauczania biznesowego j\u0119zyka angielskiego (Cert IBET), LTS Training and Consulting, Bath, Wielka Brytania<\/p>\n<p>2011-2014 &#8211; Prowadzenie letnich wyk\u0142ad\u00f3w na University of Southampton w Wielkiej Brytanii<\/p>\n<p>2011 &#8211; Uko\u0144czenie pracy (magisterskiej) pt. &#8222;Do jakiego stopnia chi\u0144scy kandydaci na studia mog\u0105 by\u0107 zach\u0119cani do krytycznej oceny w\u0142asnych strategii uczenia si\u0119 s\u0142ownictwa i s\u0105 gotowi na przyj\u0119cie nowych?&#8221;<\/p>\n<p>2009-2011 &#8211; Uzyskanie stopnia magistra nauczania j\u0119zyka angielskiego (MA ELT), The Nottingham Trent University, Nottingham, Wielka Brytania<\/p>\n<p>2006 &#8211; Uzyskanie kwalifikacji CELTA (kurs podstawowy nauczania j\u0119zyka angielskiego jako obcego), International House, Krak\u00f3w, Polska<\/p>\n<p style=\"text-align: left;\">2003-2006 &#8211; Uzyskanie stopnia licencjata z historii, The Nottingham Trent University, Nottingham, Wielka Brytania<\/p>\n[\/vc_column_text][\/vc_column][vc_column width=&#8221;1\/6&#8243;][\/vc_column][\/vc_row][vc_row][vc_column width=&#8221;1\/6&#8243;][\/vc_column][vc_column width=&#8221;2\/3&#8243; offset=&#8221;vc_hidden-lg vc_hidden-md&#8221;][vc_column_text css=&#8221;.vc_custom_1650263674656{margin-bottom: 0px !important;}&#8221;]<img loading=\"lazy\" decoding=\"async\" class=\"wp-image-6677 aligncenter\" src=\"https:\/\/englishcoachonline.com\/wp-content\/uploads\/2021\/12\/steven-1-scaled-200x300.webp\" alt=\"\" width=\"240\" height=\"360\" srcset=\"https:\/\/englishcoachonline.com\/wp-content\/uploads\/2021\/12\/steven-1-scaled-200x300.webp 200w, https:\/\/englishcoachonline.com\/wp-content\/uploads\/2021\/12\/steven-1-scaled-683x1024.webp 683w, https:\/\/englishcoachonline.com\/wp-content\/uploads\/2021\/12\/steven-1-768x1152.webp 768w, https:\/\/englishcoachonline.com\/wp-content\/uploads\/2021\/12\/steven-1-1024x1536.webp 1024w, https:\/\/englishcoachonline.com\/wp-content\/uploads\/2021\/12\/steven-1-1365x2048.webp 1365w, https:\/\/englishcoachonline.com\/wp-content\/uploads\/2021\/12\/steven-1-scaled.webp 1707w\" sizes=\"auto, (max-width: 240px) 100vw, 240px\" \/>[\/vc_column_text][vc_column_text css=&#8221;.vc_custom_1737492260649{margin-bottom: 0px !important;}&#8221;]Mieszkam w pi\u0119knym polskim mie\u015bcie Gda\u0144sku. W wolnym czasie gram na gitarze oraz w snookera i golfa.<\/p>\n<p><span style=\"font-weight: 400;\">Uczy\u0142em osoby z r\u00f3\u017cnych pa\u0144stw w rozmaitych celach. Opr\u00f3cz nauczania j\u0119zyka angielskiego og\u00f3lnego w Polsce, Bo\u015bni i Zjednoczonym Kr\u00f3lestwie, uczy\u0142em tak\u017ce akademickich umiej\u0119tno\u015bci pisania na University of Southampton w Anglii.<\/span><\/p>\n<p style=\"text-align: justify;\">Po zdobyciu do\u015bwiadczenia w zakresie nauczania w Europie, zacz\u0105\u0142em cz\u0119\u015bciej my\u015ble\u0107 o rozwoju zawodowym. Uzna\u0142em bowiem, \u017ce zar\u00f3wno dla mnie, jak i dla moich student\u00f3w przydatne b\u0119dzie poznanie przeze mnie teorii opanowywania j\u0119zyka oraz strategii jego nauki. W zwi\u0105zku z tym w 2009 r zdecydowa\u0142em si\u0119 rozpocz\u0105\u0107 studia magisterskie w zakresie nauczania j. angielskiego. Pozwoli\u0142y mi one przeprowadzi\u0107 ogromn\u0105 liczb\u0119 bada\u0144 nad r\u00f3\u017cnorakimi strategiami nauki s\u0142ownictwa i kolokacji.<\/p>\n<p style=\"text-align: justify;\">Od stycznia 2012 do czerwca 2013 roku uczy\u0142em kierownik\u00f3w i pracownik\u00f3w kilku ma\u0142ych i \u015brednich przedsi\u0119biorstw w \u0141odzi. Ten okres mojej kariery wspominam ze szczeg\u00f3lnym sentymentem, jako \u017ce nie musia\u0142em stosowa\u0107 si\u0119 do okre\u015blonego programu nauczania. Mog\u0142em prowadzi\u0107 uczni\u00f3w w kierunku, w kt\u00f3rym chcia\u0142em, by pod\u0105\u017cali, i wiele nauczy\u0142em si\u0119 o tworzeniu materia\u0142\u00f3w.<\/p>\n<p style=\"text-align: justify;\">W ostatnich latach prowadzi\u0142em zaj\u0119cia online dla uczni\u00f3w pochodz\u0105cych g\u0142\u00f3wnie z Chin, Hongkongu, Korei Po\u0142udniowej, Polski i Rosji. Prowadz\u0119 r\u00f3wnie\u017c bloga, na kt\u00f3rym opisuj\u0119 metody uczenia si\u0119 i nauczania, udzielam uczniom porad i publikuj\u0119 niekt\u00f3re moje teksty.<\/p>\n<p style=\"text-align: justify;\">Mieszkam w \u0141odzi. Niekt\u00f3rzy twierdz\u0105, \u017ce to brzydkie miejsce, ale ja mam w tej kwestii odmienne zdanie!<\/p>\n<p>W wolnym czasie gram na gitarze oraz w snookera i golfa. Prowadz\u0119 te\u017c blog \u2013 <strong><a href=\"https:\/\/findingpoland.com\" target=\"_blank\" rel=\"noopener\">\u201cFinding Poland\u201d<\/a><\/strong> &#8211; gdzie publikuj\u0119 posty o moim \u017cyciu w Polsce, polskiej kulturze oraz ciekawych miejscach do zwiedzania.<\/p>\n<p>&nbsp;<\/p>\n<h3><b>CV i istotne osi\u0105gni\u0119cia<\/b><\/h3>\n<p>2021 &#8211; Uruchomienie <strong>Komified<\/strong> &#8211; mi\u0119dzyplatformowej aplikacji mobilnej do nauki j\u0119zyka angielskiego<\/p>\n<p><span style=\"font-weight: 400;\">2019 &#8211; Rozpocz\u0105\u0142em prowadzenia profesjonalnego bloga skierowanego do nauczycieli j. angielskiego i os\u00f3b ucz\u0105cych si\u0119 tego j\u0119zyka:\u00a0<\/span><a href=\"https:\/\/englishcoachonline.com\/blog\/\" target=\"_blank\" rel=\"noopener noreferrer\">https:\/\/englishcoachonline.com\/blog\/<\/a><\/p>\n<p>2018 &#8211; Wdro\u017cenie <em>Personalised Language Input System<\/em> (PLIS &#8211; spersonalizowanego systemu wprowadzania tekstu) jako metody uczenia si\u0119 j\u0119zyk\u00f3w obcych<\/p>\n<p>2017 &#8211; Wprowadzenie <em>Personalised English Language Courses<\/em> (PELC &#8211; spersonalizowanych kurs\u00f3w j\u0119zyka angielskiego) &#8211; strona promuj\u0105ca moje kursy i metody nauczania<\/p>\n<p>2015 &#8211; Przeprowadzenie sesji rozwoju nauczycieli w British Council w Belgradzie w Serbii pt. &#8222;Sugestie dotycz\u0105ce nauczania leksyki i humanizowania polece\u0144&#8221;<\/p>\n<p>2015 &#8211; Wyg\u0142oszenie wyk\u0142adu w American Corner w Nowym Sadzie w Serbii pt. &#8222;Humanizacja nauczania j\u0119zyk\u00f3w i leksykalne podej\u015bcie do polece\u0144&#8221;<\/p>\n<p>2014 &#8211; Utworzenie bloga prezentuj\u0105cego cechy wymowy brytyjskiej i porady dla nauczycieli oraz uczni\u00f3w<\/p>\n<p>2014-2016 &#8211; Prowadzenie wyk\u0142ad\u00f3w na Uniwersytecie w Nowym Sadzie w Serbii<\/p>\n<p>2012 &#8211; Uzyskanie certyfikatu w zakresie mi\u0119dzynarodowego nauczania biznesowego j\u0119zyka angielskiego (Cert IBET), LTS Training and Consulting, Bath, Wielka Brytania<\/p>\n<p>2011-2014 &#8211; Prowadzenie letnich wyk\u0142ad\u00f3w na University of Southampton w Wielkiej Brytanii<\/p>\n<p>2011 &#8211; Uko\u0144czenie pracy (magisterskiej) pt. &#8222;Do jakiego stopnia chi\u0144scy kandydaci na studia mog\u0105 by\u0107 zach\u0119cani do krytycznej oceny w\u0142asnych strategii uczenia si\u0119 s\u0142ownictwa i s\u0105 gotowi na przyj\u0119cie nowych?&#8221;<\/p>\n<p>2009-2011 &#8211; Uzyskanie stopnia magistra nauczania j\u0119zyka angielskiego (MA ELT), The Nottingham Trent University, Nottingham, Wielka Brytania<\/p>\n<p>2006 &#8211; Uzyskanie kwalifikacji CELTA (kurs podstawowy nauczania j\u0119zyka angielskiego jako obcego), International House, Krak\u00f3w, Polska<\/p>\n<p style=\"text-align: left;\">2003-2006 &#8211; Uzyskanie stopnia licencjata z historii, The Nottingham Trent University, Nottingham, Wielka Brytania<\/p>\n[\/vc_column_text][\/vc_column][vc_column width=&#8221;1\/6&#8243;][\/vc_column][\/vc_row][vc_row fullwidth=&#8221;true&#8221; fullwidth_content=&#8221;false&#8221; css=&#8221;.vc_custom_1501323442500{padding-top: 80px !important;padding-bottom: 80px !important;background-color: #8f1841 !important;}&#8221;][vc_column][vc_column_text margin_bottom=&#8221;50&#8243;]\n<h2 style=\"text-align: center; color: white;\">Przejd\u017a na wy\u017cszy poziom znajomo\u015bci j\u0119zyka angielskiego!<\/h2>\n[\/vc_column_text][mk_button corner_style=&#8221;full_rounded&#8221; size=&#8221;large&#8221; url=&#8221;\/pl\/enrol&#8221; align=&#8221;center&#8221; margin_top=&#8221;20&#8243; bg_color=&#8221;#ffffff&#8221; text_color=&#8221;dark&#8221;]Zapisz si\u0119 na BEZP\u0141ATN\u0104 lekcj\u0119 pr\u00f3bn\u0105 ju\u017c dzi\u015b![\/mk_button][\/vc_column][\/vc_row]\n<\/div>","protected":false},"excerpt":{"rendered":"<p>[vc_row][vc_column][vc_custom_heading text=&#8221;Tw\u00f3j korepetytor j\u0119zyka angielskiego z Wielkiej Brytanii&#8221; font_container=&#8221;tag:h1|text_align:center&#8221; use_theme_fonts=&#8221;yes&#8221;][\/vc_column][\/vc_row][vc_row][vc_column width=&#8221;1\/6&#8243;][\/vc_column][vc_column width=&#8221;2\/3&#8243; offset=&#8221;vc_hidden-sm vc_hidden-xs&#8221;][vc_column_text css=&#8221;.vc_custom_1755842313394{margin-bottom: 0px !important;}&#8221;] Uczy\u0142em osoby z r\u00f3\u017cnych pa\u0144stw w rozmaitych celach. Opr\u00f3cz nauczania j\u0119zyka angielskiego og\u00f3lnego w Polsce, Bo\u015bni i Zjednoczonym Kr\u00f3lestwie, uczy\u0142em tak\u017ce akademickich umiej\u0119tno\u015bci pisania na University of Southampton w Anglii. Po zdobyciu do\u015bwiadczenia w zakresie nauczania w Europie, [&hellip;]<\/p>\n","protected":false},"author":1,"featured_media":0,"parent":0,"menu_order":0,"comment_status":"closed","ping_status":"closed","template":"","meta":{"footnotes":""},"class_list":["post-856","page","type-page","status-publish","hentry"],"yoast_head":"<!-- This site is optimized with the Yoast SEO plugin v27.4 - https:\/\/yoast.com\/product\/yoast-seo-wordpress\/ -->\n<title>Brytyjski native speaker Gda\u0144sk - English Coach Online<\/title>\n<meta name=\"description\" content=\"Brytyjski native speaker Gda\u0144sk. Nauczyciel angielskiego ze Zjednoczonego Kr\u00f3lestwa oferuj\u0119 wysokiej jako\u015bci lekcje przez Skype i osobnie od 2012 r.\" \/>\n<meta name=\"robots\" content=\"index, follow, max-snippet:-1, max-image-preview:large, max-video-preview:-1\" \/>\n<link rel=\"canonical\" href=\"https:\/\/englishcoachonline.com\/pl\/o-mnie\/\" \/>\n<meta property=\"og:locale\" content=\"pl_PL\" \/>\n<meta property=\"og:type\" content=\"article\" \/>\n<meta property=\"og:title\" content=\"Brytyjski native speaker Gda\u0144sk - English Coach Online\" \/>\n<meta property=\"og:description\" content=\"Brytyjski native speaker Gda\u0144sk. Nauczyciel angielskiego ze Zjednoczonego Kr\u00f3lestwa oferuj\u0119 wysokiej jako\u015bci lekcje przez Skype i osobnie od 2012 r.\" \/>\n<meta property=\"og:url\" content=\"https:\/\/englishcoachonline.com\/pl\/o-mnie\/\" \/>\n<meta property=\"og:site_name\" content=\"English Coach Online\" \/>\n<meta property=\"article:publisher\" content=\"https:\/\/www.facebook.com\/pelcenglishcoach\/\" \/>\n<meta property=\"article:modified_time\" content=\"2025-10-26T16:26:54+00:00\" \/>\n<meta property=\"og:image\" content=\"https:\/\/englishcoachonline.com\/wp-content\/uploads\/2017\/07\/steve-krajew-english-coach-online.jpg\" \/>\n\t<meta property=\"og:image:width\" content=\"1080\" \/>\n\t<meta property=\"og:image:height\" content=\"1080\" \/>\n\t<meta property=\"og:image:type\" content=\"image\/jpeg\" \/>\n<meta name=\"twitter:card\" content=\"summary_large_image\" \/>\n<meta name=\"twitter:site\" content=\"@ELTblogger\" \/>\n<meta name=\"twitter:label1\" content=\"Szacowany czas czytania\" \/>\n\t<meta name=\"twitter:data1\" content=\"5 minut\" \/>\n<script type=\"application\/ld+json\" class=\"yoast-schema-graph\">{\"@context\":\"https:\\\/\\\/schema.org\",\"@graph\":[{\"@type\":\"WebPage\",\"@id\":\"https:\\\/\\\/englishcoachonline.com\\\/pl\\\/o-mnie\\\/\",\"url\":\"https:\\\/\\\/englishcoachonline.com\\\/pl\\\/o-mnie\\\/\",\"name\":\"Brytyjski native speaker Gda\u0144sk - English Coach Online\",\"isPartOf\":{\"@id\":\"https:\\\/\\\/englishcoachonline.com\\\/#website\"},\"primaryImageOfPage\":{\"@id\":\"https:\\\/\\\/englishcoachonline.com\\\/pl\\\/o-mnie\\\/#primaryimage\"},\"image\":{\"@id\":\"https:\\\/\\\/englishcoachonline.com\\\/pl\\\/o-mnie\\\/#primaryimage\"},\"thumbnailUrl\":\"https:\\\/\\\/englishcoachonline.com\\\/wp-content\\\/uploads\\\/2021\\\/12\\\/steven-1-scaled-200x300.webp\",\"datePublished\":\"2017-11-06T18:48:31+00:00\",\"dateModified\":\"2025-10-26T16:26:54+00:00\",\"description\":\"Brytyjski native speaker Gda\u0144sk. Nauczyciel angielskiego ze Zjednoczonego Kr\u00f3lestwa oferuj\u0119 wysokiej jako\u015bci lekcje przez Skype i osobnie od 2012 r.\",\"breadcrumb\":{\"@id\":\"https:\\\/\\\/englishcoachonline.com\\\/pl\\\/o-mnie\\\/#breadcrumb\"},\"inLanguage\":\"pl-PL\",\"potentialAction\":[{\"@type\":\"ReadAction\",\"target\":[\"https:\\\/\\\/englishcoachonline.com\\\/pl\\\/o-mnie\\\/\"]}]},{\"@type\":\"ImageObject\",\"inLanguage\":\"pl-PL\",\"@id\":\"https:\\\/\\\/englishcoachonline.com\\\/pl\\\/o-mnie\\\/#primaryimage\",\"url\":\"https:\\\/\\\/englishcoachonline.com\\\/wp-content\\\/uploads\\\/2021\\\/12\\\/steven-1-scaled-200x300.webp\",\"contentUrl\":\"https:\\\/\\\/englishcoachonline.com\\\/wp-content\\\/uploads\\\/2021\\\/12\\\/steven-1-scaled-200x300.webp\"},{\"@type\":\"BreadcrumbList\",\"@id\":\"https:\\\/\\\/englishcoachonline.com\\\/pl\\\/o-mnie\\\/#breadcrumb\",\"itemListElement\":[{\"@type\":\"ListItem\",\"position\":1,\"name\":\"Home\",\"item\":\"https:\\\/\\\/englishcoachonline.com\\\/pl\\\/\"},{\"@type\":\"ListItem\",\"position\":2,\"name\":\"O MNIE\"}]},{\"@type\":\"WebSite\",\"@id\":\"https:\\\/\\\/englishcoachonline.com\\\/#website\",\"url\":\"https:\\\/\\\/englishcoachonline.com\\\/\",\"name\":\"English Coach Online\",\"description\":\"Personalised online English lessons\",\"publisher\":{\"@id\":\"https:\\\/\\\/englishcoachonline.com\\\/#organization\"},\"potentialAction\":[{\"@type\":\"SearchAction\",\"target\":{\"@type\":\"EntryPoint\",\"urlTemplate\":\"https:\\\/\\\/englishcoachonline.com\\\/?s={search_term_string}\"},\"query-input\":{\"@type\":\"PropertyValueSpecification\",\"valueRequired\":true,\"valueName\":\"search_term_string\"}}],\"inLanguage\":\"pl-PL\"},{\"@type\":\"Organization\",\"@id\":\"https:\\\/\\\/englishcoachonline.com\\\/#organization\",\"name\":\"Personalised English Language Courses (PELC)\",\"url\":\"https:\\\/\\\/englishcoachonline.com\\\/\",\"logo\":{\"@type\":\"ImageObject\",\"inLanguage\":\"pl-PL\",\"@id\":\"https:\\\/\\\/englishcoachonline.com\\\/#\\\/schema\\\/logo\\\/image\\\/\",\"url\":\"https:\\\/\\\/englishcoachonline.com\\\/wp-content\\\/uploads\\\/2020\\\/01\\\/pelc-scaled-e1579541418776.jpg\",\"contentUrl\":\"https:\\\/\\\/englishcoachonline.com\\\/wp-content\\\/uploads\\\/2020\\\/01\\\/pelc-scaled-e1579541418776.jpg\",\"width\":1811,\"height\":672,\"caption\":\"Personalised English Language Courses (PELC)\"},\"image\":{\"@id\":\"https:\\\/\\\/englishcoachonline.com\\\/#\\\/schema\\\/logo\\\/image\\\/\"},\"sameAs\":[\"https:\\\/\\\/www.facebook.com\\\/pelcenglishcoach\\\/\",\"https:\\\/\\\/x.com\\\/ELTblogger\",\"https:\\\/\\\/www.linkedin.com\\\/in\\\/steve-komi\\\/\",\"https:\\\/\\\/www.youtube.com\\\/channel\\\/UCFst92augT1KENATnLznlQQ\\\/videos?view_as=subscriber\"]}]}<\/script>\n<!-- \/ Yoast SEO plugin. -->","yoast_head_json":{"title":"Brytyjski native speaker Gda\u0144sk - English Coach Online","description":"Brytyjski native speaker Gda\u0144sk. Nauczyciel angielskiego ze Zjednoczonego Kr\u00f3lestwa oferuj\u0119 wysokiej jako\u015bci lekcje przez Skype i osobnie od 2012 r.","robots":{"index":"index","follow":"follow","max-snippet":"max-snippet:-1","max-image-preview":"max-image-preview:large","max-video-preview":"max-video-preview:-1"},"canonical":"https:\/\/englishcoachonline.com\/pl\/o-mnie\/","og_locale":"pl_PL","og_type":"article","og_title":"Brytyjski native speaker Gda\u0144sk - English Coach Online","og_description":"Brytyjski native speaker Gda\u0144sk. Nauczyciel angielskiego ze Zjednoczonego Kr\u00f3lestwa oferuj\u0119 wysokiej jako\u015bci lekcje przez Skype i osobnie od 2012 r.","og_url":"https:\/\/englishcoachonline.com\/pl\/o-mnie\/","og_site_name":"English Coach Online","article_publisher":"https:\/\/www.facebook.com\/pelcenglishcoach\/","article_modified_time":"2025-10-26T16:26:54+00:00","og_image":[{"width":1080,"height":1080,"url":"https:\/\/englishcoachonline.com\/wp-content\/uploads\/2017\/07\/steve-krajew-english-coach-online.jpg","type":"image\/jpeg"}],"twitter_card":"summary_large_image","twitter_site":"@ELTblogger","twitter_misc":{"Szacowany czas czytania":"5 minut"},"schema":{"@context":"https:\/\/schema.org","@graph":[{"@type":"WebPage","@id":"https:\/\/englishcoachonline.com\/pl\/o-mnie\/","url":"https:\/\/englishcoachonline.com\/pl\/o-mnie\/","name":"Brytyjski native speaker Gda\u0144sk - English Coach Online","isPartOf":{"@id":"https:\/\/englishcoachonline.com\/#website"},"primaryImageOfPage":{"@id":"https:\/\/englishcoachonline.com\/pl\/o-mnie\/#primaryimage"},"image":{"@id":"https:\/\/englishcoachonline.com\/pl\/o-mnie\/#primaryimage"},"thumbnailUrl":"https:\/\/englishcoachonline.com\/wp-content\/uploads\/2021\/12\/steven-1-scaled-200x300.webp","datePublished":"2017-11-06T18:48:31+00:00","dateModified":"2025-10-26T16:26:54+00:00","description":"Brytyjski native speaker Gda\u0144sk. Nauczyciel angielskiego ze Zjednoczonego Kr\u00f3lestwa oferuj\u0119 wysokiej jako\u015bci lekcje przez Skype i osobnie od 2012 r.","breadcrumb":{"@id":"https:\/\/englishcoachonline.com\/pl\/o-mnie\/#breadcrumb"},"inLanguage":"pl-PL","potentialAction":[{"@type":"ReadAction","target":["https:\/\/englishcoachonline.com\/pl\/o-mnie\/"]}]},{"@type":"ImageObject","inLanguage":"pl-PL","@id":"https:\/\/englishcoachonline.com\/pl\/o-mnie\/#primaryimage","url":"https:\/\/englishcoachonline.com\/wp-content\/uploads\/2021\/12\/steven-1-scaled-200x300.webp","contentUrl":"https:\/\/englishcoachonline.com\/wp-content\/uploads\/2021\/12\/steven-1-scaled-200x300.webp"},{"@type":"BreadcrumbList","@id":"https:\/\/englishcoachonline.com\/pl\/o-mnie\/#breadcrumb","itemListElement":[{"@type":"ListItem","position":1,"name":"Home","item":"https:\/\/englishcoachonline.com\/pl\/"},{"@type":"ListItem","position":2,"name":"O MNIE"}]},{"@type":"WebSite","@id":"https:\/\/englishcoachonline.com\/#website","url":"https:\/\/englishcoachonline.com\/","name":"English Coach Online","description":"Personalised online English lessons","publisher":{"@id":"https:\/\/englishcoachonline.com\/#organization"},"potentialAction":[{"@type":"SearchAction","target":{"@type":"EntryPoint","urlTemplate":"https:\/\/englishcoachonline.com\/?s={search_term_string}"},"query-input":{"@type":"PropertyValueSpecification","valueRequired":true,"valueName":"search_term_string"}}],"inLanguage":"pl-PL"},{"@type":"Organization","@id":"https:\/\/englishcoachonline.com\/#organization","name":"Personalised English Language Courses (PELC)","url":"https:\/\/englishcoachonline.com\/","logo":{"@type":"ImageObject","inLanguage":"pl-PL","@id":"https:\/\/englishcoachonline.com\/#\/schema\/logo\/image\/","url":"https:\/\/englishcoachonline.com\/wp-content\/uploads\/2020\/01\/pelc-scaled-e1579541418776.jpg","contentUrl":"https:\/\/englishcoachonline.com\/wp-content\/uploads\/2020\/01\/pelc-scaled-e1579541418776.jpg","width":1811,"height":672,"caption":"Personalised English Language Courses (PELC)"},"image":{"@id":"https:\/\/englishcoachonline.com\/#\/schema\/logo\/image\/"},"sameAs":["https:\/\/www.facebook.com\/pelcenglishcoach\/","https:\/\/x.com\/ELTblogger","https:\/\/www.linkedin.com\/in\/steve-komi\/","https:\/\/www.youtube.com\/channel\/UCFst92augT1KENATnLznlQQ\/videos?view_as=subscriber"]}]}},"_links":{"self":[{"href":"https:\/\/englishcoachonline.com\/pl\/wp-json\/wp\/v2\/pages\/856","targetHints":{"allow":["GET"]}}],"collection":[{"href":"https:\/\/englishcoachonline.com\/pl\/wp-json\/wp\/v2\/pages"}],"about":[{"href":"https:\/\/englishcoachonline.com\/pl\/wp-json\/wp\/v2\/types\/page"}],"author":[{"embeddable":true,"href":"https:\/\/englishcoachonline.com\/pl\/wp-json\/wp\/v2\/users\/1"}],"replies":[{"embeddable":true,"href":"https:\/\/englishcoachonline.com\/pl\/wp-json\/wp\/v2\/comments?post=856"}],"version-history":[{"count":31,"href":"https:\/\/englishcoachonline.com\/pl\/wp-json\/wp\/v2\/pages\/856\/revisions"}],"predecessor-version":[{"id":13646,"href":"https:\/\/englishcoachonline.com\/pl\/wp-json\/wp\/v2\/pages\/856\/revisions\/13646"}],"wp:attachment":[{"href":"https:\/\/englishcoachonline.com\/pl\/wp-json\/wp\/v2\/media?parent=856"}],"curies":[{"name":"wp","href":"https:\/\/api.w.org\/{rel}","templated":true}]}}