{"id":865,"date":"2017-11-06T21:43:19","date_gmt":"2017-11-06T19:43:19","guid":{"rendered":"https:\/\/englishcoachonline.com\/?page_id=865\/"},"modified":"2025-03-21T18:48:35","modified_gmt":"2025-03-21T16:48:35","slug":"faq","status":"publish","type":"page","link":"https:\/\/englishcoachonline.com\/pl\/faq\/","title":{"rendered":"NAJCZ\u0118\u015aCIEJ ZADAWANE PYTANIA"},"content":{"rendered":"<div class=\"wpb-content-wrapper\">[vc_row][vc_column][vc_column_text margin_bottom=&#8221;50&#8243; css=&#8221;.vc_custom_1642148496676{margin-bottom: 50px !important;}&#8221;]\n<h1 style=\"text-align: center;\"><strong>Najcz\u0119\u015bciej zadawane pytania<\/strong><\/h1>\n[\/vc_column_text][vc_row_inner css=&#8221;.vc_custom_1501507395829{padding-bottom: 25px !important;}&#8221;][vc_column_inner width=&#8221;1\/2&#8243;][vc_column_text css=&#8221;.vc_custom_1642147448554{margin-bottom: 0px !important;}&#8221;]\n<h3><strong>Dlaczego PELC?<\/strong><\/h3>\n<p>Skr\u00f3t PELC oznacza w j\u0119zyku angielskim \u201espersonalizowane zaj\u0119cia j\u0119zyka angielskiego\u201d. Teksty i artyku\u0142y wybrane do nauki dotycz\u0105 popularnych temat\u00f3w oraz zagadnie\u0144, o kt\u00f3rych, jak mi si\u0119 wydaje, uczniowie b\u0119d\u0105 mogli podzieli\u0107 si\u0119 swoj\u0105 opini\u0105.<\/p>\n<p>Istotne jest r\u00f3wnie\u017c operowanie nowymi s\u0142owami i kolokacjami w celu stworzenia przez osoby ucz\u0105ce si\u0119, we wsp\u00f3\u0142pracy z nauczycielem, autentycznych \u201espersonalizowanych\u201d zda\u0144, kt\u00f3rych mo\u017cna u\u017cy\u0107 w przysz\u0142o\u015bci w rozmowach.[\/vc_column_text][\/vc_column_inner][vc_column_inner width=&#8221;1\/2&#8243;][vc_column_text css=&#8221;.vc_custom_1642147527225{margin-bottom: 0px !important;}&#8221;]\n<h3><strong>Pana metody nauczania s\u0105 dla mnie nowo\u015bci\u0105. Czy mo\u017ce mi je pan obja\u015bni\u0107 osobi\u015bcie?<\/strong><\/h3>\n<p>Oczywi\u015bcie. Oferuj\u0119 bezp\u0142atne lekcje konsultacyjne online z potencjalnymi uczniami, aby wyja\u015bni\u0107 i zaprezentowa\u0107 moje metody.[\/vc_column_text][\/vc_column_inner][\/vc_row_inner][vc_row_inner css=&#8221;.vc_custom_1501507400970{padding-bottom: 25px !important;}&#8221;][vc_column_inner width=&#8221;1\/2&#8243;][vc_column_text css=&#8221;.vc_custom_1734621529326{margin-bottom: 0px !important;}&#8221;]\n<h3><strong>Ile trwaj\u0105 lekcje online?<\/strong><\/h3>\n<p>Tyle, ile sobie \u017cyczysz. Z do\u015bwiadczenia wiem, \u017ce lepsze s\u0105 kr\u00f3tkie, ale regularne lekcje. Z jednym z moich uczni\u00f3w z Polski, kt\u00f3ry uczy si\u0119 ze mn\u0105 od trzech lat, widz\u0119 si\u0119 co drugi dzie\u0144 przez 15-20 minut.<\/p>\n<p>Je\u017celi spotykam si\u0119 z uczniem tylko raz w tygodniu, staram si\u0119 przerobi\u0107 z nim wi\u0119ksz\u0105 ilo\u015b\u0107 materia\u0142u, wi\u0119c zazwyczaj zaj\u0119cia trwaj\u0105 25-40 minut.<\/p>\n<p>Prowadz\u0119 notatki dotycz\u0105ce czasu trwania ka\u017cdych zaj\u0119\u0107. Je\u017celi ucze\u0144 zap\u0142aci za cztery godziny zaj\u0119\u0107, ucze\u0144 odb\u0119dzie cztery godziny zaj\u0119\u0107, niezale\u017cnie od tego, ile lekcji b\u0119dzie potrzebnych do osi\u0105gni\u0119cia rzeczonych czterech godzin.<\/p>\n<p>Szko\u0142y j\u0119zykowe zwodniczo przekonuj\u0105 ludzi, aby wierzyli, \u017ce ucz\u0119szczanie na dwie d\u0142ugie lekcje w tygodniu prowadzi do szybszego uzyskania umiej\u0119tno\u015bci pos\u0142ugiwania si\u0119 j\u0119zykiem. Nie maj\u0105 racji. Regularny kontakt z j\u0119zykiem obcym jest najwa\u017cniejszy.[\/vc_column_text][\/vc_column_inner][vc_column_inner width=&#8221;1\/2&#8243;][vc_column_text css=&#8221;.vc_custom_1642147542216{margin-bottom: 0px !important;}&#8221;]\n<h3><strong>Jestem chory i nie mog\u0119 wzi\u0105\u0107 udzia\u0142u w lekcji. Czy ona mi przepadnie?<\/strong><\/h3>\n<p>Je\u015bli powiadomisz mnie dzie\u0144 przed zaplanowan\u0105 lekcj\u0105, nie stracisz jej. Ostateczny czas na odwo\u0142anie to godzina 21.00 (czasu uniwersalnego). Pi\u0119tna\u015bcie minut zostanie odliczone od twojego pakietu op\u0142aconych z g\u00f3ry minut, je\u017celi odwo\u0142asz zaj\u0119cia w tym samym dniu. Cz\u0119ste odwo\u0142ywanie zaj\u0119\u0107 mo\u017ce skutkowa\u0107 zako\u0144czeniem kursu. Wszystkie nadwy\u017cki \u015brodk\u00f3w zostan\u0105 zwr\u00f3cone uczniom.[\/vc_column_text][\/vc_column_inner][\/vc_row_inner][vc_row_inner css=&#8221;.vc_custom_1501507406093{padding-bottom: 25px !important;}&#8221;][vc_column_inner width=&#8221;1\/2&#8243;][vc_column_text css=&#8221;.vc_custom_1642147478899{margin-bottom: 0px !important;}&#8221;]\n<h3><strong>Czy mo\u017ce pan zagwarantowa\u0107, \u017ce po kursie b\u0119d\u0119 p\u0142ynnie m\u00f3wi\u0107 po angielsku?<\/strong><\/h3>\n<p><span style=\"font-weight: 400;\">P\u0142ynno\u015b\u0107 to bardzo nieprecyzyjne s\u0142owo, ale uwa\u017cam, \u017ce p\u0142ynna mowa wynika z kontaktu z wysokiej jako\u015bci materia\u0142ami do nauki zawieraj\u0105cymi du\u017co naturalnego j\u0119zyka i kolokacji. Mog\u0119 zagwarantowa\u0107, \u017ce b\u0119d\u0119 wsp\u00f3\u0142pracowa\u0142 z tob\u0105 na ka\u017cdym kroku twojej drogi oraz zapewni\u0119, \u017ce uko\u0144czysz kursu jako osoba pewnie pos\u0142uguj\u0105ca si\u0119 j. angielskim. Na pocz\u0105tku lepiej my\u015ble\u0107 realistycznie i stawia\u0107 krok za krokiem ni\u017c nadmiernie koncentrowa\u0107 si\u0119 na m\u00f3wieniu p\u0142ynnie po angielsku. <\/span>[\/vc_column_text][\/vc_column_inner][vc_column_inner width=&#8221;1\/2&#8243;][vc_column_text css=&#8221;.vc_custom_1642147556531{margin-bottom: 0px !important;}&#8221;]\n<h3><strong>Co odr\u00f3\u017cnia pana od konkurencji?<\/strong><\/h3>\n<p>Wysi\u0142ek, pomys\u0142y i ch\u0119ci.[\/vc_column_text][\/vc_column_inner][\/vc_row_inner][vc_row_inner css=&#8221;.vc_custom_1501507419287{padding-bottom: 25px !important;}&#8221;][vc_column_inner width=&#8221;1\/2&#8243;][vc_column_text css=&#8221;.vc_custom_1642147499628{margin-bottom: 0px !important;}&#8221;]\n<h3><strong>Jak mog\u0119 zap\u0142aci\u0107 za zaj\u0119cia i co jeszcze nale\u017cy wiedzie\u0107 o warunkach p\u0142atno\u015bci?<\/strong><\/h3>\n<p>Zap\u0142aci\u0107 mo\u017cna przelewem na konto bankowe w Wielkiej Brytanii, przez PayPal albo Payoneer. Polscy uczniowie mog\u0105 przes\u0142a\u0107 pieni\u0105dze na polski rachunek bankowy. Poniewa\u017c dok\u0142adnie zapisuj\u0119, ile czasu ucze\u0144 ze mn\u0105 sp\u0119dzi\u0142, prosz\u0119 go o kolejn\u0105 p\u0142atno\u015b\u0107, kiedy poprzednie \u015brodki si\u0119 wyczerpuj\u0105.[\/vc_column_text][\/vc_column_inner][vc_column_inner width=&#8221;1\/2&#8243;][vc_column_text css=&#8221;.vc_custom_1642147568425{margin-bottom: 0px !important;}&#8221;]\n<h3><strong>Czy op\u0142ata za zaj\u0119cia obejmuje cen\u0119 podr\u0119cznika i materia\u0142\u00f3w dodatkowych?<\/strong><\/h3>\n<p>Wszyscy uczniowie musz\u0105 kupi\u0107 w\u0142asne podr\u0119czniki. Materia\u0142y dodatkowe i zestawy zada\u0144 przygotowuj\u0119 bezp\u0142atnie.[\/vc_column_text][\/vc_column_inner][\/vc_row_inner][vc_row_inner css=&#8221;.vc_custom_1501507424808{padding-bottom: 25px !important;}&#8221;][vc_column_inner width=&#8221;1\/2&#8243;][vc_column_text css=&#8221;.vc_custom_1742575711264{margin-bottom: 0px !important;}&#8221;]\n<h3><strong>Jakich program\u00f3w u\u017cywa pan do prowadzenia lekcji online?<\/strong><\/h3>\n<p>Najch\u0119tniej Zoom i Teams, ale mog\u0119 tak\u017ce korzysta\u0107 z WhatsApp i Google Meet.[\/vc_column_text][\/vc_column_inner][vc_column_inner width=&#8221;1\/2&#8243;][\/vc_column_inner][\/vc_row_inner][\/vc_column][\/vc_row][vc_row fullwidth=&#8221;true&#8221; fullwidth_content=&#8221;false&#8221; css=&#8221;.vc_custom_1501323442500{padding-top: 80px !important;padding-bottom: 80px !important;background-color: #8f1841 !important;}&#8221;][vc_column][vc_column_text margin_bottom=&#8221;50&#8243;]\n<h2 style=\"text-align: center; color: white;\">Przejd\u017a na wy\u017cszy poziom znajomo\u015bci j\u0119zyka angielskiego!<\/h2>\n[\/vc_column_text][mk_button corner_style=&#8221;full_rounded&#8221; size=&#8221;large&#8221; url=&#8221;\/pl\/enrol&#8221; align=&#8221;center&#8221; margin_top=&#8221;20&#8243; bg_color=&#8221;#ffffff&#8221; text_color=&#8221;dark&#8221;]BEZP\u0141ATNA KONSULTACJA[\/mk_button][\/vc_column][\/vc_row]\n<\/div>","protected":false},"excerpt":{"rendered":"<p>[vc_row][vc_column][vc_column_text margin_bottom=&#8221;50&#8243; css=&#8221;.vc_custom_1642148496676{margin-bottom: 50px !important;}&#8221;] Najcz\u0119\u015bciej zadawane pytania [\/vc_column_text][vc_row_inner css=&#8221;.vc_custom_1501507395829{padding-bottom: 25px !important;}&#8221;][vc_column_inner width=&#8221;1\/2&#8243;][vc_column_text css=&#8221;.vc_custom_1642147448554{margin-bottom: 0px !important;}&#8221;] Dlaczego PELC? Skr\u00f3t PELC oznacza w j\u0119zyku angielskim \u201espersonalizowane zaj\u0119cia j\u0119zyka angielskiego\u201d. Teksty i artyku\u0142y wybrane do nauki dotycz\u0105 popularnych temat\u00f3w oraz zagadnie\u0144, o kt\u00f3rych, jak mi si\u0119 wydaje, uczniowie b\u0119d\u0105 mogli podzieli\u0107 si\u0119 swoj\u0105 opini\u0105. Istotne jest r\u00f3wnie\u017c [&hellip;]<\/p>\n","protected":false},"author":1,"featured_media":0,"parent":0,"menu_order":0,"comment_status":"closed","ping_status":"closed","template":"","meta":{"footnotes":""},"class_list":["post-865","page","type-page","status-publish","hentry"],"yoast_head":"<!-- This site is optimized with the Yoast SEO plugin v27.4 - https:\/\/yoast.com\/product\/yoast-seo-wordpress\/ -->\n<title>Skupione na bieg\u0142o\u015bci lekcje angielskiego online przez Skype<\/title>\n<meta name=\"description\" content=\"Najcz\u0119stsze pytania englishcoachonline.com. Indywidualne lekcje angielskiego przez Skype z nativem. Sprawd\u017a mnie podczas bezp\u0142atnej lekcji pr\u00f3bnej.\" \/>\n<meta name=\"robots\" content=\"index, follow, max-snippet:-1, max-image-preview:large, max-video-preview:-1\" \/>\n<link rel=\"canonical\" href=\"https:\/\/englishcoachonline.com\/pl\/faq\/\" \/>\n<meta property=\"og:locale\" content=\"pl_PL\" \/>\n<meta property=\"og:type\" content=\"article\" \/>\n<meta property=\"og:title\" content=\"Skupione na bieg\u0142o\u015bci lekcje angielskiego online przez Skype\" \/>\n<meta property=\"og:description\" content=\"Najcz\u0119stsze pytania englishcoachonline.com. Indywidualne lekcje angielskiego przez Skype z nativem. Sprawd\u017a mnie podczas bezp\u0142atnej lekcji pr\u00f3bnej.\" \/>\n<meta property=\"og:url\" content=\"https:\/\/englishcoachonline.com\/pl\/faq\/\" \/>\n<meta property=\"og:site_name\" content=\"English Coach Online\" \/>\n<meta property=\"article:publisher\" content=\"https:\/\/www.facebook.com\/pelcenglishcoach\/\" \/>\n<meta property=\"article:modified_time\" content=\"2025-03-21T16:48:35+00:00\" \/>\n<meta property=\"og:image\" content=\"https:\/\/englishcoachonline.com\/wp-content\/uploads\/2017\/12\/steve-kraj-english-skype-lessons-teacher-online-4.jpg\" \/>\n\t<meta property=\"og:image:width\" content=\"1200\" \/>\n\t<meta property=\"og:image:height\" content=\"628\" \/>\n\t<meta property=\"og:image:type\" content=\"image\/jpeg\" \/>\n<meta name=\"twitter:card\" content=\"summary_large_image\" \/>\n<meta name=\"twitter:site\" content=\"@ELTblogger\" \/>\n<meta name=\"twitter:label1\" content=\"Szacowany czas czytania\" \/>\n\t<meta name=\"twitter:data1\" content=\"3 minuty\" \/>\n<script type=\"application\/ld+json\" class=\"yoast-schema-graph\">{\"@context\":\"https:\\\/\\\/schema.org\",\"@graph\":[{\"@type\":\"WebPage\",\"@id\":\"https:\\\/\\\/englishcoachonline.com\\\/pl\\\/faq\\\/\",\"url\":\"https:\\\/\\\/englishcoachonline.com\\\/pl\\\/faq\\\/\",\"name\":\"Skupione na bieg\u0142o\u015bci lekcje angielskiego online przez Skype\",\"isPartOf\":{\"@id\":\"https:\\\/\\\/englishcoachonline.com\\\/#website\"},\"datePublished\":\"2017-11-06T19:43:19+00:00\",\"dateModified\":\"2025-03-21T16:48:35+00:00\",\"description\":\"Najcz\u0119stsze pytania englishcoachonline.com. Indywidualne lekcje angielskiego przez Skype z nativem. Sprawd\u017a mnie podczas bezp\u0142atnej lekcji pr\u00f3bnej.\",\"breadcrumb\":{\"@id\":\"https:\\\/\\\/englishcoachonline.com\\\/pl\\\/faq\\\/#breadcrumb\"},\"inLanguage\":\"pl-PL\",\"potentialAction\":[{\"@type\":\"ReadAction\",\"target\":[\"https:\\\/\\\/englishcoachonline.com\\\/pl\\\/faq\\\/\"]}]},{\"@type\":\"BreadcrumbList\",\"@id\":\"https:\\\/\\\/englishcoachonline.com\\\/pl\\\/faq\\\/#breadcrumb\",\"itemListElement\":[{\"@type\":\"ListItem\",\"position\":1,\"name\":\"Home\",\"item\":\"https:\\\/\\\/englishcoachonline.com\\\/pl\\\/\"},{\"@type\":\"ListItem\",\"position\":2,\"name\":\"NAJCZ\u0118\u015aCIEJ ZADAWANE PYTANIA\"}]},{\"@type\":\"WebSite\",\"@id\":\"https:\\\/\\\/englishcoachonline.com\\\/#website\",\"url\":\"https:\\\/\\\/englishcoachonline.com\\\/\",\"name\":\"English Coach Online\",\"description\":\"Personalised online English lessons\",\"publisher\":{\"@id\":\"https:\\\/\\\/englishcoachonline.com\\\/#organization\"},\"potentialAction\":[{\"@type\":\"SearchAction\",\"target\":{\"@type\":\"EntryPoint\",\"urlTemplate\":\"https:\\\/\\\/englishcoachonline.com\\\/?s={search_term_string}\"},\"query-input\":{\"@type\":\"PropertyValueSpecification\",\"valueRequired\":true,\"valueName\":\"search_term_string\"}}],\"inLanguage\":\"pl-PL\"},{\"@type\":\"Organization\",\"@id\":\"https:\\\/\\\/englishcoachonline.com\\\/#organization\",\"name\":\"Personalised English Language Courses (PELC)\",\"url\":\"https:\\\/\\\/englishcoachonline.com\\\/\",\"logo\":{\"@type\":\"ImageObject\",\"inLanguage\":\"pl-PL\",\"@id\":\"https:\\\/\\\/englishcoachonline.com\\\/#\\\/schema\\\/logo\\\/image\\\/\",\"url\":\"https:\\\/\\\/englishcoachonline.com\\\/wp-content\\\/uploads\\\/2020\\\/01\\\/pelc-scaled-e1579541418776.jpg\",\"contentUrl\":\"https:\\\/\\\/englishcoachonline.com\\\/wp-content\\\/uploads\\\/2020\\\/01\\\/pelc-scaled-e1579541418776.jpg\",\"width\":1811,\"height\":672,\"caption\":\"Personalised English Language Courses (PELC)\"},\"image\":{\"@id\":\"https:\\\/\\\/englishcoachonline.com\\\/#\\\/schema\\\/logo\\\/image\\\/\"},\"sameAs\":[\"https:\\\/\\\/www.facebook.com\\\/pelcenglishcoach\\\/\",\"https:\\\/\\\/x.com\\\/ELTblogger\",\"https:\\\/\\\/www.linkedin.com\\\/in\\\/steve-komi\\\/\",\"https:\\\/\\\/www.youtube.com\\\/channel\\\/UCFst92augT1KENATnLznlQQ\\\/videos?view_as=subscriber\"]}]}<\/script>\n<!-- \/ Yoast SEO plugin. -->","yoast_head_json":{"title":"Skupione na bieg\u0142o\u015bci lekcje angielskiego online przez Skype","description":"Najcz\u0119stsze pytania englishcoachonline.com. Indywidualne lekcje angielskiego przez Skype z nativem. Sprawd\u017a mnie podczas bezp\u0142atnej lekcji pr\u00f3bnej.","robots":{"index":"index","follow":"follow","max-snippet":"max-snippet:-1","max-image-preview":"max-image-preview:large","max-video-preview":"max-video-preview:-1"},"canonical":"https:\/\/englishcoachonline.com\/pl\/faq\/","og_locale":"pl_PL","og_type":"article","og_title":"Skupione na bieg\u0142o\u015bci lekcje angielskiego online przez Skype","og_description":"Najcz\u0119stsze pytania englishcoachonline.com. Indywidualne lekcje angielskiego przez Skype z nativem. Sprawd\u017a mnie podczas bezp\u0142atnej lekcji pr\u00f3bnej.","og_url":"https:\/\/englishcoachonline.com\/pl\/faq\/","og_site_name":"English Coach Online","article_publisher":"https:\/\/www.facebook.com\/pelcenglishcoach\/","article_modified_time":"2025-03-21T16:48:35+00:00","og_image":[{"width":1200,"height":628,"url":"https:\/\/englishcoachonline.com\/wp-content\/uploads\/2017\/12\/steve-kraj-english-skype-lessons-teacher-online-4.jpg","type":"image\/jpeg"}],"twitter_card":"summary_large_image","twitter_site":"@ELTblogger","twitter_misc":{"Szacowany czas czytania":"3 minuty"},"schema":{"@context":"https:\/\/schema.org","@graph":[{"@type":"WebPage","@id":"https:\/\/englishcoachonline.com\/pl\/faq\/","url":"https:\/\/englishcoachonline.com\/pl\/faq\/","name":"Skupione na bieg\u0142o\u015bci lekcje angielskiego online przez Skype","isPartOf":{"@id":"https:\/\/englishcoachonline.com\/#website"},"datePublished":"2017-11-06T19:43:19+00:00","dateModified":"2025-03-21T16:48:35+00:00","description":"Najcz\u0119stsze pytania englishcoachonline.com. Indywidualne lekcje angielskiego przez Skype z nativem. Sprawd\u017a mnie podczas bezp\u0142atnej lekcji pr\u00f3bnej.","breadcrumb":{"@id":"https:\/\/englishcoachonline.com\/pl\/faq\/#breadcrumb"},"inLanguage":"pl-PL","potentialAction":[{"@type":"ReadAction","target":["https:\/\/englishcoachonline.com\/pl\/faq\/"]}]},{"@type":"BreadcrumbList","@id":"https:\/\/englishcoachonline.com\/pl\/faq\/#breadcrumb","itemListElement":[{"@type":"ListItem","position":1,"name":"Home","item":"https:\/\/englishcoachonline.com\/pl\/"},{"@type":"ListItem","position":2,"name":"NAJCZ\u0118\u015aCIEJ ZADAWANE PYTANIA"}]},{"@type":"WebSite","@id":"https:\/\/englishcoachonline.com\/#website","url":"https:\/\/englishcoachonline.com\/","name":"English Coach Online","description":"Personalised online English lessons","publisher":{"@id":"https:\/\/englishcoachonline.com\/#organization"},"potentialAction":[{"@type":"SearchAction","target":{"@type":"EntryPoint","urlTemplate":"https:\/\/englishcoachonline.com\/?s={search_term_string}"},"query-input":{"@type":"PropertyValueSpecification","valueRequired":true,"valueName":"search_term_string"}}],"inLanguage":"pl-PL"},{"@type":"Organization","@id":"https:\/\/englishcoachonline.com\/#organization","name":"Personalised English Language Courses (PELC)","url":"https:\/\/englishcoachonline.com\/","logo":{"@type":"ImageObject","inLanguage":"pl-PL","@id":"https:\/\/englishcoachonline.com\/#\/schema\/logo\/image\/","url":"https:\/\/englishcoachonline.com\/wp-content\/uploads\/2020\/01\/pelc-scaled-e1579541418776.jpg","contentUrl":"https:\/\/englishcoachonline.com\/wp-content\/uploads\/2020\/01\/pelc-scaled-e1579541418776.jpg","width":1811,"height":672,"caption":"Personalised English Language Courses (PELC)"},"image":{"@id":"https:\/\/englishcoachonline.com\/#\/schema\/logo\/image\/"},"sameAs":["https:\/\/www.facebook.com\/pelcenglishcoach\/","https:\/\/x.com\/ELTblogger","https:\/\/www.linkedin.com\/in\/steve-komi\/","https:\/\/www.youtube.com\/channel\/UCFst92augT1KENATnLznlQQ\/videos?view_as=subscriber"]}]}},"_links":{"self":[{"href":"https:\/\/englishcoachonline.com\/pl\/wp-json\/wp\/v2\/pages\/865","targetHints":{"allow":["GET"]}}],"collection":[{"href":"https:\/\/englishcoachonline.com\/pl\/wp-json\/wp\/v2\/pages"}],"about":[{"href":"https:\/\/englishcoachonline.com\/pl\/wp-json\/wp\/v2\/types\/page"}],"author":[{"embeddable":true,"href":"https:\/\/englishcoachonline.com\/pl\/wp-json\/wp\/v2\/users\/1"}],"replies":[{"embeddable":true,"href":"https:\/\/englishcoachonline.com\/pl\/wp-json\/wp\/v2\/comments?post=865"}],"version-history":[{"count":9,"href":"https:\/\/englishcoachonline.com\/pl\/wp-json\/wp\/v2\/pages\/865\/revisions"}],"predecessor-version":[{"id":12439,"href":"https:\/\/englishcoachonline.com\/pl\/wp-json\/wp\/v2\/pages\/865\/revisions\/12439"}],"wp:attachment":[{"href":"https:\/\/englishcoachonline.com\/pl\/wp-json\/wp\/v2\/media?parent=865"}],"curies":[{"name":"wp","href":"https:\/\/api.w.org\/{rel}","templated":true}]}}