{"id":879,"date":"2017-11-06T21:57:20","date_gmt":"2017-11-06T19:57:20","guid":{"rendered":"https:\/\/englishcoachonline.com\/?page_id=879\/"},"modified":"2022-01-25T12:18:57","modified_gmt":"2022-01-25T10:18:57","slug":"referencje","status":"publish","type":"page","link":"https:\/\/englishcoachonline.com\/pl\/referencje\/","title":{"rendered":"REFERENCJE"},"content":{"rendered":"<div class=\"wpb-content-wrapper\">[vc_row][vc_column][vc_custom_heading text=&#8221;Mi\u0142e s\u0142owa od moich sta\u0142ych uczni\u00f3w&#8221; font_container=&#8221;tag:h1|text_align:center&#8221; use_theme_fonts=&#8221;yes&#8221;][vc_separator color=&#8221;custom&#8221; style=&#8221;shadow&#8221; el_width=&#8221;60&#8243; accent_color=&#8221;#414c56&#8243; css=&#8221;.vc_custom_1642147986536{padding-bottom: 0px !important;}&#8221;][mk_testimonials style=&#8221;boxed&#8221; show_as=&#8221;column&#8221; column=&#8221;2&#8243;][\/vc_column][\/vc_row][vc_row fullwidth=&#8221;true&#8221; fullwidth_content=&#8221;false&#8221; css=&#8221;.vc_custom_1501323442500{padding-top: 80px !important;padding-bottom: 80px !important;background-color: #8f1841 !important;}&#8221;][vc_column][vc_column_text margin_bottom=&#8221;50&#8243;]\n<h2 style=\"text-align: center; color: white;\">Przejd\u017a na wy\u017cszy poziom znajomo\u015bci j\u0119zyka angielskiego!<\/h2>\n[\/vc_column_text][mk_button corner_style=&#8221;full_rounded&#8221; size=&#8221;large&#8221; url=&#8221;\/pl\/enrol&#8221; align=&#8221;center&#8221; margin_top=&#8221;20&#8243; bg_color=&#8221;#ffffff&#8221; text_color=&#8221;dark&#8221;]BEZP\u0141ATNA KONSULTACJA[\/mk_button][\/vc_column][\/vc_row]\n<\/div>","protected":false},"excerpt":{"rendered":"<p>[vc_row][vc_column][vc_custom_heading text=&#8221;Mi\u0142e s\u0142owa od moich sta\u0142ych uczni\u00f3w&#8221; font_container=&#8221;tag:h1|text_align:center&#8221; use_theme_fonts=&#8221;yes&#8221;][vc_separator color=&#8221;custom&#8221; style=&#8221;shadow&#8221; el_width=&#8221;60&#8243; accent_color=&#8221;#414c56&#8243; css=&#8221;.vc_custom_1642147986536{padding-bottom: 0px !important;}&#8221;][mk_testimonials style=&#8221;boxed&#8221; show_as=&#8221;column&#8221; column=&#8221;2&#8243;][\/vc_column][\/vc_row][vc_row fullwidth=&#8221;true&#8221; fullwidth_content=&#8221;false&#8221; css=&#8221;.vc_custom_1501323442500{padding-top: 80px !important;padding-bottom: 80px !important;background-color: #8f1841 !important;}&#8221;][vc_column][vc_column_text margin_bottom=&#8221;50&#8243;] Przejd\u017a na wy\u017cszy poziom znajomo\u015bci j\u0119zyka angielskiego! [\/vc_column_text][mk_button corner_style=&#8221;full_rounded&#8221; size=&#8221;large&#8221; url=&#8221;\/pl\/enrol&#8221; align=&#8221;center&#8221; margin_top=&#8221;20&#8243; bg_color=&#8221;#ffffff&#8221; text_color=&#8221;dark&#8221;]BEZP\u0141ATNA KONSULTACJA[\/mk_button][\/vc_column][\/vc_row]<\/p>\n","protected":false},"author":1,"featured_media":0,"parent":0,"menu_order":0,"comment_status":"closed","ping_status":"closed","template":"","meta":{"footnotes":""},"class_list":["post-879","page","type-page","status-publish","hentry"],"yoast_head":"<!-- This site is optimized with the Yoast SEO plugin v27.3 - https:\/\/yoast.com\/product\/yoast-seo-wordpress\/ -->\n<title>Referencje uczni\u00f3w j\u0119zyka angielskiego \u2013 co m\u00f3wi\u0105 inni<\/title>\n<meta name=\"description\" content=\"Zobacz referencje uczni\u00f3w. PELC oferuje dostosowane do indywidualnych potrzeb zaj\u0119cia j\u0119zyka angielskiego. Sprawd\u017a mnie podczas bezp\u0142atnej lekcji pr\u00f3bnej.\" \/>\n<meta name=\"robots\" content=\"index, follow, max-snippet:-1, max-image-preview:large, max-video-preview:-1\" \/>\n<link rel=\"canonical\" href=\"https:\/\/englishcoachonline.com\/pl\/referencje\/\" \/>\n<meta property=\"og:locale\" content=\"pl_PL\" \/>\n<meta property=\"og:type\" content=\"article\" \/>\n<meta property=\"og:title\" content=\"Referencje uczni\u00f3w j\u0119zyka angielskiego \u2013 co m\u00f3wi\u0105 inni\" \/>\n<meta property=\"og:description\" content=\"Zobacz referencje uczni\u00f3w. PELC oferuje dostosowane do indywidualnych potrzeb zaj\u0119cia j\u0119zyka angielskiego. Sprawd\u017a mnie podczas bezp\u0142atnej lekcji pr\u00f3bnej.\" \/>\n<meta property=\"og:url\" content=\"https:\/\/englishcoachonline.com\/pl\/referencje\/\" \/>\n<meta property=\"og:site_name\" content=\"English Coach Online\" \/>\n<meta property=\"article:publisher\" content=\"https:\/\/www.facebook.com\/pelcenglishcoach\/\" \/>\n<meta property=\"article:modified_time\" content=\"2022-01-25T10:18:57+00:00\" \/>\n<meta property=\"og:image\" content=\"https:\/\/englishcoachonline.com\/wp-content\/uploads\/2017\/12\/steve-kraj-english-skype-lessons-teacher-online-4.jpg\" \/>\n\t<meta property=\"og:image:width\" content=\"1200\" \/>\n\t<meta property=\"og:image:height\" content=\"628\" \/>\n\t<meta property=\"og:image:type\" content=\"image\/jpeg\" \/>\n<meta name=\"twitter:card\" content=\"summary_large_image\" \/>\n<meta name=\"twitter:site\" content=\"@ELTblogger\" \/>\n<meta name=\"twitter:label1\" content=\"Szacowany czas czytania\" \/>\n\t<meta name=\"twitter:data1\" content=\"1 minuta\" \/>\n<script type=\"application\/ld+json\" class=\"yoast-schema-graph\">{\"@context\":\"https:\\\/\\\/schema.org\",\"@graph\":[{\"@type\":\"WebPage\",\"@id\":\"https:\\\/\\\/englishcoachonline.com\\\/pl\\\/referencje\\\/\",\"url\":\"https:\\\/\\\/englishcoachonline.com\\\/pl\\\/referencje\\\/\",\"name\":\"Referencje uczni\u00f3w j\u0119zyka angielskiego \u2013 co m\u00f3wi\u0105 inni\",\"isPartOf\":{\"@id\":\"https:\\\/\\\/englishcoachonline.com\\\/#website\"},\"datePublished\":\"2017-11-06T19:57:20+00:00\",\"dateModified\":\"2022-01-25T10:18:57+00:00\",\"description\":\"Zobacz referencje uczni\u00f3w. PELC oferuje dostosowane do indywidualnych potrzeb zaj\u0119cia j\u0119zyka angielskiego. Sprawd\u017a mnie podczas bezp\u0142atnej lekcji pr\u00f3bnej.\",\"breadcrumb\":{\"@id\":\"https:\\\/\\\/englishcoachonline.com\\\/pl\\\/referencje\\\/#breadcrumb\"},\"inLanguage\":\"pl-PL\",\"potentialAction\":[{\"@type\":\"ReadAction\",\"target\":[\"https:\\\/\\\/englishcoachonline.com\\\/pl\\\/referencje\\\/\"]}]},{\"@type\":\"BreadcrumbList\",\"@id\":\"https:\\\/\\\/englishcoachonline.com\\\/pl\\\/referencje\\\/#breadcrumb\",\"itemListElement\":[{\"@type\":\"ListItem\",\"position\":1,\"name\":\"Home\",\"item\":\"https:\\\/\\\/englishcoachonline.com\\\/pl\\\/\"},{\"@type\":\"ListItem\",\"position\":2,\"name\":\"REFERENCJE\"}]},{\"@type\":\"WebSite\",\"@id\":\"https:\\\/\\\/englishcoachonline.com\\\/#website\",\"url\":\"https:\\\/\\\/englishcoachonline.com\\\/\",\"name\":\"English Coach Online\",\"description\":\"Personalised online English lessons\",\"publisher\":{\"@id\":\"https:\\\/\\\/englishcoachonline.com\\\/#organization\"},\"potentialAction\":[{\"@type\":\"SearchAction\",\"target\":{\"@type\":\"EntryPoint\",\"urlTemplate\":\"https:\\\/\\\/englishcoachonline.com\\\/?s={search_term_string}\"},\"query-input\":{\"@type\":\"PropertyValueSpecification\",\"valueRequired\":true,\"valueName\":\"search_term_string\"}}],\"inLanguage\":\"pl-PL\"},{\"@type\":\"Organization\",\"@id\":\"https:\\\/\\\/englishcoachonline.com\\\/#organization\",\"name\":\"Personalised English Language Courses (PELC)\",\"url\":\"https:\\\/\\\/englishcoachonline.com\\\/\",\"logo\":{\"@type\":\"ImageObject\",\"inLanguage\":\"pl-PL\",\"@id\":\"https:\\\/\\\/englishcoachonline.com\\\/#\\\/schema\\\/logo\\\/image\\\/\",\"url\":\"https:\\\/\\\/englishcoachonline.com\\\/wp-content\\\/uploads\\\/2020\\\/01\\\/pelc-scaled-e1579541418776.jpg\",\"contentUrl\":\"https:\\\/\\\/englishcoachonline.com\\\/wp-content\\\/uploads\\\/2020\\\/01\\\/pelc-scaled-e1579541418776.jpg\",\"width\":1811,\"height\":672,\"caption\":\"Personalised English Language Courses (PELC)\"},\"image\":{\"@id\":\"https:\\\/\\\/englishcoachonline.com\\\/#\\\/schema\\\/logo\\\/image\\\/\"},\"sameAs\":[\"https:\\\/\\\/www.facebook.com\\\/pelcenglishcoach\\\/\",\"https:\\\/\\\/x.com\\\/ELTblogger\",\"https:\\\/\\\/www.linkedin.com\\\/in\\\/steve-komi\\\/\",\"https:\\\/\\\/www.youtube.com\\\/channel\\\/UCFst92augT1KENATnLznlQQ\\\/videos?view_as=subscriber\"]}]}<\/script>\n<!-- \/ Yoast SEO plugin. -->","yoast_head_json":{"title":"Referencje uczni\u00f3w j\u0119zyka angielskiego \u2013 co m\u00f3wi\u0105 inni","description":"Zobacz referencje uczni\u00f3w. PELC oferuje dostosowane do indywidualnych potrzeb zaj\u0119cia j\u0119zyka angielskiego. Sprawd\u017a mnie podczas bezp\u0142atnej lekcji pr\u00f3bnej.","robots":{"index":"index","follow":"follow","max-snippet":"max-snippet:-1","max-image-preview":"max-image-preview:large","max-video-preview":"max-video-preview:-1"},"canonical":"https:\/\/englishcoachonline.com\/pl\/referencje\/","og_locale":"pl_PL","og_type":"article","og_title":"Referencje uczni\u00f3w j\u0119zyka angielskiego \u2013 co m\u00f3wi\u0105 inni","og_description":"Zobacz referencje uczni\u00f3w. PELC oferuje dostosowane do indywidualnych potrzeb zaj\u0119cia j\u0119zyka angielskiego. Sprawd\u017a mnie podczas bezp\u0142atnej lekcji pr\u00f3bnej.","og_url":"https:\/\/englishcoachonline.com\/pl\/referencje\/","og_site_name":"English Coach Online","article_publisher":"https:\/\/www.facebook.com\/pelcenglishcoach\/","article_modified_time":"2022-01-25T10:18:57+00:00","og_image":[{"width":1200,"height":628,"url":"https:\/\/englishcoachonline.com\/wp-content\/uploads\/2017\/12\/steve-kraj-english-skype-lessons-teacher-online-4.jpg","type":"image\/jpeg"}],"twitter_card":"summary_large_image","twitter_site":"@ELTblogger","twitter_misc":{"Szacowany czas czytania":"1 minuta"},"schema":{"@context":"https:\/\/schema.org","@graph":[{"@type":"WebPage","@id":"https:\/\/englishcoachonline.com\/pl\/referencje\/","url":"https:\/\/englishcoachonline.com\/pl\/referencje\/","name":"Referencje uczni\u00f3w j\u0119zyka angielskiego \u2013 co m\u00f3wi\u0105 inni","isPartOf":{"@id":"https:\/\/englishcoachonline.com\/#website"},"datePublished":"2017-11-06T19:57:20+00:00","dateModified":"2022-01-25T10:18:57+00:00","description":"Zobacz referencje uczni\u00f3w. PELC oferuje dostosowane do indywidualnych potrzeb zaj\u0119cia j\u0119zyka angielskiego. Sprawd\u017a mnie podczas bezp\u0142atnej lekcji pr\u00f3bnej.","breadcrumb":{"@id":"https:\/\/englishcoachonline.com\/pl\/referencje\/#breadcrumb"},"inLanguage":"pl-PL","potentialAction":[{"@type":"ReadAction","target":["https:\/\/englishcoachonline.com\/pl\/referencje\/"]}]},{"@type":"BreadcrumbList","@id":"https:\/\/englishcoachonline.com\/pl\/referencje\/#breadcrumb","itemListElement":[{"@type":"ListItem","position":1,"name":"Home","item":"https:\/\/englishcoachonline.com\/pl\/"},{"@type":"ListItem","position":2,"name":"REFERENCJE"}]},{"@type":"WebSite","@id":"https:\/\/englishcoachonline.com\/#website","url":"https:\/\/englishcoachonline.com\/","name":"English Coach Online","description":"Personalised online English lessons","publisher":{"@id":"https:\/\/englishcoachonline.com\/#organization"},"potentialAction":[{"@type":"SearchAction","target":{"@type":"EntryPoint","urlTemplate":"https:\/\/englishcoachonline.com\/?s={search_term_string}"},"query-input":{"@type":"PropertyValueSpecification","valueRequired":true,"valueName":"search_term_string"}}],"inLanguage":"pl-PL"},{"@type":"Organization","@id":"https:\/\/englishcoachonline.com\/#organization","name":"Personalised English Language Courses (PELC)","url":"https:\/\/englishcoachonline.com\/","logo":{"@type":"ImageObject","inLanguage":"pl-PL","@id":"https:\/\/englishcoachonline.com\/#\/schema\/logo\/image\/","url":"https:\/\/englishcoachonline.com\/wp-content\/uploads\/2020\/01\/pelc-scaled-e1579541418776.jpg","contentUrl":"https:\/\/englishcoachonline.com\/wp-content\/uploads\/2020\/01\/pelc-scaled-e1579541418776.jpg","width":1811,"height":672,"caption":"Personalised English Language Courses (PELC)"},"image":{"@id":"https:\/\/englishcoachonline.com\/#\/schema\/logo\/image\/"},"sameAs":["https:\/\/www.facebook.com\/pelcenglishcoach\/","https:\/\/x.com\/ELTblogger","https:\/\/www.linkedin.com\/in\/steve-komi\/","https:\/\/www.youtube.com\/channel\/UCFst92augT1KENATnLznlQQ\/videos?view_as=subscriber"]}]}},"_links":{"self":[{"href":"https:\/\/englishcoachonline.com\/pl\/wp-json\/wp\/v2\/pages\/879","targetHints":{"allow":["GET"]}}],"collection":[{"href":"https:\/\/englishcoachonline.com\/pl\/wp-json\/wp\/v2\/pages"}],"about":[{"href":"https:\/\/englishcoachonline.com\/pl\/wp-json\/wp\/v2\/types\/page"}],"author":[{"embeddable":true,"href":"https:\/\/englishcoachonline.com\/pl\/wp-json\/wp\/v2\/users\/1"}],"replies":[{"embeddable":true,"href":"https:\/\/englishcoachonline.com\/pl\/wp-json\/wp\/v2\/comments?post=879"}],"version-history":[{"count":3,"href":"https:\/\/englishcoachonline.com\/pl\/wp-json\/wp\/v2\/pages\/879\/revisions"}],"predecessor-version":[{"id":7128,"href":"https:\/\/englishcoachonline.com\/pl\/wp-json\/wp\/v2\/pages\/879\/revisions\/7128"}],"wp:attachment":[{"href":"https:\/\/englishcoachonline.com\/pl\/wp-json\/wp\/v2\/media?parent=879"}],"curies":[{"name":"wp","href":"https:\/\/api.w.org\/{rel}","templated":true}]}}