{"id":881,"date":"2017-11-06T21:58:46","date_gmt":"2017-11-06T19:58:46","guid":{"rendered":"https:\/\/englishcoachonline.com\/?page_id=881\/"},"modified":"2025-08-11T22:33:10","modified_gmt":"2025-08-11T20:33:10","slug":"kontakt","status":"publish","type":"page","link":"https:\/\/englishcoachonline.com\/pl\/kontakt\/","title":{"rendered":"KONTAKT"},"content":{"rendered":"<div class=\"wpb-content-wrapper\">[vc_row][vc_column css=&#8221;.vc_custom_1501409487188{padding-top: 50px !important;padding-bottom: 50px !important;}&#8221;][vc_custom_heading text=&#8221;<strong>Skontaktuj si\u0119<\/strong>&#8221; font_container=&#8221;tag:h1|text_align:center&#8221; use_theme_fonts=&#8221;yes&#8221;][vc_column_text css=&#8221;.vc_custom_1643104713919{margin-bottom: 0px !important;}&#8221;]\n<h1 style=\"text-align: center; font-size: 29px;\">Je\u015bli masz jakiekolwiek pytania dotycz\u0105ce moich zaj\u0119\u0107 lub nauki j\u0119zyka, skontaktuj si\u0119 ze mn\u0105.<\/h1>\n[\/vc_column_text][vc_row_inner css=&#8221;.vc_custom_1501409517460{padding-top: 50px !important;}&#8221;][vc_column_inner width=&#8221;1\/4&#8243;][\/vc_column_inner][vc_column_inner width=&#8221;1\/2&#8243;][vc_column_text css=&#8221;.vc_custom_1754944387673{margin-bottom: 0px !important;}&#8221;]<div class='fluentform ff-default fluentform_wrapper_5 ffs_default_wrap'><form data-form_id=\"5\" id=\"fluentform_5\" class=\"frm-fluent-form fluent_form_5 ff-el-form-top ff_form_instance_5_1 ff-form-loading ff_has_v3_recptcha ffs_default\" data-form_instance=\"ff_form_instance_5_1\" method=\"POST\" data-recptcha_key=\"6LfavqMrAAAAAFQAkoIufQBDs1z97jdilWC5zzyW\" ><fieldset  style=\"border: none!important;margin: 0!important;padding: 0!important;background-color: transparent!important;box-shadow: none!important;outline: none!important; min-inline-size: 100%;\">\n                    <legend class=\"ff_screen_reader_title\" style=\"display: block; margin: 0!important;padding: 0!important;height: 0!important;text-indent: -999999px;width: 0!important;overflow:hidden;\">Contact Form PL<\/legend><input type='hidden' name='__fluent_form_embded_post_id' value='881' \/><input type=\"hidden\" id=\"_fluentform_5_fluentformnonce\" name=\"_fluentform_5_fluentformnonce\" value=\"a3b96815c4\" \/><input type=\"hidden\" name=\"_wp_http_referer\" value=\"\/pl\/wp-json\/wp\/v2\/pages\/881\" \/><div class='ff-el-group'><div class=\"ff-el-input--label ff-el-is-required asterisk-right\"><label for='ff_5_input_text' id='label_ff_5_input_text' aria-label=\"Imi\u0119\">Imi\u0119 <\/label><\/div><div class='ff-el-input--content'><input type=\"text\" name=\"input_text\" class=\"ff-el-form-control\" data-name=\"input_text\" id=\"ff_5_input_text\"  aria-invalid=\"false\" aria-required=true><\/div><\/div><div class='ff-el-group'><div class=\"ff-el-input--label ff-el-is-required asterisk-right\"><label for='ff_5_email' id='label_ff_5_email' aria-label=\"Email\">Email<\/label><\/div><div class='ff-el-input--content'><input type=\"email\" name=\"email\" id=\"ff_5_email\" class=\"ff-el-form-control\" data-name=\"email\"  aria-invalid=\"false\" aria-required=true><\/div><\/div><div class='ff-el-group'><div class=\"ff-el-input--label ff-el-is-required asterisk-right\"><label for='ff_5_message' id='label_ff_5_message' aria-label=\"Wasza wiadomo\u015b\u0107\">Wasza wiadomo\u015b\u0107<\/label><\/div><div class='ff-el-input--content'><textarea aria-required=\"true\" aria-labelledby=\"label_ff_5_message\" name=\"message\" id=\"ff_5_message\" class=\"ff-el-form-control\" rows=\"4\" cols=\"2\" data-name=\"message\" ><\/textarea><\/div><\/div><div class='ff-el-group ff-text-center ff_submit_btn_wrapper'><button type=\"submit\" class=\"ff-btn ff-btn-submit ff-btn-md ff_btn_style\"  aria-label=\"WYSLIJ WIADOMO\u015a\u0106\">WYSLIJ WIADOMO\u015a\u0106<\/button><\/div><\/fieldset><\/form><div id='fluentform_5_errors' class='ff-errors-in-stack ff_form_instance_5_1 ff-form-loading_errors ff_form_instance_5_1_errors'><\/div><\/div>            <script type=\"text\/javascript\">\n                window.fluent_form_ff_form_instance_5_1 = {\"id\":\"5\",\"settings\":{\"layout\":{\"labelPlacement\":\"top\",\"helpMessagePlacement\":\"with_label\",\"errorMessagePlacement\":\"inline\",\"cssClassName\":\"\",\"asteriskPlacement\":\"asterisk-right\"},\"restrictions\":{\"denyEmptySubmission\":{\"enabled\":false}}},\"form_instance\":\"ff_form_instance_5_1\",\"form_id_selector\":\"fluentform_5\",\"rules\":{\"input_text\":{\"required\":{\"value\":true,\"message\":\"This field is required\",\"global_message\":\"This field is required\",\"global\":true}},\"email\":{\"required\":{\"value\":true,\"message\":\"This field is required\",\"global\":false,\"global_message\":\"This field is required\"},\"email\":{\"value\":true,\"message\":\"This field must contain a valid email\",\"global\":false,\"global_message\":\"This field must contain a valid email\"}},\"message\":{\"required\":{\"value\":true,\"message\":\"This field is required\",\"global\":false,\"global_message\":\"This field is required\"}},\"g-recaptcha-response\":[]},\"debounce_time\":300};\n                            <\/script>\n            [\/vc_column_text][\/vc_column_inner][vc_column_inner width=&#8221;1\/4&#8243;][\/vc_column_inner][\/vc_row_inner][\/vc_column][\/vc_row]\n<\/div>","protected":false},"excerpt":{"rendered":"<p>[vc_row][vc_column css=&#8221;.vc_custom_1501409487188{padding-top: 50px !important;padding-bottom: 50px !important;}&#8221;][vc_custom_heading text=&#8221;Skontaktuj si\u0119&#8221; font_container=&#8221;tag:h1|text_align:center&#8221; use_theme_fonts=&#8221;yes&#8221;][vc_column_text css=&#8221;.vc_custom_1643104713919{margin-bottom: 0px !important;}&#8221;] Je\u015bli masz jakiekolwiek pytania dotycz\u0105ce moich zaj\u0119\u0107 lub nauki j\u0119zyka, skontaktuj si\u0119 ze mn\u0105. [\/vc_column_text][vc_row_inner css=&#8221;.vc_custom_1501409517460{padding-top: 50px !important;}&#8221;][vc_column_inner width=&#8221;1\/4&#8243;][\/vc_column_inner][vc_column_inner width=&#8221;1\/2&#8243;][vc_column_text css=&#8221;.vc_custom_1754944387673{margin-bottom: 0px !important;}&#8221;][\/vc_column_text][\/vc_column_inner][vc_column_inner width=&#8221;1\/4&#8243;][\/vc_column_inner][\/vc_row_inner][\/vc_column][\/vc_row]<\/p>\n","protected":false},"author":1,"featured_media":0,"parent":0,"menu_order":0,"comment_status":"closed","ping_status":"closed","template":"","meta":{"footnotes":""},"class_list":["post-881","page","type-page","status-publish","hentry"],"yoast_head":"<!-- This site is optimized with the Yoast SEO plugin v27.4 - https:\/\/yoast.com\/product\/yoast-seo-wordpress\/ -->\n<title>Naucz si\u0119 j\u0119zyka online \u2013 skontaktuj si\u0119 z PELC ju\u017c dzi\u015b.<\/title>\n<meta name=\"description\" content=\"PELC oferuje specjalistyczne zaj\u0119cia angielskiego przez Skype. Osi\u0105gnij bieg\u0142o\u015b\u0107 i nabierz pewno\u015bci siebie z PELC. Zarezerwuj bezp\u0142atn\u0105 lekcj\u0119 pr\u00f3bn\u0105.\" \/>\n<meta name=\"robots\" content=\"index, follow, max-snippet:-1, max-image-preview:large, max-video-preview:-1\" \/>\n<link rel=\"canonical\" href=\"https:\/\/englishcoachonline.com\/pl\/kontakt\/\" \/>\n<meta property=\"og:locale\" content=\"pl_PL\" \/>\n<meta property=\"og:type\" content=\"article\" \/>\n<meta property=\"og:title\" content=\"Naucz si\u0119 j\u0119zyka online \u2013 skontaktuj si\u0119 z PELC ju\u017c dzi\u015b.\" \/>\n<meta property=\"og:description\" content=\"PELC oferuje specjalistyczne zaj\u0119cia angielskiego przez Skype. Osi\u0105gnij bieg\u0142o\u015b\u0107 i nabierz pewno\u015bci siebie z PELC. Zarezerwuj bezp\u0142atn\u0105 lekcj\u0119 pr\u00f3bn\u0105.\" \/>\n<meta property=\"og:url\" content=\"https:\/\/englishcoachonline.com\/pl\/kontakt\/\" \/>\n<meta property=\"og:site_name\" content=\"English Coach Online\" \/>\n<meta property=\"article:publisher\" content=\"https:\/\/www.facebook.com\/pelcenglishcoach\/\" \/>\n<meta property=\"article:modified_time\" content=\"2025-08-11T20:33:10+00:00\" \/>\n<meta property=\"og:image\" content=\"https:\/\/englishcoachonline.com\/wp-content\/uploads\/2017\/12\/steve-kraj-english-skype-lessons-teacher-online-4.jpg\" \/>\n\t<meta property=\"og:image:width\" content=\"1200\" \/>\n\t<meta property=\"og:image:height\" content=\"628\" \/>\n\t<meta property=\"og:image:type\" content=\"image\/jpeg\" \/>\n<meta name=\"twitter:card\" content=\"summary_large_image\" \/>\n<meta name=\"twitter:site\" content=\"@ELTblogger\" \/>\n<meta name=\"twitter:label1\" content=\"Szacowany czas czytania\" \/>\n\t<meta name=\"twitter:data1\" content=\"1 minuta\" \/>\n<script type=\"application\/ld+json\" class=\"yoast-schema-graph\">{\"@context\":\"https:\\\/\\\/schema.org\",\"@graph\":[{\"@type\":\"WebPage\",\"@id\":\"https:\\\/\\\/englishcoachonline.com\\\/pl\\\/kontakt\\\/\",\"url\":\"https:\\\/\\\/englishcoachonline.com\\\/pl\\\/kontakt\\\/\",\"name\":\"Naucz si\u0119 j\u0119zyka online \u2013 skontaktuj si\u0119 z PELC ju\u017c dzi\u015b.\",\"isPartOf\":{\"@id\":\"https:\\\/\\\/englishcoachonline.com\\\/#website\"},\"datePublished\":\"2017-11-06T19:58:46+00:00\",\"dateModified\":\"2025-08-11T20:33:10+00:00\",\"description\":\"PELC oferuje specjalistyczne zaj\u0119cia angielskiego przez Skype. Osi\u0105gnij bieg\u0142o\u015b\u0107 i nabierz pewno\u015bci siebie z PELC. Zarezerwuj bezp\u0142atn\u0105 lekcj\u0119 pr\u00f3bn\u0105.\",\"breadcrumb\":{\"@id\":\"https:\\\/\\\/englishcoachonline.com\\\/pl\\\/kontakt\\\/#breadcrumb\"},\"inLanguage\":\"pl-PL\",\"potentialAction\":[{\"@type\":\"ReadAction\",\"target\":[\"https:\\\/\\\/englishcoachonline.com\\\/pl\\\/kontakt\\\/\"]}]},{\"@type\":\"BreadcrumbList\",\"@id\":\"https:\\\/\\\/englishcoachonline.com\\\/pl\\\/kontakt\\\/#breadcrumb\",\"itemListElement\":[{\"@type\":\"ListItem\",\"position\":1,\"name\":\"Home\",\"item\":\"https:\\\/\\\/englishcoachonline.com\\\/pl\\\/\"},{\"@type\":\"ListItem\",\"position\":2,\"name\":\"KONTAKT\"}]},{\"@type\":\"WebSite\",\"@id\":\"https:\\\/\\\/englishcoachonline.com\\\/#website\",\"url\":\"https:\\\/\\\/englishcoachonline.com\\\/\",\"name\":\"English Coach Online\",\"description\":\"Personalised online English lessons\",\"publisher\":{\"@id\":\"https:\\\/\\\/englishcoachonline.com\\\/#organization\"},\"potentialAction\":[{\"@type\":\"SearchAction\",\"target\":{\"@type\":\"EntryPoint\",\"urlTemplate\":\"https:\\\/\\\/englishcoachonline.com\\\/?s={search_term_string}\"},\"query-input\":{\"@type\":\"PropertyValueSpecification\",\"valueRequired\":true,\"valueName\":\"search_term_string\"}}],\"inLanguage\":\"pl-PL\"},{\"@type\":\"Organization\",\"@id\":\"https:\\\/\\\/englishcoachonline.com\\\/#organization\",\"name\":\"Personalised English Language Courses (PELC)\",\"url\":\"https:\\\/\\\/englishcoachonline.com\\\/\",\"logo\":{\"@type\":\"ImageObject\",\"inLanguage\":\"pl-PL\",\"@id\":\"https:\\\/\\\/englishcoachonline.com\\\/#\\\/schema\\\/logo\\\/image\\\/\",\"url\":\"https:\\\/\\\/englishcoachonline.com\\\/wp-content\\\/uploads\\\/2020\\\/01\\\/pelc-scaled-e1579541418776.jpg\",\"contentUrl\":\"https:\\\/\\\/englishcoachonline.com\\\/wp-content\\\/uploads\\\/2020\\\/01\\\/pelc-scaled-e1579541418776.jpg\",\"width\":1811,\"height\":672,\"caption\":\"Personalised English Language Courses (PELC)\"},\"image\":{\"@id\":\"https:\\\/\\\/englishcoachonline.com\\\/#\\\/schema\\\/logo\\\/image\\\/\"},\"sameAs\":[\"https:\\\/\\\/www.facebook.com\\\/pelcenglishcoach\\\/\",\"https:\\\/\\\/x.com\\\/ELTblogger\",\"https:\\\/\\\/www.linkedin.com\\\/in\\\/steve-komi\\\/\",\"https:\\\/\\\/www.youtube.com\\\/channel\\\/UCFst92augT1KENATnLznlQQ\\\/videos?view_as=subscriber\"]}]}<\/script>\n<!-- \/ Yoast SEO plugin. -->","yoast_head_json":{"title":"Naucz si\u0119 j\u0119zyka online \u2013 skontaktuj si\u0119 z PELC ju\u017c dzi\u015b.","description":"PELC oferuje specjalistyczne zaj\u0119cia angielskiego przez Skype. Osi\u0105gnij bieg\u0142o\u015b\u0107 i nabierz pewno\u015bci siebie z PELC. Zarezerwuj bezp\u0142atn\u0105 lekcj\u0119 pr\u00f3bn\u0105.","robots":{"index":"index","follow":"follow","max-snippet":"max-snippet:-1","max-image-preview":"max-image-preview:large","max-video-preview":"max-video-preview:-1"},"canonical":"https:\/\/englishcoachonline.com\/pl\/kontakt\/","og_locale":"pl_PL","og_type":"article","og_title":"Naucz si\u0119 j\u0119zyka online \u2013 skontaktuj si\u0119 z PELC ju\u017c dzi\u015b.","og_description":"PELC oferuje specjalistyczne zaj\u0119cia angielskiego przez Skype. Osi\u0105gnij bieg\u0142o\u015b\u0107 i nabierz pewno\u015bci siebie z PELC. Zarezerwuj bezp\u0142atn\u0105 lekcj\u0119 pr\u00f3bn\u0105.","og_url":"https:\/\/englishcoachonline.com\/pl\/kontakt\/","og_site_name":"English Coach Online","article_publisher":"https:\/\/www.facebook.com\/pelcenglishcoach\/","article_modified_time":"2025-08-11T20:33:10+00:00","og_image":[{"width":1200,"height":628,"url":"https:\/\/englishcoachonline.com\/wp-content\/uploads\/2017\/12\/steve-kraj-english-skype-lessons-teacher-online-4.jpg","type":"image\/jpeg"}],"twitter_card":"summary_large_image","twitter_site":"@ELTblogger","twitter_misc":{"Szacowany czas czytania":"1 minuta"},"schema":{"@context":"https:\/\/schema.org","@graph":[{"@type":"WebPage","@id":"https:\/\/englishcoachonline.com\/pl\/kontakt\/","url":"https:\/\/englishcoachonline.com\/pl\/kontakt\/","name":"Naucz si\u0119 j\u0119zyka online \u2013 skontaktuj si\u0119 z PELC ju\u017c dzi\u015b.","isPartOf":{"@id":"https:\/\/englishcoachonline.com\/#website"},"datePublished":"2017-11-06T19:58:46+00:00","dateModified":"2025-08-11T20:33:10+00:00","description":"PELC oferuje specjalistyczne zaj\u0119cia angielskiego przez Skype. Osi\u0105gnij bieg\u0142o\u015b\u0107 i nabierz pewno\u015bci siebie z PELC. Zarezerwuj bezp\u0142atn\u0105 lekcj\u0119 pr\u00f3bn\u0105.","breadcrumb":{"@id":"https:\/\/englishcoachonline.com\/pl\/kontakt\/#breadcrumb"},"inLanguage":"pl-PL","potentialAction":[{"@type":"ReadAction","target":["https:\/\/englishcoachonline.com\/pl\/kontakt\/"]}]},{"@type":"BreadcrumbList","@id":"https:\/\/englishcoachonline.com\/pl\/kontakt\/#breadcrumb","itemListElement":[{"@type":"ListItem","position":1,"name":"Home","item":"https:\/\/englishcoachonline.com\/pl\/"},{"@type":"ListItem","position":2,"name":"KONTAKT"}]},{"@type":"WebSite","@id":"https:\/\/englishcoachonline.com\/#website","url":"https:\/\/englishcoachonline.com\/","name":"English Coach Online","description":"Personalised online English lessons","publisher":{"@id":"https:\/\/englishcoachonline.com\/#organization"},"potentialAction":[{"@type":"SearchAction","target":{"@type":"EntryPoint","urlTemplate":"https:\/\/englishcoachonline.com\/?s={search_term_string}"},"query-input":{"@type":"PropertyValueSpecification","valueRequired":true,"valueName":"search_term_string"}}],"inLanguage":"pl-PL"},{"@type":"Organization","@id":"https:\/\/englishcoachonline.com\/#organization","name":"Personalised English Language Courses (PELC)","url":"https:\/\/englishcoachonline.com\/","logo":{"@type":"ImageObject","inLanguage":"pl-PL","@id":"https:\/\/englishcoachonline.com\/#\/schema\/logo\/image\/","url":"https:\/\/englishcoachonline.com\/wp-content\/uploads\/2020\/01\/pelc-scaled-e1579541418776.jpg","contentUrl":"https:\/\/englishcoachonline.com\/wp-content\/uploads\/2020\/01\/pelc-scaled-e1579541418776.jpg","width":1811,"height":672,"caption":"Personalised English Language Courses (PELC)"},"image":{"@id":"https:\/\/englishcoachonline.com\/#\/schema\/logo\/image\/"},"sameAs":["https:\/\/www.facebook.com\/pelcenglishcoach\/","https:\/\/x.com\/ELTblogger","https:\/\/www.linkedin.com\/in\/steve-komi\/","https:\/\/www.youtube.com\/channel\/UCFst92augT1KENATnLznlQQ\/videos?view_as=subscriber"]}]}},"_links":{"self":[{"href":"https:\/\/englishcoachonline.com\/pl\/wp-json\/wp\/v2\/pages\/881","targetHints":{"allow":["GET"]}}],"collection":[{"href":"https:\/\/englishcoachonline.com\/pl\/wp-json\/wp\/v2\/pages"}],"about":[{"href":"https:\/\/englishcoachonline.com\/pl\/wp-json\/wp\/v2\/types\/page"}],"author":[{"embeddable":true,"href":"https:\/\/englishcoachonline.com\/pl\/wp-json\/wp\/v2\/users\/1"}],"replies":[{"embeddable":true,"href":"https:\/\/englishcoachonline.com\/pl\/wp-json\/wp\/v2\/comments?post=881"}],"version-history":[{"count":6,"href":"https:\/\/englishcoachonline.com\/pl\/wp-json\/wp\/v2\/pages\/881\/revisions"}],"predecessor-version":[{"id":13378,"href":"https:\/\/englishcoachonline.com\/pl\/wp-json\/wp\/v2\/pages\/881\/revisions\/13378"}],"wp:attachment":[{"href":"https:\/\/englishcoachonline.com\/pl\/wp-json\/wp\/v2\/media?parent=881"}],"curies":[{"name":"wp","href":"https:\/\/api.w.org\/{rel}","templated":true}]}}