{"id":886,"date":"2017-11-06T22:01:50","date_gmt":"2017-11-06T20:01:50","guid":{"rendered":"https:\/\/englishcoachonline.com\/?page_id=886\/"},"modified":"2025-08-11T20:23:38","modified_gmt":"2025-08-11T18:23:38","slug":"zapisz-sie","status":"publish","type":"page","link":"https:\/\/englishcoachonline.com\/pl\/zapisz-sie\/","title":{"rendered":"ZAPISZ SI\u0118"},"content":{"rendered":"<div class=\"wpb-content-wrapper\">[vc_row fullwidth=&#8221;true&#8221; fullwidth_content=&#8221;false&#8221; css=&#8221;.vc_custom_1684024459477{padding-top: 25px !important;padding-bottom: 25px !important;background-color: #d4d4d4 !important;}&#8221;][vc_column][vc_column_text css=&#8221;.vc_custom_1684024419660{margin-bottom: 0px !important;}&#8221;]\n<h1 style=\"text-align: center;\"><span data-story-id=\"story_0d517719738108b66d03dbde57799473\" data-room-id=\"room_e2247102d153196656e2e3bed1f573e4\" data-timestamp=\"1643144075844\" data-text=\"Um\u00f3w si\u0119 na bezp\u0142atn\u0105 konsultacj\u0119 ze mn\u0105!\" data-userid=\"875237769394098176\" data-orgid=\"896429737744093184\">Um\u00f3w si\u0119 na bezp\u0142atn\u0105 konsultacj\u0119 ze mn\u0105!<\/span><\/h1>\n[\/vc_column_text][\/vc_column][\/vc_row][vc_row css=&#8221;.vc_custom_1688088028017{padding-top: 50px !important;padding-bottom: 50px !important;}&#8221;][vc_column width=&#8221;1\/2&#8243;][vc_column_text css=&#8221;.vc_custom_1640262688615{margin-bottom: 0px !important;}&#8221;]\n<h2>Dlaczego warto wybra\u0107 moje lekcje?<\/h2>\n[\/vc_column_text][mk_custom_list el_class=&#8221;ul-custom&#8221;]\n<ul>\n<li style=\"list-style-type: none;\">\n<ul>\n<li>\n<h4>Rozleg\u0142e do\u015bwiadczenie \u2013 praca ze studentami od 2006r &#8211; ponad 3000 uczni\u00f3w<\/h4>\n<\/li>\n<li>\n<h4>Dyplomowany nauczyciel ze stopniem magistra w zakresie nauczania j\u0119zyka angielskiego<\/h4>\n<\/li>\n<li>\n<h4>Doskonale motywuj\u0119 \u2013 Potrafi\u0119 zainspirowa\u0107!<\/h4>\n<\/li>\n<li>\n<h4>W\u0142asne teksty napisane z my\u015bl\u0105 o poszerzeniu wiedzy uczni\u00f3w o u\u017cywane przez native speaker\u00f3w typowe zwroty i konstrukcje zda\u0144<\/h4>\n<\/li>\n<li>\n<h4>Pakiety i oferty lekcyjne w przyst\u0119pnych cenach<\/h4>\n<\/li>\n<\/ul>\n<\/li>\n<\/ul>\n[\/mk_custom_list][\/vc_column][vc_column width=&#8221;1\/2&#8243;][vc_column_text el_class=&#8221;consultation-form&#8221; css=&#8221;.vc_custom_1754936616219{margin-bottom: 0px !important;}&#8221;]<div class='fluentform ff-default fluentform_wrapper_4 ffs_default_wrap'><form data-form_id=\"4\" id=\"fluentform_4\" class=\"frm-fluent-form fluent_form_4 ff-el-form-top ff_form_instance_4_1 ff-form-loading ff_has_v3_recptcha ffs_default\" data-form_instance=\"ff_form_instance_4_1\" method=\"POST\" data-recptcha_key=\"6LfavqMrAAAAAFQAkoIufQBDs1z97jdilWC5zzyW\" ><fieldset  style=\"border: none!important;margin: 0!important;padding: 0!important;background-color: transparent!important;box-shadow: none!important;outline: none!important; min-inline-size: 100%;\">\n                    <legend class=\"ff_screen_reader_title\" style=\"display: block; margin: 0!important;padding: 0!important;height: 0!important;text-indent: -999999px;width: 0!important;overflow:hidden;\">Zapisz-sie<\/legend><input type='hidden' name='__fluent_form_embded_post_id' value='886' \/><input type=\"hidden\" id=\"_fluentform_4_fluentformnonce\" name=\"_fluentform_4_fluentformnonce\" value=\"7429cfa02d\" \/><input type=\"hidden\" name=\"_wp_http_referer\" value=\"\/pl\/wp-json\/wp\/v2\/pages\/886\" \/><div class='ff-el-group  ff-custom_html' tabindex='-1' data-name=\"custom_html-4_1\" ><h3 style=\"text-align: center\"><span style=\"color: #ffffff\">Zaplanuj swoj\u0105 bezp\u0142atn\u0105 konsultacj\u0119<\/span><\/h3><\/div><div class='ff-el-group ff-el-form-right'><div class=\"ff-el-input--label ff-el-is-required asterisk-right\"><label for='ff_4_input_text' id='label_ff_4_input_text' aria-label=\"Imi\u0119\">Imi\u0119<\/label><\/div><div class='ff-el-input--content'><input type=\"text\" name=\"input_text\" class=\"ff-el-form-control\" data-name=\"input_text\" id=\"ff_4_input_text\"  aria-invalid=\"false\" aria-required=true><\/div><\/div><div class='ff-el-group ff-el-form-right'><div class=\"ff-el-input--label ff-el-is-required asterisk-right\"><label for='ff_4_input_text_1' id='label_ff_4_input_text_1' aria-label=\"Nazwisko\">Nazwisko<\/label><\/div><div class='ff-el-input--content'><input type=\"text\" name=\"input_text_1\" class=\"ff-el-form-control\" data-name=\"input_text_1\" id=\"ff_4_input_text_1\"  aria-invalid=\"false\" aria-required=true><\/div><\/div><div class='ff-el-group ff-el-form-right'><div class=\"ff-el-input--label ff-el-is-required asterisk-right\"><label for='ff_4_email' id='label_ff_4_email' aria-label=\"Email\">Email<\/label><\/div><div class='ff-el-input--content'><input type=\"email\" name=\"email\" id=\"ff_4_email\" class=\"ff-el-form-control\" data-name=\"email\"  aria-invalid=\"false\" aria-required=true><\/div><\/div><div class='ff-el-group ff-el-form-right'><div class=\"ff-el-input--label ff-el-is-required asterisk-right\"><label for='ff_4_dropdown' id='label_ff_4_dropdown' aria-label=\"Kurs\">Kurs<\/label><\/div><div class='ff-el-input--content'><select name=\"dropdown\" id=\"ff_4_dropdown\" class=\"ff-el-form-control\" data-name=\"dropdown\" data-calc_value=\"0\"  aria-invalid=\"false\" aria-required=\"true\" aria-labelledby=\"label_ff_4_dropdown\"><option value=\"\">- Wybierz kurs -<\/option><option value=\"Kurs komunikacji \u201cP\u0142ynne m\u00f3wienie po angielsku\u201d\"  >Kurs komunikacji \u201cP\u0142ynne m\u00f3wienie po angielsku\u201d<\/option><option value=\"Kurs wymowy j\u0119zyka angielskiego (brytyjskiego)\"  >Kurs wymowy j\u0119zyka angielskiego (brytyjskiego)<\/option><option value=\"Konwersacyjny kurs j\u0119zyka angielskiego biznesowego\"  >Konwersacyjny kurs j\u0119zyka angielskiego biznesowego<\/option><option value=\"Mentoring j\u0119zykowy\"  >Mentoring j\u0119zykowy<\/option><option value=\"Kurs angielskiego dla pocz\u0105tkuj\u0105cych online\"  >Kurs angielskiego dla pocz\u0105tkuj\u0105cych online<\/option><option value=\"Kursy w firmach\"  >Kursy w firmach<\/option><option value=\"C1 Advanced\"  >C1 Advanced<\/option><option value=\"Egzamin C2 Proficiency (M\u00f3wienie)\"  >Egzamin C2 Proficiency (M\u00f3wienie)<\/option><option value=\"Egzamin C2 Proficiency (wszystkie jego cz\u0119\u015bci)\"  >Egzamin C2 Proficiency (wszystkie jego cz\u0119\u015bci)<\/option><\/select><\/div><\/div><div class='ff-el-group ff-text-center ff_submit_btn_wrapper'><button type=\"submit\" class=\"ff-btn ff-btn-submit ff-btn-md ff_btn_style\"  aria-label=\"BEZP\u0141ATNA KONSULTACJA\">BEZP\u0141ATNA KONSULTACJA<\/button><\/div><\/fieldset><\/form><div id='fluentform_4_errors' class='ff-errors-in-stack ff_form_instance_4_1 ff-form-loading_errors ff_form_instance_4_1_errors'><\/div><\/div>            <script type=\"text\/javascript\">\n                window.fluent_form_ff_form_instance_4_1 = {\"id\":\"4\",\"settings\":{\"layout\":{\"labelPlacement\":\"top\",\"helpMessagePlacement\":\"with_label\",\"errorMessagePlacement\":\"inline\",\"cssClassName\":\"\",\"asteriskPlacement\":\"asterisk-right\"},\"restrictions\":{\"denyEmptySubmission\":{\"enabled\":false}}},\"form_instance\":\"ff_form_instance_4_1\",\"form_id_selector\":\"fluentform_4\",\"rules\":{\"input_text\":{\"required\":{\"value\":true,\"message\":\"This field is required\",\"global_message\":\"This field is required\",\"global\":true}},\"input_text_1\":{\"required\":{\"value\":true,\"message\":\"This field is required\",\"global_message\":\"This field is required\",\"global\":true}},\"email\":{\"required\":{\"value\":true,\"message\":\"This field is required\",\"global\":false,\"global_message\":\"This field is required\"},\"email\":{\"value\":true,\"message\":\"This field must contain a valid email\",\"global\":false,\"global_message\":\"This field must contain a valid email\"}},\"dropdown\":{\"required\":{\"value\":true,\"message\":\"This field is required\",\"global_message\":\"This field is required\",\"global\":true}},\"g-recaptcha-response\":[]},\"debounce_time\":300};\n                            <\/script>\n            [\/vc_column_text][\/vc_column][\/vc_row][vc_row fullwidth=&#8221;true&#8221; fullwidth_content=&#8221;false&#8221; css=&#8221;.vc_custom_1501335778000{padding-top: 25px !important;padding-bottom: 10px !important;background-color: #d4d4d4 !important;}&#8221;][vc_column][vc_single_image image=&#8221;349&#8243; img_size=&#8221;full&#8221;][\/vc_column][\/vc_row]\n<\/div>","protected":false},"excerpt":{"rendered":"<p>[vc_row fullwidth=&#8221;true&#8221; fullwidth_content=&#8221;false&#8221; css=&#8221;.vc_custom_1684024459477{padding-top: 25px !important;padding-bottom: 25px !important;background-color: #d4d4d4 !important;}&#8221;][vc_column][vc_column_text css=&#8221;.vc_custom_1684024419660{margin-bottom: 0px !important;}&#8221;] Um\u00f3w si\u0119 na bezp\u0142atn\u0105 konsultacj\u0119 ze mn\u0105! [\/vc_column_text][\/vc_column][\/vc_row][vc_row css=&#8221;.vc_custom_1688088028017{padding-top: 50px !important;padding-bottom: 50px !important;}&#8221;][vc_column width=&#8221;1\/2&#8243;][vc_column_text css=&#8221;.vc_custom_1640262688615{margin-bottom: 0px !important;}&#8221;] Dlaczego warto wybra\u0107 moje lekcje? [\/vc_column_text][mk_custom_list el_class=&#8221;ul-custom&#8221;] Rozleg\u0142e do\u015bwiadczenie \u2013 praca ze studentami od 2006r &#8211; ponad 3000 uczni\u00f3w Dyplomowany nauczyciel ze stopniem magistra w [&hellip;]<\/p>\n","protected":false},"author":1,"featured_media":0,"parent":0,"menu_order":0,"comment_status":"closed","ping_status":"closed","template":"","meta":{"footnotes":""},"class_list":["post-886","page","type-page","status-publish","hentry"],"yoast_head":"<!-- This site is optimized with the Yoast SEO plugin v27.3 - https:\/\/yoast.com\/product\/yoast-seo-wordpress\/ -->\n<title>Naucz si\u0119 j\u0119zyka angielskiego online \u2013 zapisz si\u0119 ju\u017c dzi\u015b.<\/title>\n<meta name=\"description\" content=\"Zapisz si\u0119 na bezp\u0142atn\u0105 lekcj\u0119 pr\u00f3bn\u0105 ze Stevem \u2013 wykwalifikowanym native speakerem j\u0119zyka angielskiego ze stopniem magistra.\" \/>\n<meta name=\"robots\" content=\"index, follow, max-snippet:-1, max-image-preview:large, max-video-preview:-1\" \/>\n<link rel=\"canonical\" href=\"https:\/\/englishcoachonline.com\/pl\/zapisz-sie\/\" \/>\n<meta property=\"og:locale\" content=\"pl_PL\" \/>\n<meta property=\"og:type\" content=\"article\" \/>\n<meta property=\"og:title\" content=\"Naucz si\u0119 j\u0119zyka angielskiego online \u2013 zapisz si\u0119 ju\u017c dzi\u015b.\" \/>\n<meta property=\"og:description\" content=\"Zapisz si\u0119 na bezp\u0142atn\u0105 lekcj\u0119 pr\u00f3bn\u0105 ze Stevem \u2013 wykwalifikowanym native speakerem j\u0119zyka angielskiego ze stopniem magistra.\" \/>\n<meta property=\"og:url\" content=\"https:\/\/englishcoachonline.com\/pl\/zapisz-sie\/\" \/>\n<meta property=\"og:site_name\" content=\"English Coach Online\" \/>\n<meta property=\"article:publisher\" content=\"https:\/\/www.facebook.com\/pelcenglishcoach\/\" \/>\n<meta property=\"article:modified_time\" content=\"2025-08-11T18:23:38+00:00\" \/>\n<meta property=\"og:image\" content=\"https:\/\/englishcoachonline.com\/wp-content\/uploads\/2017\/12\/steve-kraj-english-skype-lessons-teacher-online-4.jpg\" \/>\n\t<meta property=\"og:image:width\" content=\"1200\" \/>\n\t<meta property=\"og:image:height\" content=\"628\" \/>\n\t<meta property=\"og:image:type\" content=\"image\/jpeg\" \/>\n<meta name=\"twitter:card\" content=\"summary_large_image\" \/>\n<meta name=\"twitter:site\" content=\"@ELTblogger\" \/>\n<meta name=\"twitter:label1\" content=\"Szacowany czas czytania\" \/>\n\t<meta name=\"twitter:data1\" content=\"1 minuta\" \/>\n<script type=\"application\/ld+json\" class=\"yoast-schema-graph\">{\"@context\":\"https:\\\/\\\/schema.org\",\"@graph\":[{\"@type\":\"WebPage\",\"@id\":\"https:\\\/\\\/englishcoachonline.com\\\/pl\\\/zapisz-sie\\\/\",\"url\":\"https:\\\/\\\/englishcoachonline.com\\\/pl\\\/zapisz-sie\\\/\",\"name\":\"Naucz si\u0119 j\u0119zyka angielskiego online \u2013 zapisz si\u0119 ju\u017c dzi\u015b.\",\"isPartOf\":{\"@id\":\"https:\\\/\\\/englishcoachonline.com\\\/#website\"},\"datePublished\":\"2017-11-06T20:01:50+00:00\",\"dateModified\":\"2025-08-11T18:23:38+00:00\",\"description\":\"Zapisz si\u0119 na bezp\u0142atn\u0105 lekcj\u0119 pr\u00f3bn\u0105 ze Stevem \u2013 wykwalifikowanym native speakerem j\u0119zyka angielskiego ze stopniem magistra.\",\"breadcrumb\":{\"@id\":\"https:\\\/\\\/englishcoachonline.com\\\/pl\\\/zapisz-sie\\\/#breadcrumb\"},\"inLanguage\":\"pl-PL\",\"potentialAction\":[{\"@type\":\"ReadAction\",\"target\":[\"https:\\\/\\\/englishcoachonline.com\\\/pl\\\/zapisz-sie\\\/\"]}]},{\"@type\":\"BreadcrumbList\",\"@id\":\"https:\\\/\\\/englishcoachonline.com\\\/pl\\\/zapisz-sie\\\/#breadcrumb\",\"itemListElement\":[{\"@type\":\"ListItem\",\"position\":1,\"name\":\"Home\",\"item\":\"https:\\\/\\\/englishcoachonline.com\\\/pl\\\/\"},{\"@type\":\"ListItem\",\"position\":2,\"name\":\"ZAPISZ SI\u0118\"}]},{\"@type\":\"WebSite\",\"@id\":\"https:\\\/\\\/englishcoachonline.com\\\/#website\",\"url\":\"https:\\\/\\\/englishcoachonline.com\\\/\",\"name\":\"English Coach Online\",\"description\":\"Personalised online English lessons\",\"publisher\":{\"@id\":\"https:\\\/\\\/englishcoachonline.com\\\/#organization\"},\"potentialAction\":[{\"@type\":\"SearchAction\",\"target\":{\"@type\":\"EntryPoint\",\"urlTemplate\":\"https:\\\/\\\/englishcoachonline.com\\\/?s={search_term_string}\"},\"query-input\":{\"@type\":\"PropertyValueSpecification\",\"valueRequired\":true,\"valueName\":\"search_term_string\"}}],\"inLanguage\":\"pl-PL\"},{\"@type\":\"Organization\",\"@id\":\"https:\\\/\\\/englishcoachonline.com\\\/#organization\",\"name\":\"Personalised English Language Courses (PELC)\",\"url\":\"https:\\\/\\\/englishcoachonline.com\\\/\",\"logo\":{\"@type\":\"ImageObject\",\"inLanguage\":\"pl-PL\",\"@id\":\"https:\\\/\\\/englishcoachonline.com\\\/#\\\/schema\\\/logo\\\/image\\\/\",\"url\":\"https:\\\/\\\/englishcoachonline.com\\\/wp-content\\\/uploads\\\/2020\\\/01\\\/pelc-scaled-e1579541418776.jpg\",\"contentUrl\":\"https:\\\/\\\/englishcoachonline.com\\\/wp-content\\\/uploads\\\/2020\\\/01\\\/pelc-scaled-e1579541418776.jpg\",\"width\":1811,\"height\":672,\"caption\":\"Personalised English Language Courses (PELC)\"},\"image\":{\"@id\":\"https:\\\/\\\/englishcoachonline.com\\\/#\\\/schema\\\/logo\\\/image\\\/\"},\"sameAs\":[\"https:\\\/\\\/www.facebook.com\\\/pelcenglishcoach\\\/\",\"https:\\\/\\\/x.com\\\/ELTblogger\",\"https:\\\/\\\/www.linkedin.com\\\/in\\\/steve-komi\\\/\",\"https:\\\/\\\/www.youtube.com\\\/channel\\\/UCFst92augT1KENATnLznlQQ\\\/videos?view_as=subscriber\"]}]}<\/script>\n<!-- \/ Yoast SEO plugin. -->","yoast_head_json":{"title":"Naucz si\u0119 j\u0119zyka angielskiego online \u2013 zapisz si\u0119 ju\u017c dzi\u015b.","description":"Zapisz si\u0119 na bezp\u0142atn\u0105 lekcj\u0119 pr\u00f3bn\u0105 ze Stevem \u2013 wykwalifikowanym native speakerem j\u0119zyka angielskiego ze stopniem magistra.","robots":{"index":"index","follow":"follow","max-snippet":"max-snippet:-1","max-image-preview":"max-image-preview:large","max-video-preview":"max-video-preview:-1"},"canonical":"https:\/\/englishcoachonline.com\/pl\/zapisz-sie\/","og_locale":"pl_PL","og_type":"article","og_title":"Naucz si\u0119 j\u0119zyka angielskiego online \u2013 zapisz si\u0119 ju\u017c dzi\u015b.","og_description":"Zapisz si\u0119 na bezp\u0142atn\u0105 lekcj\u0119 pr\u00f3bn\u0105 ze Stevem \u2013 wykwalifikowanym native speakerem j\u0119zyka angielskiego ze stopniem magistra.","og_url":"https:\/\/englishcoachonline.com\/pl\/zapisz-sie\/","og_site_name":"English Coach Online","article_publisher":"https:\/\/www.facebook.com\/pelcenglishcoach\/","article_modified_time":"2025-08-11T18:23:38+00:00","og_image":[{"width":1200,"height":628,"url":"https:\/\/englishcoachonline.com\/wp-content\/uploads\/2017\/12\/steve-kraj-english-skype-lessons-teacher-online-4.jpg","type":"image\/jpeg"}],"twitter_card":"summary_large_image","twitter_site":"@ELTblogger","twitter_misc":{"Szacowany czas czytania":"1 minuta"},"schema":{"@context":"https:\/\/schema.org","@graph":[{"@type":"WebPage","@id":"https:\/\/englishcoachonline.com\/pl\/zapisz-sie\/","url":"https:\/\/englishcoachonline.com\/pl\/zapisz-sie\/","name":"Naucz si\u0119 j\u0119zyka angielskiego online \u2013 zapisz si\u0119 ju\u017c dzi\u015b.","isPartOf":{"@id":"https:\/\/englishcoachonline.com\/#website"},"datePublished":"2017-11-06T20:01:50+00:00","dateModified":"2025-08-11T18:23:38+00:00","description":"Zapisz si\u0119 na bezp\u0142atn\u0105 lekcj\u0119 pr\u00f3bn\u0105 ze Stevem \u2013 wykwalifikowanym native speakerem j\u0119zyka angielskiego ze stopniem magistra.","breadcrumb":{"@id":"https:\/\/englishcoachonline.com\/pl\/zapisz-sie\/#breadcrumb"},"inLanguage":"pl-PL","potentialAction":[{"@type":"ReadAction","target":["https:\/\/englishcoachonline.com\/pl\/zapisz-sie\/"]}]},{"@type":"BreadcrumbList","@id":"https:\/\/englishcoachonline.com\/pl\/zapisz-sie\/#breadcrumb","itemListElement":[{"@type":"ListItem","position":1,"name":"Home","item":"https:\/\/englishcoachonline.com\/pl\/"},{"@type":"ListItem","position":2,"name":"ZAPISZ SI\u0118"}]},{"@type":"WebSite","@id":"https:\/\/englishcoachonline.com\/#website","url":"https:\/\/englishcoachonline.com\/","name":"English Coach Online","description":"Personalised online English lessons","publisher":{"@id":"https:\/\/englishcoachonline.com\/#organization"},"potentialAction":[{"@type":"SearchAction","target":{"@type":"EntryPoint","urlTemplate":"https:\/\/englishcoachonline.com\/?s={search_term_string}"},"query-input":{"@type":"PropertyValueSpecification","valueRequired":true,"valueName":"search_term_string"}}],"inLanguage":"pl-PL"},{"@type":"Organization","@id":"https:\/\/englishcoachonline.com\/#organization","name":"Personalised English Language Courses (PELC)","url":"https:\/\/englishcoachonline.com\/","logo":{"@type":"ImageObject","inLanguage":"pl-PL","@id":"https:\/\/englishcoachonline.com\/#\/schema\/logo\/image\/","url":"https:\/\/englishcoachonline.com\/wp-content\/uploads\/2020\/01\/pelc-scaled-e1579541418776.jpg","contentUrl":"https:\/\/englishcoachonline.com\/wp-content\/uploads\/2020\/01\/pelc-scaled-e1579541418776.jpg","width":1811,"height":672,"caption":"Personalised English Language Courses (PELC)"},"image":{"@id":"https:\/\/englishcoachonline.com\/#\/schema\/logo\/image\/"},"sameAs":["https:\/\/www.facebook.com\/pelcenglishcoach\/","https:\/\/x.com\/ELTblogger","https:\/\/www.linkedin.com\/in\/steve-komi\/","https:\/\/www.youtube.com\/channel\/UCFst92augT1KENATnLznlQQ\/videos?view_as=subscriber"]}]}},"_links":{"self":[{"href":"https:\/\/englishcoachonline.com\/pl\/wp-json\/wp\/v2\/pages\/886","targetHints":{"allow":["GET"]}}],"collection":[{"href":"https:\/\/englishcoachonline.com\/pl\/wp-json\/wp\/v2\/pages"}],"about":[{"href":"https:\/\/englishcoachonline.com\/pl\/wp-json\/wp\/v2\/types\/page"}],"author":[{"embeddable":true,"href":"https:\/\/englishcoachonline.com\/pl\/wp-json\/wp\/v2\/users\/1"}],"replies":[{"embeddable":true,"href":"https:\/\/englishcoachonline.com\/pl\/wp-json\/wp\/v2\/comments?post=886"}],"version-history":[{"count":16,"href":"https:\/\/englishcoachonline.com\/pl\/wp-json\/wp\/v2\/pages\/886\/revisions"}],"predecessor-version":[{"id":13372,"href":"https:\/\/englishcoachonline.com\/pl\/wp-json\/wp\/v2\/pages\/886\/revisions\/13372"}],"wp:attachment":[{"href":"https:\/\/englishcoachonline.com\/pl\/wp-json\/wp\/v2\/media?parent=886"}],"curies":[{"name":"wp","href":"https:\/\/api.w.org\/{rel}","templated":true}]}}