{"id":892,"date":"2017-11-06T23:12:13","date_gmt":"2017-11-06T21:12:13","guid":{"rendered":"https:\/\/englishcoachonline.com\/?page_id=892\/"},"modified":"2024-12-16T19:25:35","modified_gmt":"2024-12-16T17:25:35","slug":"teksty","status":"publish","type":"page","link":"https:\/\/englishcoachonline.com\/pl\/strategie-nauczania\/teksty\/","title":{"rendered":"Teksty"},"content":{"rendered":"<div class=\"wpb-content-wrapper\">[vc_row css=&#8221;.vc_custom_1501507054932{padding-top: 50px !important;padding-bottom: 50px !important;}&#8221;][vc_column width=&#8221;1\/6&#8243;][vc_column_text][\/vc_column_text][\/vc_column][vc_column width=&#8221;2\/3&#8243;][vc_column_text css=&#8221;.vc_custom_1734369932912{margin-bottom: 0px !important;}&#8221;]\n<h1 style=\"text-align: center;\">Teksty oparte na moich w\u0142asnych do\u015bwiadczeniach i obserwacjach \u015bwiata, kt\u00f3re poszerz\u0105 wasz\u0105 naturalnego j\u0119zyka angielskiego<\/h1>\n[\/vc_column_text][vc_separator color=&#8221;custom&#8221; style=&#8221;shadow&#8221; el_width=&#8221;60&#8243; accent_color=&#8221;#414c56&#8243;][vc_column_text]Pewnego dnia zdecydowa\u0142em, \u017ce odsun\u0119 moich uczni\u00f3w od wymy\u015blonych i nierealistycznych tekst\u00f3w, jakie cz\u0119sto spotyka si\u0119 w podr\u0119cznikach, i sprawi\u0119, \u017ce b\u0119d\u0105 znacznie bli\u017cej nauczyciela, sytuacji z \u017cycia wzi\u0119tych oraz j\u0119zyka i wyra\u017ce\u0144 u\u017cywanych przez native speaker\u00f3w. Dlatego te\u017c sam zacz\u0105\u0142em pisa\u0107 teksty o moim \u017cyciu i pracy za granic\u0105, podr\u00f3\u017cach po \u015bwiecie, wynajmowaniu mieszkania itd.<\/p>\n<p>W por\u00f3wnaniu z wi\u0119kszo\u015bci\u0105 tekst\u00f3w angielskich znalezionych w Internecie teksty PELC s\u0105 cz\u0119sto pisane w pierwszej osobie i bazuj\u0105 na do\u015bwiadczeniach \u017cyciowych. Ich j\u0119zyk przypomina j\u0119zyk m\u00f3wiony, a nie bardziej oficjalny j\u0119zyk pisany. Udaje si\u0119 to osi\u0105gn\u0105\u0107 dzi\u0119ki zaimkom (&#8222;I&#8221; i &#8222;we&#8221;), kolokacjom, czasownikom z\u0142o\u017conym i formom \u015bci\u0105gni\u0119tym (&#8222;I&#8217;ve&#8221; zamiast &#8222;I have&#8221; itd.).<\/p>\n<p>Ze wzgl\u0119du na du\u017c\u0105 r\u00f3\u017cnorodno\u015b\u0107 s\u0142ownictwa, kolokacji i struktur gramatycznych teksty PELC s\u0105 przeznaczone dla uczni\u00f3w b\u0119d\u0105cych na poziomie \u015brednio zaawansowanym (B1 i B2) i zaawansowanym (C1).<\/p>\n<p>W wielu moich tekstach wyra\u017anie prezentuj\u0119 swoje zdanie. Pomaga to uczniom otworzy\u0107 si\u0119 i swobodnie rozmawia\u0107 w reakcji na moje pogl\u0105dy. Dlatego ko\u0144cowym efektem, kt\u00f3ry osi\u0105gam dzi\u0119ki tekstom, jest sk\u0142onienie uczni\u00f3w do swobodnego wypowiadania si\u0119 i obrony swojego zdania.[\/vc_column_text][\/vc_column][vc_column width=&#8221;1\/6&#8243;][\/vc_column][\/vc_row][vc_row css=&#8221;.vc_custom_1501507320397{padding-bottom: 50px !important;}&#8221;][vc_column width=&#8221;1\/6&#8243;][\/vc_column][vc_column width=&#8221;2\/3&#8243; css=&#8221;.vc_custom_1501507036318{padding: 25px !important;background-color: #e5e5e5 !important;border: 1px dashed #a3a3a3 !important;border-radius: 15px !important;}&#8221;][vc_column_text css=&#8221;.vc_custom_1643104179041{margin-bottom: 0px !important;}&#8221;]\n<h2 style=\"text-align: center;\"><strong>Decoration is what you need<\/strong><\/h2>\n<p style=\"text-align: justify;\">Since 2006, I&#8217;ve perhaps viewed over fifty flats for rent in several European countries. I continue to be shocked by\u00a0the <strong style=\"font-size: 16pt;\"><span style=\"color: #666699; font-size: 16pt;\">sheer<\/span> incompetence<\/strong> of <strong style=\"font-size: 16pt;\">landlords<\/strong> to make their<strong style=\"font-size: 16pt;\"> <span style=\"color: #666699; font-size: 16pt;\">properties<\/span> stand out<\/strong> to potential <strong style=\"font-size: 16pt;\">tenants<\/strong>.<\/p>\n<p style=\"text-align: justify;\">Novi Sad, in Serbia, is a \u2018true\u2019 student city, and student accommodation dominates the housing landscape in many of the neighbourhoods here. Flats are relatively cheap to rent in Novi Sad, which means that landlords have little <strong style=\"font-size: 16pt;\">incentive<\/strong> to <strong style=\"font-size: 16pt;\">renovate<\/strong> their properties. However, there will always be high-earners or foreigners willing to pay two hundred and fifty to four hundred euros a month for a <strong style=\"font-size: 16pt;\"><span style=\"color: #666699; font-size: 16pt;\">decent<\/span><\/strong>, <strong style=\"font-size: 16pt;\">well-furnished<\/strong> flat, and that is why landlords should focus on improving the <strong style=\"font-size: 16pt;\">state<\/strong> of their properties.<\/p>\n<p style=\"text-align: justify;\">I&#8217;ve seen quite a few properties in recent months which made me want to <strong style=\"font-size: 16pt;\">throw up<\/strong>. I remember an <strong style=\"font-size: 16pt;\">elderly<\/strong> woman who was trying to <strong style=\"font-size: 16pt;\">rent out<\/strong> a dark and dirty flat, which is in a <strong style=\"font-size: 16pt;\">prime location<\/strong>, for two hundred and fifty euros. You can\u2019t expect to rent out a <strong style=\"font-size: 16pt;\">filthy<\/strong> flat <strong style=\"font-size: 16pt;\">unfit<\/strong> for human <strong style=\"font-size: 16pt;\">habitation<\/strong>\u00a0just because it\u2019s in a <strong style=\"font-size: 16pt;\">desirable<\/strong>\u00a0location. Such <strong style=\"font-size: 16pt;\">poorly maintained<\/strong> flats aren&#8217;t even fit for students <strong style=\"font-size: 16pt;\">on a<\/strong> <strong style=\"font-size: 16pt;\">tight budget<\/strong>.<\/p>\n[\/vc_column_text][vc_empty_space][vc_column_text margin_bottom=&#8221;20&#8243; css=&#8221;.vc_custom_1642146981322{margin-bottom: 20px !important;}&#8221;]\n<h3 style=\"text-align: center;\"><strong>Zwroty i Wyrazy<\/strong><\/h3>\n[\/vc_column_text][mk_custom_list style=&#8221;mk-icon-angle-double-right&#8221; el_class=&#8221;line-height_1-75&#8243;]\n<ul>\n<li><strong>sheer <\/strong>&#8211; complete<\/li>\n<li><strong>incompetence<\/strong> &#8211; lack of skill<\/li>\n<li><strong>landlord<\/strong> &#8211; a man who rents property, a building or land<\/li>\n<li><strong>property<\/strong> &#8211; a building or buildings and the land belonging to it or them<\/li>\n<li><strong>to stand out<\/strong> &#8211; to be noticed more than others as something may be more attractive than something else<\/li>\n<li><strong>tenant<\/strong> &#8211; someone who pays money to a landlord to live in a flat<\/li>\n<li><strong>take over<\/strong> &#8211; begin to dominate<\/li>\n<li><strong>incentive<\/strong> &#8211; a thing that motivates or encourages someone to do something<\/li>\n<li><strong>renovate<\/strong> &#8211; make changes and repairs to a building, flat, room etc<\/li>\n<li><strong>decent<\/strong> &#8211; of a reasonable standard<\/li>\n<li><strong>well-furnished<\/strong> &#8211; a property fitted with attractive or good quality furniture<\/li>\n<li><strong>state<\/strong> = condition<\/li>\n<li><strong>throw up<\/strong> &#8211; be sick<\/li>\n<li><strong>elderly<\/strong> &#8211; (of a person) old or ageing<\/li>\n<li><strong>rent out<\/strong> (a flat) &#8211; landlords provide flats to tenants for a fee<\/li>\n<li><strong>prime location<\/strong> &#8211; of the best quality<\/li>\n<li><strong>filthy <\/strong>&#8211; extremely dirty<\/li>\n<li><strong>unfit<\/strong> &#8211; not of the necessary quality or standard to meet a particular purpose<\/li>\n<li><strong>habitation<\/strong> &#8211; the fact of living in a particular place<\/li>\n<li><strong>desirable<\/strong> &#8211; worth having and wanted by most people<\/li>\n<li><strong>poorly maintained<\/strong> &#8211; not kept in a good condition<\/li>\n<li>(on a) <strong>tight budget<\/strong> &#8211; to not have much money to spend<\/li>\n<\/ul>\n[\/mk_custom_list][\/vc_column][vc_column width=&#8221;1\/6&#8243;][\/vc_column][\/vc_row][vc_row][vc_column width=&#8221;1\/6&#8243;][\/vc_column][vc_column width=&#8221;2\/3&#8243;][vc_column_text css=&#8221;.vc_custom_1640169809437{margin-bottom: 0px !important;}&#8221;]\n<h3><span style=\"font-size: 16pt;\"><strong>Dlaczego teksty PELC s\u0105 unikalne?<\/strong><\/span><\/h3>\n<ul>\n<li>Teksty tematyczne, do kt\u00f3rych b\u0119dziecie mogli nawi\u0105zywa\u0107<\/li>\n<li>Nauczyciel, kt\u00f3ry ch\u0119tnie dzieli si\u0119 swoimi do\u015bwiadczeniami<\/li>\n<li>Podstawa doskona\u0142ej rozmowy, wyra\u017cania opinii i m\u00f3wienia w spokojnych warunkach<\/li>\n<li>Kluczowe wyra\u017cenia i kolokacje cz\u0119sto u\u017cywane przez native speaker\u00f3w j\u0119zyka angielskiego<\/li>\n<li>Uczenie si\u0119 gramatyki przy okazji<\/li>\n<li>Wysokiej jako\u015bci nagrania d\u017awi\u0119kowe KA\u017bDEGO tekstu<\/li>\n<\/ul>\n[\/vc_column_text][\/vc_column][vc_column width=&#8221;1\/6&#8243;][\/vc_column][\/vc_row][vc_row fullwidth=&#8221;true&#8221; fullwidth_content=&#8221;false&#8221; css=&#8221;.vc_custom_1501323442500{padding-top: 80px !important;padding-bottom: 80px !important;background-color: #8f1841 !important;}&#8221;][vc_column][vc_column_text margin_bottom=&#8221;50&#8243;]\n<h2 style=\"text-align: center; color: white;\">Przejd\u017a na wy\u017cszy poziom znajomo\u015bci j\u0119zyka angielskiego!<\/h2>\n[\/vc_column_text][mk_button corner_style=&#8221;full_rounded&#8221; size=&#8221;large&#8221; url=&#8221;\/pl\/enrol&#8221; align=&#8221;center&#8221; margin_top=&#8221;20&#8243; bg_color=&#8221;#ffffff&#8221; text_color=&#8221;dark&#8221;]BEZP\u0141ATNA KONSULTACJA[\/mk_button][\/vc_column][\/vc_row]\n<\/div>","protected":false},"excerpt":{"rendered":"<p>[vc_row css=&#8221;.vc_custom_1501507054932{padding-top: 50px !important;padding-bottom: 50px !important;}&#8221;][vc_column width=&#8221;1\/6&#8243;][vc_column_text][\/vc_column_text][\/vc_column][vc_column width=&#8221;2\/3&#8243;][vc_column_text css=&#8221;.vc_custom_1734369932912{margin-bottom: 0px !important;}&#8221;] Teksty oparte na moich w\u0142asnych do\u015bwiadczeniach i obserwacjach \u015bwiata, kt\u00f3re poszerz\u0105 wasz\u0105 naturalnego j\u0119zyka angielskiego [\/vc_column_text][vc_separator color=&#8221;custom&#8221; style=&#8221;shadow&#8221; el_width=&#8221;60&#8243; accent_color=&#8221;#414c56&#8243;][vc_column_text]Pewnego dnia zdecydowa\u0142em, \u017ce odsun\u0119 moich uczni\u00f3w od wymy\u015blonych i nierealistycznych tekst\u00f3w, jakie cz\u0119sto spotyka si\u0119 w podr\u0119cznikach, i sprawi\u0119, \u017ce b\u0119d\u0105 znacznie bli\u017cej nauczyciela, [&hellip;]<\/p>\n","protected":false},"author":1,"featured_media":0,"parent":861,"menu_order":0,"comment_status":"closed","ping_status":"closed","template":"","meta":{"footnotes":""},"class_list":["post-892","page","type-page","status-publish","hentry"],"yoast_head":"<!-- This site is optimized with the Yoast SEO plugin v27.3 - https:\/\/yoast.com\/product\/yoast-seo-wordpress\/ -->\n<title>Artyku\u0142y Steve&#039;a \u2013 teksty po angielsku, kt\u00f3re si\u0119 wyr\u00f3\u017cniaj\u0105<\/title>\n<meta name=\"description\" content=\"Moje artyku\u0142y sprawi\u0105, \u017ce Twoje lekcje angielskiego przez Skype b\u0119d\u0105 bardziej interaktywne i absorbuj\u0105ce. Sprawd\u017a mnie podczas bezp\u0142atnej lekcji pr\u00f3bnej.\" \/>\n<meta name=\"robots\" content=\"index, follow, max-snippet:-1, max-image-preview:large, max-video-preview:-1\" \/>\n<link rel=\"canonical\" href=\"https:\/\/englishcoachonline.com\/pl\/strategie-nauczania\/teksty\/\" \/>\n<meta property=\"og:locale\" content=\"pl_PL\" \/>\n<meta property=\"og:type\" content=\"article\" \/>\n<meta property=\"og:title\" content=\"Artyku\u0142y Steve&#039;a \u2013 teksty po angielsku, kt\u00f3re si\u0119 wyr\u00f3\u017cniaj\u0105\" \/>\n<meta property=\"og:description\" content=\"Moje artyku\u0142y sprawi\u0105, \u017ce Twoje lekcje angielskiego przez Skype b\u0119d\u0105 bardziej interaktywne i absorbuj\u0105ce. Sprawd\u017a mnie podczas bezp\u0142atnej lekcji pr\u00f3bnej.\" \/>\n<meta property=\"og:url\" content=\"https:\/\/englishcoachonline.com\/pl\/strategie-nauczania\/teksty\/\" \/>\n<meta property=\"og:site_name\" content=\"English Coach Online\" \/>\n<meta property=\"article:publisher\" content=\"https:\/\/www.facebook.com\/pelcenglishcoach\/\" \/>\n<meta property=\"article:modified_time\" content=\"2024-12-16T17:25:35+00:00\" \/>\n<meta property=\"og:image\" content=\"https:\/\/englishcoachonline.com\/wp-content\/uploads\/2017\/12\/steve-kraj-english-skype-lessons-teacher-online-4.jpg\" \/>\n\t<meta property=\"og:image:width\" content=\"1200\" \/>\n\t<meta property=\"og:image:height\" content=\"628\" \/>\n\t<meta property=\"og:image:type\" content=\"image\/jpeg\" \/>\n<meta name=\"twitter:card\" content=\"summary_large_image\" \/>\n<meta name=\"twitter:site\" content=\"@ELTblogger\" \/>\n<meta name=\"twitter:label1\" content=\"Szacowany czas czytania\" \/>\n\t<meta name=\"twitter:data1\" content=\"4 minuty\" \/>\n<script type=\"application\/ld+json\" class=\"yoast-schema-graph\">{\"@context\":\"https:\\\/\\\/schema.org\",\"@graph\":[{\"@type\":\"WebPage\",\"@id\":\"https:\\\/\\\/englishcoachonline.com\\\/pl\\\/strategie-nauczania\\\/teksty\\\/\",\"url\":\"https:\\\/\\\/englishcoachonline.com\\\/pl\\\/strategie-nauczania\\\/teksty\\\/\",\"name\":\"Artyku\u0142y Steve'a \u2013 teksty po angielsku, kt\u00f3re si\u0119 wyr\u00f3\u017cniaj\u0105\",\"isPartOf\":{\"@id\":\"https:\\\/\\\/englishcoachonline.com\\\/#website\"},\"datePublished\":\"2017-11-06T21:12:13+00:00\",\"dateModified\":\"2024-12-16T17:25:35+00:00\",\"description\":\"Moje artyku\u0142y sprawi\u0105, \u017ce Twoje lekcje angielskiego przez Skype b\u0119d\u0105 bardziej interaktywne i absorbuj\u0105ce. Sprawd\u017a mnie podczas bezp\u0142atnej lekcji pr\u00f3bnej.\",\"breadcrumb\":{\"@id\":\"https:\\\/\\\/englishcoachonline.com\\\/pl\\\/strategie-nauczania\\\/teksty\\\/#breadcrumb\"},\"inLanguage\":\"pl-PL\",\"potentialAction\":[{\"@type\":\"ReadAction\",\"target\":[\"https:\\\/\\\/englishcoachonline.com\\\/pl\\\/strategie-nauczania\\\/teksty\\\/\"]}]},{\"@type\":\"BreadcrumbList\",\"@id\":\"https:\\\/\\\/englishcoachonline.com\\\/pl\\\/strategie-nauczania\\\/teksty\\\/#breadcrumb\",\"itemListElement\":[{\"@type\":\"ListItem\",\"position\":1,\"name\":\"Home\",\"item\":\"https:\\\/\\\/englishcoachonline.com\\\/pl\\\/\"},{\"@type\":\"ListItem\",\"position\":2,\"name\":\"METODY NAUCZANIA\",\"item\":\"https:\\\/\\\/englishcoachonline.com\\\/pl\\\/strategie-nauczania\\\/\"},{\"@type\":\"ListItem\",\"position\":3,\"name\":\"Teksty\"}]},{\"@type\":\"WebSite\",\"@id\":\"https:\\\/\\\/englishcoachonline.com\\\/#website\",\"url\":\"https:\\\/\\\/englishcoachonline.com\\\/\",\"name\":\"English Coach Online\",\"description\":\"Personalised online English lessons\",\"publisher\":{\"@id\":\"https:\\\/\\\/englishcoachonline.com\\\/#organization\"},\"potentialAction\":[{\"@type\":\"SearchAction\",\"target\":{\"@type\":\"EntryPoint\",\"urlTemplate\":\"https:\\\/\\\/englishcoachonline.com\\\/?s={search_term_string}\"},\"query-input\":{\"@type\":\"PropertyValueSpecification\",\"valueRequired\":true,\"valueName\":\"search_term_string\"}}],\"inLanguage\":\"pl-PL\"},{\"@type\":\"Organization\",\"@id\":\"https:\\\/\\\/englishcoachonline.com\\\/#organization\",\"name\":\"Personalised English Language Courses (PELC)\",\"url\":\"https:\\\/\\\/englishcoachonline.com\\\/\",\"logo\":{\"@type\":\"ImageObject\",\"inLanguage\":\"pl-PL\",\"@id\":\"https:\\\/\\\/englishcoachonline.com\\\/#\\\/schema\\\/logo\\\/image\\\/\",\"url\":\"https:\\\/\\\/englishcoachonline.com\\\/wp-content\\\/uploads\\\/2020\\\/01\\\/pelc-scaled-e1579541418776.jpg\",\"contentUrl\":\"https:\\\/\\\/englishcoachonline.com\\\/wp-content\\\/uploads\\\/2020\\\/01\\\/pelc-scaled-e1579541418776.jpg\",\"width\":1811,\"height\":672,\"caption\":\"Personalised English Language Courses (PELC)\"},\"image\":{\"@id\":\"https:\\\/\\\/englishcoachonline.com\\\/#\\\/schema\\\/logo\\\/image\\\/\"},\"sameAs\":[\"https:\\\/\\\/www.facebook.com\\\/pelcenglishcoach\\\/\",\"https:\\\/\\\/x.com\\\/ELTblogger\",\"https:\\\/\\\/www.linkedin.com\\\/in\\\/steve-komi\\\/\",\"https:\\\/\\\/www.youtube.com\\\/channel\\\/UCFst92augT1KENATnLznlQQ\\\/videos?view_as=subscriber\"]}]}<\/script>\n<!-- \/ Yoast SEO plugin. -->","yoast_head_json":{"title":"Artyku\u0142y Steve'a \u2013 teksty po angielsku, kt\u00f3re si\u0119 wyr\u00f3\u017cniaj\u0105","description":"Moje artyku\u0142y sprawi\u0105, \u017ce Twoje lekcje angielskiego przez Skype b\u0119d\u0105 bardziej interaktywne i absorbuj\u0105ce. Sprawd\u017a mnie podczas bezp\u0142atnej lekcji pr\u00f3bnej.","robots":{"index":"index","follow":"follow","max-snippet":"max-snippet:-1","max-image-preview":"max-image-preview:large","max-video-preview":"max-video-preview:-1"},"canonical":"https:\/\/englishcoachonline.com\/pl\/strategie-nauczania\/teksty\/","og_locale":"pl_PL","og_type":"article","og_title":"Artyku\u0142y Steve'a \u2013 teksty po angielsku, kt\u00f3re si\u0119 wyr\u00f3\u017cniaj\u0105","og_description":"Moje artyku\u0142y sprawi\u0105, \u017ce Twoje lekcje angielskiego przez Skype b\u0119d\u0105 bardziej interaktywne i absorbuj\u0105ce. Sprawd\u017a mnie podczas bezp\u0142atnej lekcji pr\u00f3bnej.","og_url":"https:\/\/englishcoachonline.com\/pl\/strategie-nauczania\/teksty\/","og_site_name":"English Coach Online","article_publisher":"https:\/\/www.facebook.com\/pelcenglishcoach\/","article_modified_time":"2024-12-16T17:25:35+00:00","og_image":[{"width":1200,"height":628,"url":"https:\/\/englishcoachonline.com\/wp-content\/uploads\/2017\/12\/steve-kraj-english-skype-lessons-teacher-online-4.jpg","type":"image\/jpeg"}],"twitter_card":"summary_large_image","twitter_site":"@ELTblogger","twitter_misc":{"Szacowany czas czytania":"4 minuty"},"schema":{"@context":"https:\/\/schema.org","@graph":[{"@type":"WebPage","@id":"https:\/\/englishcoachonline.com\/pl\/strategie-nauczania\/teksty\/","url":"https:\/\/englishcoachonline.com\/pl\/strategie-nauczania\/teksty\/","name":"Artyku\u0142y Steve'a \u2013 teksty po angielsku, kt\u00f3re si\u0119 wyr\u00f3\u017cniaj\u0105","isPartOf":{"@id":"https:\/\/englishcoachonline.com\/#website"},"datePublished":"2017-11-06T21:12:13+00:00","dateModified":"2024-12-16T17:25:35+00:00","description":"Moje artyku\u0142y sprawi\u0105, \u017ce Twoje lekcje angielskiego przez Skype b\u0119d\u0105 bardziej interaktywne i absorbuj\u0105ce. Sprawd\u017a mnie podczas bezp\u0142atnej lekcji pr\u00f3bnej.","breadcrumb":{"@id":"https:\/\/englishcoachonline.com\/pl\/strategie-nauczania\/teksty\/#breadcrumb"},"inLanguage":"pl-PL","potentialAction":[{"@type":"ReadAction","target":["https:\/\/englishcoachonline.com\/pl\/strategie-nauczania\/teksty\/"]}]},{"@type":"BreadcrumbList","@id":"https:\/\/englishcoachonline.com\/pl\/strategie-nauczania\/teksty\/#breadcrumb","itemListElement":[{"@type":"ListItem","position":1,"name":"Home","item":"https:\/\/englishcoachonline.com\/pl\/"},{"@type":"ListItem","position":2,"name":"METODY NAUCZANIA","item":"https:\/\/englishcoachonline.com\/pl\/strategie-nauczania\/"},{"@type":"ListItem","position":3,"name":"Teksty"}]},{"@type":"WebSite","@id":"https:\/\/englishcoachonline.com\/#website","url":"https:\/\/englishcoachonline.com\/","name":"English Coach Online","description":"Personalised online English lessons","publisher":{"@id":"https:\/\/englishcoachonline.com\/#organization"},"potentialAction":[{"@type":"SearchAction","target":{"@type":"EntryPoint","urlTemplate":"https:\/\/englishcoachonline.com\/?s={search_term_string}"},"query-input":{"@type":"PropertyValueSpecification","valueRequired":true,"valueName":"search_term_string"}}],"inLanguage":"pl-PL"},{"@type":"Organization","@id":"https:\/\/englishcoachonline.com\/#organization","name":"Personalised English Language Courses (PELC)","url":"https:\/\/englishcoachonline.com\/","logo":{"@type":"ImageObject","inLanguage":"pl-PL","@id":"https:\/\/englishcoachonline.com\/#\/schema\/logo\/image\/","url":"https:\/\/englishcoachonline.com\/wp-content\/uploads\/2020\/01\/pelc-scaled-e1579541418776.jpg","contentUrl":"https:\/\/englishcoachonline.com\/wp-content\/uploads\/2020\/01\/pelc-scaled-e1579541418776.jpg","width":1811,"height":672,"caption":"Personalised English Language Courses (PELC)"},"image":{"@id":"https:\/\/englishcoachonline.com\/#\/schema\/logo\/image\/"},"sameAs":["https:\/\/www.facebook.com\/pelcenglishcoach\/","https:\/\/x.com\/ELTblogger","https:\/\/www.linkedin.com\/in\/steve-komi\/","https:\/\/www.youtube.com\/channel\/UCFst92augT1KENATnLznlQQ\/videos?view_as=subscriber"]}]}},"_links":{"self":[{"href":"https:\/\/englishcoachonline.com\/pl\/wp-json\/wp\/v2\/pages\/892","targetHints":{"allow":["GET"]}}],"collection":[{"href":"https:\/\/englishcoachonline.com\/pl\/wp-json\/wp\/v2\/pages"}],"about":[{"href":"https:\/\/englishcoachonline.com\/pl\/wp-json\/wp\/v2\/types\/page"}],"author":[{"embeddable":true,"href":"https:\/\/englishcoachonline.com\/pl\/wp-json\/wp\/v2\/users\/1"}],"replies":[{"embeddable":true,"href":"https:\/\/englishcoachonline.com\/pl\/wp-json\/wp\/v2\/comments?post=892"}],"version-history":[{"count":12,"href":"https:\/\/englishcoachonline.com\/pl\/wp-json\/wp\/v2\/pages\/892\/revisions"}],"predecessor-version":[{"id":11629,"href":"https:\/\/englishcoachonline.com\/pl\/wp-json\/wp\/v2\/pages\/892\/revisions\/11629"}],"up":[{"embeddable":true,"href":"https:\/\/englishcoachonline.com\/pl\/wp-json\/wp\/v2\/pages\/861"}],"wp:attachment":[{"href":"https:\/\/englishcoachonline.com\/pl\/wp-json\/wp\/v2\/media?parent=892"}],"curies":[{"name":"wp","href":"https:\/\/api.w.org\/{rel}","templated":true}]}}